{"id":3003,"date":"2025-12-12T09:48:51","date_gmt":"2025-12-12T09:48:51","guid":{"rendered":"https:\/\/tseu.web1-webheads.temporarywebsiteaddress.com\/lernen-sie\/"},"modified":"2026-01-25T15:00:02","modified_gmt":"2026-01-25T15:00:02","slug":"lernen-sie","status":"publish","type":"page","link":"https:\/\/tseu.web1-webheads.temporarywebsiteaddress.com\/de\/lernen-sie\/","title":{"rendered":"Lernen Sie"},"content":{"rendered":"<h1><strong>Ihr leistungsstarkes,<\/strong> anpassbares <strong>Handelserlebnis<\/strong> beginnt hier<\/h1>\n<p>Handelsplattformen k\u00f6nnen eine steile Lernkurve haben. Das ist kein Problem f\u00fcr Sie. Ihre Neugier und unsere Bildungsressourcen k\u00f6nnen dazu beitragen, dass es ein Kinderspiel wird.  <\/p>\n","protected":false},"excerpt":{"rendered":"<p>Ihr leistungsstarkes, anpassbares Handelserlebnis beginnt hier Handelsplattformen k\u00f6nnen eine steile Lernkurve haben. Das ist kein Problem f\u00fcr Sie. Ihre Neugier und unsere Bildungsressourcen k\u00f6nnen dazu beitragen, dass es ein Kinderspiel wird.<\/p>\n","protected":false},"author":1,"featured_media":3007,"parent":0,"menu_order":6,"comment_status":"closed","ping_status":"closed","template":"","meta":{"_acf_changed":false,"footnotes":""},"class_list":["post-3003","page","type-page","status-publish","has-post-thumbnail","hentry"],"acf":[],"yoast_head":"<!-- This site is optimized with the Yoast SEO plugin v27.5 - https:\/\/yoast.com\/product\/yoast-seo-wordpress\/ -->\n<title>Lernen Sie - TradeStation Born to Trade<\/title>\n<meta name=\"robots\" content=\"noindex, follow, max-snippet:-1, max-image-preview:large, max-video-preview:-1\" \/>\n<meta property=\"og:locale\" content=\"de_DE\" \/>\n<meta property=\"og:type\" content=\"article\" \/>\n<meta property=\"og:title\" content=\"Lernen Sie - TradeStation Born to Trade\" \/>\n<meta property=\"og:description\" content=\"Ihr leistungsstarkes, anpassbares Handelserlebnis beginnt hier Handelsplattformen k\u00f6nnen eine steile Lernkurve haben. Das ist kein Problem f\u00fcr Sie. Ihre Neugier und unsere Bildungsressourcen k\u00f6nnen dazu beitragen, dass es ein Kinderspiel wird.\" \/>\n<meta property=\"og:url\" content=\"https:\/\/tseu.web1-webheads.temporarywebsiteaddress.com\/de\/lernen-sie\/\" \/>\n<meta property=\"og:site_name\" content=\"TradeStation Born to Trade\" \/>\n<meta property=\"article:modified_time\" content=\"2026-01-25T15:00:02+00:00\" \/>\n<meta property=\"og:image\" content=\"https:\/\/tseu.web1-webheads.temporarywebsiteaddress.com\/wp-content\/uploads\/ts-getting-started-hero-2560x480-1.jpg\" \/>\n\t<meta property=\"og:image:width\" content=\"2560\" \/>\n\t<meta property=\"og:image:height\" content=\"594\" \/>\n\t<meta property=\"og:image:type\" content=\"image\/jpeg\" \/>\n<meta name=\"twitter:card\" content=\"summary_large_image\" \/>\n<script type=\"application\/ld+json\" class=\"yoast-schema-graph\">{\"@context\":\"https:\\\/\\\/schema.org\",\"@graph\":[{\"@type\":\"WebPage\",\"@id\":\"https:\\\/\\\/tseu.web1-webheads.temporarywebsiteaddress.com\\\/de\\\/lernen-sie\\\/\",\"url\":\"https:\\\/\\\/tseu.web1-webheads.temporarywebsiteaddress.com\\\/de\\\/lernen-sie\\\/\",\"name\":\"Lernen Sie - TradeStation Born to Trade\",\"isPartOf\":{\"@id\":\"https:\\\/\\\/tseu.web1-webheads.temporarywebsiteaddress.com\\\/de\\\/#website\"},\"primaryImageOfPage\":{\"@id\":\"https:\\\/\\\/tseu.web1-webheads.temporarywebsiteaddress.com\\\/de\\\/lernen-sie\\\/#primaryimage\"},\"image\":{\"@id\":\"https:\\\/\\\/tseu.web1-webheads.temporarywebsiteaddress.com\\\/de\\\/lernen-sie\\\/#primaryimage\"},\"thumbnailUrl\":\"https:\\\/\\\/tseu.web1-webheads.temporarywebsiteaddress.com\\\/wp-content\\\/uploads\\\/ts-getting-started-hero-2560x480-1.jpg\",\"datePublished\":\"2025-12-12T09:48:51+00:00\",\"dateModified\":\"2026-01-25T15:00:02+00:00\",\"breadcrumb\":{\"@id\":\"https:\\\/\\\/tseu.web1-webheads.temporarywebsiteaddress.com\\\/de\\\/lernen-sie\\\/#breadcrumb\"},\"inLanguage\":\"de\",\"potentialAction\":[{\"@type\":\"ReadAction\",\"target\":[\"https:\\\/\\\/tseu.web1-webheads.temporarywebsiteaddress.com\\\/de\\\/lernen-sie\\\/\"]}]},{\"@type\":\"ImageObject\",\"inLanguage\":\"de\",\"@id\":\"https:\\\/\\\/tseu.web1-webheads.temporarywebsiteaddress.com\\\/de\\\/lernen-sie\\\/#primaryimage\",\"url\":\"https:\\\/\\\/tseu.web1-webheads.temporarywebsiteaddress.com\\\/wp-content\\\/uploads\\\/ts-getting-started-hero-2560x480-1.jpg\",\"contentUrl\":\"https:\\\/\\\/tseu.web1-webheads.temporarywebsiteaddress.com\\\/wp-content\\\/uploads\\\/ts-getting-started-hero-2560x480-1.jpg\",\"width\":2560,\"height\":594},{\"@type\":\"BreadcrumbList\",\"@id\":\"https:\\\/\\\/tseu.web1-webheads.temporarywebsiteaddress.com\\\/de\\\/lernen-sie\\\/#breadcrumb\",\"itemListElement\":[{\"@type\":\"ListItem\",\"position\":1,\"name\":\"Startseite\",\"item\":\"https:\\\/\\\/tseu.web1-webheads.temporarywebsiteaddress.com\\\/de\\\/\"},{\"@type\":\"ListItem\",\"position\":2,\"name\":\"Lernen Sie\"}]},{\"@type\":\"WebSite\",\"@id\":\"https:\\\/\\\/tseu.web1-webheads.temporarywebsiteaddress.com\\\/de\\\/#website\",\"url\":\"https:\\\/\\\/tseu.web1-webheads.temporarywebsiteaddress.com\\\/de\\\/\",\"name\":\"TradeStation Born to Trade\",\"description\":\"\",\"potentialAction\":[{\"@type\":\"SearchAction\",\"target\":{\"@type\":\"EntryPoint\",\"urlTemplate\":\"https:\\\/\\\/tseu.web1-webheads.temporarywebsiteaddress.com\\\/de\\\/?s={search_term_string}\"},\"query-input\":{\"@type\":\"PropertyValueSpecification\",\"valueRequired\":true,\"valueName\":\"search_term_string\"}}],\"inLanguage\":\"de\"}]}<\/script>\n<!-- \/ Yoast SEO plugin. -->","yoast_head_json":{"title":"Lernen Sie - TradeStation Born to Trade","robots":{"index":"noindex","follow":"follow","max-snippet":"max-snippet:-1","max-image-preview":"max-image-preview:large","max-video-preview":"max-video-preview:-1"},"og_locale":"de_DE","og_type":"article","og_title":"Lernen Sie - TradeStation Born to Trade","og_description":"Ihr leistungsstarkes, anpassbares Handelserlebnis beginnt hier Handelsplattformen k\u00f6nnen eine steile Lernkurve haben. Das ist kein Problem f\u00fcr Sie. Ihre Neugier und unsere Bildungsressourcen k\u00f6nnen dazu beitragen, dass es ein Kinderspiel wird.","og_url":"https:\/\/tseu.web1-webheads.temporarywebsiteaddress.com\/de\/lernen-sie\/","og_site_name":"TradeStation Born to Trade","article_modified_time":"2026-01-25T15:00:02+00:00","og_image":[{"width":2560,"height":594,"url":"https:\/\/tseu.web1-webheads.temporarywebsiteaddress.com\/wp-content\/uploads\/ts-getting-started-hero-2560x480-1.jpg","type":"image\/jpeg"}],"twitter_card":"summary_large_image","schema":{"@context":"https:\/\/schema.org","@graph":[{"@type":"WebPage","@id":"https:\/\/tseu.web1-webheads.temporarywebsiteaddress.com\/de\/lernen-sie\/","url":"https:\/\/tseu.web1-webheads.temporarywebsiteaddress.com\/de\/lernen-sie\/","name":"Lernen Sie - TradeStation Born to Trade","isPartOf":{"@id":"https:\/\/tseu.web1-webheads.temporarywebsiteaddress.com\/de\/#website"},"primaryImageOfPage":{"@id":"https:\/\/tseu.web1-webheads.temporarywebsiteaddress.com\/de\/lernen-sie\/#primaryimage"},"image":{"@id":"https:\/\/tseu.web1-webheads.temporarywebsiteaddress.com\/de\/lernen-sie\/#primaryimage"},"thumbnailUrl":"https:\/\/tseu.web1-webheads.temporarywebsiteaddress.com\/wp-content\/uploads\/ts-getting-started-hero-2560x480-1.jpg","datePublished":"2025-12-12T09:48:51+00:00","dateModified":"2026-01-25T15:00:02+00:00","breadcrumb":{"@id":"https:\/\/tseu.web1-webheads.temporarywebsiteaddress.com\/de\/lernen-sie\/#breadcrumb"},"inLanguage":"de","potentialAction":[{"@type":"ReadAction","target":["https:\/\/tseu.web1-webheads.temporarywebsiteaddress.com\/de\/lernen-sie\/"]}]},{"@type":"ImageObject","inLanguage":"de","@id":"https:\/\/tseu.web1-webheads.temporarywebsiteaddress.com\/de\/lernen-sie\/#primaryimage","url":"https:\/\/tseu.web1-webheads.temporarywebsiteaddress.com\/wp-content\/uploads\/ts-getting-started-hero-2560x480-1.jpg","contentUrl":"https:\/\/tseu.web1-webheads.temporarywebsiteaddress.com\/wp-content\/uploads\/ts-getting-started-hero-2560x480-1.jpg","width":2560,"height":594},{"@type":"BreadcrumbList","@id":"https:\/\/tseu.web1-webheads.temporarywebsiteaddress.com\/de\/lernen-sie\/#breadcrumb","itemListElement":[{"@type":"ListItem","position":1,"name":"Startseite","item":"https:\/\/tseu.web1-webheads.temporarywebsiteaddress.com\/de\/"},{"@type":"ListItem","position":2,"name":"Lernen Sie"}]},{"@type":"WebSite","@id":"https:\/\/tseu.web1-webheads.temporarywebsiteaddress.com\/de\/#website","url":"https:\/\/tseu.web1-webheads.temporarywebsiteaddress.com\/de\/","name":"TradeStation Born to Trade","description":"","potentialAction":[{"@type":"SearchAction","target":{"@type":"EntryPoint","urlTemplate":"https:\/\/tseu.web1-webheads.temporarywebsiteaddress.com\/de\/?s={search_term_string}"},"query-input":{"@type":"PropertyValueSpecification","valueRequired":true,"valueName":"search_term_string"}}],"inLanguage":"de"}]}},"_links":{"self":[{"href":"https:\/\/tseu.web1-webheads.temporarywebsiteaddress.com\/de\/wp-json\/wp\/v2\/pages\/3003","targetHints":{"allow":["GET"]}}],"collection":[{"href":"https:\/\/tseu.web1-webheads.temporarywebsiteaddress.com\/de\/wp-json\/wp\/v2\/pages"}],"about":[{"href":"https:\/\/tseu.web1-webheads.temporarywebsiteaddress.com\/de\/wp-json\/wp\/v2\/types\/page"}],"author":[{"embeddable":true,"href":"https:\/\/tseu.web1-webheads.temporarywebsiteaddress.com\/de\/wp-json\/wp\/v2\/users\/1"}],"replies":[{"embeddable":true,"href":"https:\/\/tseu.web1-webheads.temporarywebsiteaddress.com\/de\/wp-json\/wp\/v2\/comments?post=3003"}],"version-history":[{"count":1,"href":"https:\/\/tseu.web1-webheads.temporarywebsiteaddress.com\/de\/wp-json\/wp\/v2\/pages\/3003\/revisions"}],"predecessor-version":[{"id":5245,"href":"https:\/\/tseu.web1-webheads.temporarywebsiteaddress.com\/de\/wp-json\/wp\/v2\/pages\/3003\/revisions\/5245"}],"wp:featuredmedia":[{"embeddable":true,"href":"https:\/\/tseu.web1-webheads.temporarywebsiteaddress.com\/de\/wp-json\/wp\/v2\/media\/3007"}],"wp:attachment":[{"href":"https:\/\/tseu.web1-webheads.temporarywebsiteaddress.com\/de\/wp-json\/wp\/v2\/media?parent=3003"}],"curies":[{"name":"wp","href":"https:\/\/api.w.org\/{rel}","templated":true}]}}