{"id":3420,"date":"2025-12-05T12:50:03","date_gmt":"2025-12-05T12:50:03","guid":{"rendered":"https:\/\/tseu.web1-webheads.temporarywebsiteaddress.com\/lernen-sie\/lernen-erste-schritte\/"},"modified":"2025-12-05T12:50:03","modified_gmt":"2025-12-05T12:50:03","slug":"lernen-erste-schritte","status":"publish","type":"page","link":"https:\/\/tseu.web1-webheads.temporarywebsiteaddress.com\/de\/lernen-sie\/lernen-erste-schritte\/","title":{"rendered":"Lernen &#8211; Erste Schritte"},"content":{"rendered":"<h1><strong>Ihr leistungsstarkes,<\/strong> anpassbares <strong>Handelserlebnis<\/strong> beginnt hier<\/h1>\n<p>Handelsplattformen k\u00f6nnen eine steile Lernkurve haben. Das ist kein Problem f\u00fcr Sie. Ihre Neugier und unsere Bildungsressourcen k\u00f6nnen dazu beitragen, dass es ein Kinderspiel wird.  <\/p>\n","protected":false},"excerpt":{"rendered":"<p>Ihr leistungsstarkes, anpassbares Handelserlebnis beginnt hier Handelsplattformen k\u00f6nnen eine steile Lernkurve haben. Das ist kein Problem f\u00fcr Sie. Ihre Neugier und unsere Bildungsressourcen k\u00f6nnen dazu beitragen, dass es ein Kinderspiel wird.<\/p>\n","protected":false},"author":2,"featured_media":3007,"parent":3003,"menu_order":5,"comment_status":"closed","ping_status":"closed","template":"","meta":{"_acf_changed":false,"footnotes":""},"class_list":["post-3420","page","type-page","status-publish","has-post-thumbnail","hentry"],"acf":[],"yoast_head":"<!-- This site is optimized with the Yoast SEO plugin v27.5 - https:\/\/yoast.com\/product\/yoast-seo-wordpress\/ -->\n<title>Lernen - Erste Schritte - TradeStation Born to Trade<\/title>\n<meta name=\"robots\" content=\"noindex, follow, max-snippet:-1, max-image-preview:large, max-video-preview:-1\" \/>\n<meta property=\"og:locale\" content=\"de_DE\" \/>\n<meta property=\"og:type\" content=\"article\" \/>\n<meta property=\"og:title\" content=\"Lernen - Erste Schritte - TradeStation Born to Trade\" \/>\n<meta property=\"og:description\" content=\"Ihr leistungsstarkes, anpassbares Handelserlebnis beginnt hier Handelsplattformen k\u00f6nnen eine steile Lernkurve haben. Das ist kein Problem f\u00fcr Sie. Ihre Neugier und unsere Bildungsressourcen k\u00f6nnen dazu beitragen, dass es ein Kinderspiel wird.\" \/>\n<meta property=\"og:url\" content=\"https:\/\/tseu.web1-webheads.temporarywebsiteaddress.com\/de\/lernen-sie\/lernen-erste-schritte\/\" \/>\n<meta property=\"og:site_name\" content=\"TradeStation Born to Trade\" \/>\n<meta property=\"og:image\" content=\"https:\/\/tseu.web1-webheads.temporarywebsiteaddress.com\/wp-content\/uploads\/ts-getting-started-hero-2560x480-1.jpg\" \/>\n\t<meta property=\"og:image:width\" content=\"2560\" \/>\n\t<meta property=\"og:image:height\" content=\"594\" \/>\n\t<meta property=\"og:image:type\" content=\"image\/jpeg\" \/>\n<meta name=\"twitter:card\" content=\"summary_large_image\" \/>\n<script type=\"application\/ld+json\" class=\"yoast-schema-graph\">{\"@context\":\"https:\\\/\\\/schema.org\",\"@graph\":[{\"@type\":\"WebPage\",\"@id\":\"https:\\\/\\\/tseu.web1-webheads.temporarywebsiteaddress.com\\\/de\\\/lernen-sie\\\/lernen-erste-schritte\\\/\",\"url\":\"https:\\\/\\\/tseu.web1-webheads.temporarywebsiteaddress.com\\\/de\\\/lernen-sie\\\/lernen-erste-schritte\\\/\",\"name\":\"Lernen - Erste Schritte - TradeStation Born to Trade\",\"isPartOf\":{\"@id\":\"https:\\\/\\\/tseu.web1-webheads.temporarywebsiteaddress.com\\\/de\\\/#website\"},\"primaryImageOfPage\":{\"@id\":\"https:\\\/\\\/tseu.web1-webheads.temporarywebsiteaddress.com\\\/de\\\/lernen-sie\\\/lernen-erste-schritte\\\/#primaryimage\"},\"image\":{\"@id\":\"https:\\\/\\\/tseu.web1-webheads.temporarywebsiteaddress.com\\\/de\\\/lernen-sie\\\/lernen-erste-schritte\\\/#primaryimage\"},\"thumbnailUrl\":\"https:\\\/\\\/tseu.web1-webheads.temporarywebsiteaddress.com\\\/wp-content\\\/uploads\\\/ts-getting-started-hero-2560x480-1.jpg\",\"datePublished\":\"2025-12-05T12:50:03+00:00\",\"breadcrumb\":{\"@id\":\"https:\\\/\\\/tseu.web1-webheads.temporarywebsiteaddress.com\\\/de\\\/lernen-sie\\\/lernen-erste-schritte\\\/#breadcrumb\"},\"inLanguage\":\"de\",\"potentialAction\":[{\"@type\":\"ReadAction\",\"target\":[\"https:\\\/\\\/tseu.web1-webheads.temporarywebsiteaddress.com\\\/de\\\/lernen-sie\\\/lernen-erste-schritte\\\/\"]}]},{\"@type\":\"ImageObject\",\"inLanguage\":\"de\",\"@id\":\"https:\\\/\\\/tseu.web1-webheads.temporarywebsiteaddress.com\\\/de\\\/lernen-sie\\\/lernen-erste-schritte\\\/#primaryimage\",\"url\":\"https:\\\/\\\/tseu.web1-webheads.temporarywebsiteaddress.com\\\/wp-content\\\/uploads\\\/ts-getting-started-hero-2560x480-1.jpg\",\"contentUrl\":\"https:\\\/\\\/tseu.web1-webheads.temporarywebsiteaddress.com\\\/wp-content\\\/uploads\\\/ts-getting-started-hero-2560x480-1.jpg\",\"width\":2560,\"height\":594},{\"@type\":\"BreadcrumbList\",\"@id\":\"https:\\\/\\\/tseu.web1-webheads.temporarywebsiteaddress.com\\\/de\\\/lernen-sie\\\/lernen-erste-schritte\\\/#breadcrumb\",\"itemListElement\":[{\"@type\":\"ListItem\",\"position\":1,\"name\":\"Startseite\",\"item\":\"https:\\\/\\\/tseu.web1-webheads.temporarywebsiteaddress.com\\\/de\\\/\"},{\"@type\":\"ListItem\",\"position\":2,\"name\":\"Lernen Sie\",\"item\":\"https:\\\/\\\/tseu.web1-webheads.temporarywebsiteaddress.com\\\/de\\\/learn\\\/\"},{\"@type\":\"ListItem\",\"position\":3,\"name\":\"Lernen &#8211; Erste Schritte\"}]},{\"@type\":\"WebSite\",\"@id\":\"https:\\\/\\\/tseu.web1-webheads.temporarywebsiteaddress.com\\\/de\\\/#website\",\"url\":\"https:\\\/\\\/tseu.web1-webheads.temporarywebsiteaddress.com\\\/de\\\/\",\"name\":\"TradeStation Born to Trade\",\"description\":\"\",\"potentialAction\":[{\"@type\":\"SearchAction\",\"target\":{\"@type\":\"EntryPoint\",\"urlTemplate\":\"https:\\\/\\\/tseu.web1-webheads.temporarywebsiteaddress.com\\\/de\\\/?s={search_term_string}\"},\"query-input\":{\"@type\":\"PropertyValueSpecification\",\"valueRequired\":true,\"valueName\":\"search_term_string\"}}],\"inLanguage\":\"de\"}]}<\/script>\n<!-- \/ Yoast SEO plugin. -->","yoast_head_json":{"title":"Lernen - Erste Schritte - TradeStation Born to Trade","robots":{"index":"noindex","follow":"follow","max-snippet":"max-snippet:-1","max-image-preview":"max-image-preview:large","max-video-preview":"max-video-preview:-1"},"og_locale":"de_DE","og_type":"article","og_title":"Lernen - Erste Schritte - TradeStation Born to Trade","og_description":"Ihr leistungsstarkes, anpassbares Handelserlebnis beginnt hier Handelsplattformen k\u00f6nnen eine steile Lernkurve haben. Das ist kein Problem f\u00fcr Sie. Ihre Neugier und unsere Bildungsressourcen k\u00f6nnen dazu beitragen, dass es ein Kinderspiel wird.","og_url":"https:\/\/tseu.web1-webheads.temporarywebsiteaddress.com\/de\/lernen-sie\/lernen-erste-schritte\/","og_site_name":"TradeStation Born to Trade","og_image":[{"width":2560,"height":594,"url":"https:\/\/tseu.web1-webheads.temporarywebsiteaddress.com\/wp-content\/uploads\/ts-getting-started-hero-2560x480-1.jpg","type":"image\/jpeg"}],"twitter_card":"summary_large_image","schema":{"@context":"https:\/\/schema.org","@graph":[{"@type":"WebPage","@id":"https:\/\/tseu.web1-webheads.temporarywebsiteaddress.com\/de\/lernen-sie\/lernen-erste-schritte\/","url":"https:\/\/tseu.web1-webheads.temporarywebsiteaddress.com\/de\/lernen-sie\/lernen-erste-schritte\/","name":"Lernen - Erste Schritte - TradeStation Born to Trade","isPartOf":{"@id":"https:\/\/tseu.web1-webheads.temporarywebsiteaddress.com\/de\/#website"},"primaryImageOfPage":{"@id":"https:\/\/tseu.web1-webheads.temporarywebsiteaddress.com\/de\/lernen-sie\/lernen-erste-schritte\/#primaryimage"},"image":{"@id":"https:\/\/tseu.web1-webheads.temporarywebsiteaddress.com\/de\/lernen-sie\/lernen-erste-schritte\/#primaryimage"},"thumbnailUrl":"https:\/\/tseu.web1-webheads.temporarywebsiteaddress.com\/wp-content\/uploads\/ts-getting-started-hero-2560x480-1.jpg","datePublished":"2025-12-05T12:50:03+00:00","breadcrumb":{"@id":"https:\/\/tseu.web1-webheads.temporarywebsiteaddress.com\/de\/lernen-sie\/lernen-erste-schritte\/#breadcrumb"},"inLanguage":"de","potentialAction":[{"@type":"ReadAction","target":["https:\/\/tseu.web1-webheads.temporarywebsiteaddress.com\/de\/lernen-sie\/lernen-erste-schritte\/"]}]},{"@type":"ImageObject","inLanguage":"de","@id":"https:\/\/tseu.web1-webheads.temporarywebsiteaddress.com\/de\/lernen-sie\/lernen-erste-schritte\/#primaryimage","url":"https:\/\/tseu.web1-webheads.temporarywebsiteaddress.com\/wp-content\/uploads\/ts-getting-started-hero-2560x480-1.jpg","contentUrl":"https:\/\/tseu.web1-webheads.temporarywebsiteaddress.com\/wp-content\/uploads\/ts-getting-started-hero-2560x480-1.jpg","width":2560,"height":594},{"@type":"BreadcrumbList","@id":"https:\/\/tseu.web1-webheads.temporarywebsiteaddress.com\/de\/lernen-sie\/lernen-erste-schritte\/#breadcrumb","itemListElement":[{"@type":"ListItem","position":1,"name":"Startseite","item":"https:\/\/tseu.web1-webheads.temporarywebsiteaddress.com\/de\/"},{"@type":"ListItem","position":2,"name":"Lernen Sie","item":"https:\/\/tseu.web1-webheads.temporarywebsiteaddress.com\/de\/learn\/"},{"@type":"ListItem","position":3,"name":"Lernen &#8211; Erste Schritte"}]},{"@type":"WebSite","@id":"https:\/\/tseu.web1-webheads.temporarywebsiteaddress.com\/de\/#website","url":"https:\/\/tseu.web1-webheads.temporarywebsiteaddress.com\/de\/","name":"TradeStation Born to Trade","description":"","potentialAction":[{"@type":"SearchAction","target":{"@type":"EntryPoint","urlTemplate":"https:\/\/tseu.web1-webheads.temporarywebsiteaddress.com\/de\/?s={search_term_string}"},"query-input":{"@type":"PropertyValueSpecification","valueRequired":true,"valueName":"search_term_string"}}],"inLanguage":"de"}]}},"_links":{"self":[{"href":"https:\/\/tseu.web1-webheads.temporarywebsiteaddress.com\/de\/wp-json\/wp\/v2\/pages\/3420","targetHints":{"allow":["GET"]}}],"collection":[{"href":"https:\/\/tseu.web1-webheads.temporarywebsiteaddress.com\/de\/wp-json\/wp\/v2\/pages"}],"about":[{"href":"https:\/\/tseu.web1-webheads.temporarywebsiteaddress.com\/de\/wp-json\/wp\/v2\/types\/page"}],"author":[{"embeddable":true,"href":"https:\/\/tseu.web1-webheads.temporarywebsiteaddress.com\/de\/wp-json\/wp\/v2\/users\/2"}],"replies":[{"embeddable":true,"href":"https:\/\/tseu.web1-webheads.temporarywebsiteaddress.com\/de\/wp-json\/wp\/v2\/comments?post=3420"}],"version-history":[{"count":0,"href":"https:\/\/tseu.web1-webheads.temporarywebsiteaddress.com\/de\/wp-json\/wp\/v2\/pages\/3420\/revisions"}],"up":[{"embeddable":true,"href":"https:\/\/tseu.web1-webheads.temporarywebsiteaddress.com\/de\/wp-json\/wp\/v2\/pages\/3003"}],"wp:featuredmedia":[{"embeddable":true,"href":"https:\/\/tseu.web1-webheads.temporarywebsiteaddress.com\/de\/wp-json\/wp\/v2\/media\/3007"}],"wp:attachment":[{"href":"https:\/\/tseu.web1-webheads.temporarywebsiteaddress.com\/de\/wp-json\/wp\/v2\/media?parent=3420"}],"curies":[{"name":"wp","href":"https:\/\/api.w.org\/{rel}","templated":true}]}}