{"id":4091,"date":"2025-08-25T23:20:52","date_gmt":"2025-08-25T23:20:52","guid":{"rendered":"https:\/\/tseu.web1-webheads.temporarywebsiteaddress.com\/institutionell\/familienbueros\/"},"modified":"2025-08-25T23:20:52","modified_gmt":"2025-08-25T23:20:52","slug":"familienbueros","status":"publish","type":"page","link":"https:\/\/tseu.web1-webheads.temporarywebsiteaddress.com\/de\/institutionell\/familienbueros\/","title":{"rendered":"Familienb\u00fcros"},"content":{"rendered":"<p><img loading=\"lazy\" decoding=\"async\" class=\"alignnone wp-image-613 aligncenter\" src=\"https:\/\/tseu.web1-webheads.temporarywebsiteaddress.com\/wp-content\/uploads\/TS-Logo-Service-Institutional-White.webp\" alt=\"\" width=\"290\" height=\"71\" srcset=\"https:\/\/tseu.web1-webheads.temporarywebsiteaddress.com\/wp-content\/uploads\/TS-Logo-Service-Institutional-White.webp 2004w, https:\/\/tseu.web1-webheads.temporarywebsiteaddress.com\/wp-content\/uploads\/TS-Logo-Service-Institutional-White-300x74.webp 300w, https:\/\/tseu.web1-webheads.temporarywebsiteaddress.com\/wp-content\/uploads\/TS-Logo-Service-Institutional-White-1024x251.webp 1024w, https:\/\/tseu.web1-webheads.temporarywebsiteaddress.com\/wp-content\/uploads\/TS-Logo-Service-Institutional-White-768x189.webp 768w, https:\/\/tseu.web1-webheads.temporarywebsiteaddress.com\/wp-content\/uploads\/TS-Logo-Service-Institutional-White-1536x377.webp 1536w\" sizes=\"auto, (max-width: 290px) 100vw, 290px\" \/><\/p>\n<h1 style=\"text-align: center;\">Es geht nicht nur um Geld. Es geht um das Verm\u00e4chtnis. <\/h1>\n<p style=\"text-align: center;\" data-start=\"137\" data-end=\"261\">Wir arbeiten mit Family Offices zusammen, um das zu sch\u00fctzen, zu vergr\u00f6\u00dfern und zu ehren, was seit Generationen aufgebaut wurde.<\/p>\n<p style=\"text-align: center;\" data-start=\"137\" data-end=\"261\"><a class=\"button_cta\" href=\"#module_5\">Kontaktieren Sie unser Institutional Sales Desk<\/a><\/p>\n","protected":false},"excerpt":{"rendered":"<p>Es geht nicht nur um Geld. Es geht um das Verm\u00e4chtnis. Wir arbeiten mit Family Offices zusammen, um das zu sch\u00fctzen, zu vergr\u00f6\u00dfern und zu ehren, was seit Generationen aufgebaut wurde. Kontaktieren Sie unser Institutional Sales Desk<\/p>\n","protected":false},"author":1,"featured_media":858,"parent":1001,"menu_order":2,"comment_status":"closed","ping_status":"closed","template":"","meta":{"_acf_changed":false,"footnotes":""},"class_list":["post-4091","page","type-page","status-publish","has-post-thumbnail","hentry"],"acf":[],"yoast_head":"<!-- This site is optimized with the Yoast SEO plugin v27.5 - https:\/\/yoast.com\/product\/yoast-seo-wordpress\/ -->\n<title>Familienb\u00fcros - TradeStation Born to Trade<\/title>\n<meta name=\"robots\" content=\"noindex, follow, max-snippet:-1, max-image-preview:large, max-video-preview:-1\" \/>\n<meta property=\"og:locale\" content=\"de_DE\" \/>\n<meta property=\"og:type\" content=\"article\" \/>\n<meta property=\"og:title\" content=\"Familienb\u00fcros - TradeStation Born to Trade\" \/>\n<meta property=\"og:description\" content=\"Es geht nicht nur um Geld. Es geht um das Verm\u00e4chtnis. Wir arbeiten mit Family Offices zusammen, um das zu sch\u00fctzen, zu vergr\u00f6\u00dfern und zu ehren, was seit Generationen aufgebaut wurde. Kontaktieren Sie unser Institutional Sales Desk\" \/>\n<meta property=\"og:url\" content=\"https:\/\/tseu.web1-webheads.temporarywebsiteaddress.com\/de\/institutionell\/familienbueros\/\" \/>\n<meta property=\"og:site_name\" content=\"TradeStation Born to Trade\" \/>\n<meta property=\"og:image\" content=\"https:\/\/tseu.web1-webheads.temporarywebsiteaddress.com\/wp-content\/uploads\/ebc94df9b702d6eea64184a8da59cc2635f6cdb8.jpg\" \/>\n\t<meta property=\"og:image:width\" content=\"2160\" \/>\n\t<meta property=\"og:image:height\" content=\"1215\" \/>\n\t<meta property=\"og:image:type\" content=\"image\/jpeg\" \/>\n<meta name=\"twitter:card\" content=\"summary_large_image\" \/>\n<script type=\"application\/ld+json\" class=\"yoast-schema-graph\">{\"@context\":\"https:\\\/\\\/schema.org\",\"@graph\":[{\"@type\":\"WebPage\",\"@id\":\"https:\\\/\\\/tseu.web1-webheads.temporarywebsiteaddress.com\\\/de\\\/institutionell\\\/familienbueros\\\/\",\"url\":\"https:\\\/\\\/tseu.web1-webheads.temporarywebsiteaddress.com\\\/de\\\/institutionell\\\/familienbueros\\\/\",\"name\":\"Familienb\u00fcros - TradeStation Born to Trade\",\"isPartOf\":{\"@id\":\"https:\\\/\\\/tseu.web1-webheads.temporarywebsiteaddress.com\\\/de\\\/#website\"},\"primaryImageOfPage\":{\"@id\":\"https:\\\/\\\/tseu.web1-webheads.temporarywebsiteaddress.com\\\/de\\\/institutionell\\\/familienbueros\\\/#primaryimage\"},\"image\":{\"@id\":\"https:\\\/\\\/tseu.web1-webheads.temporarywebsiteaddress.com\\\/de\\\/institutionell\\\/familienbueros\\\/#primaryimage\"},\"thumbnailUrl\":\"https:\\\/\\\/tseu.web1-webheads.temporarywebsiteaddress.com\\\/wp-content\\\/uploads\\\/ebc94df9b702d6eea64184a8da59cc2635f6cdb8.jpg\",\"datePublished\":\"2025-08-25T23:20:52+00:00\",\"breadcrumb\":{\"@id\":\"https:\\\/\\\/tseu.web1-webheads.temporarywebsiteaddress.com\\\/de\\\/institutionell\\\/familienbueros\\\/#breadcrumb\"},\"inLanguage\":\"de\",\"potentialAction\":[{\"@type\":\"ReadAction\",\"target\":[\"https:\\\/\\\/tseu.web1-webheads.temporarywebsiteaddress.com\\\/de\\\/institutionell\\\/familienbueros\\\/\"]}]},{\"@type\":\"ImageObject\",\"inLanguage\":\"de\",\"@id\":\"https:\\\/\\\/tseu.web1-webheads.temporarywebsiteaddress.com\\\/de\\\/institutionell\\\/familienbueros\\\/#primaryimage\",\"url\":\"https:\\\/\\\/tseu.web1-webheads.temporarywebsiteaddress.com\\\/wp-content\\\/uploads\\\/ebc94df9b702d6eea64184a8da59cc2635f6cdb8.jpg\",\"contentUrl\":\"https:\\\/\\\/tseu.web1-webheads.temporarywebsiteaddress.com\\\/wp-content\\\/uploads\\\/ebc94df9b702d6eea64184a8da59cc2635f6cdb8.jpg\",\"width\":2160,\"height\":1215},{\"@type\":\"BreadcrumbList\",\"@id\":\"https:\\\/\\\/tseu.web1-webheads.temporarywebsiteaddress.com\\\/de\\\/institutionell\\\/familienbueros\\\/#breadcrumb\",\"itemListElement\":[{\"@type\":\"ListItem\",\"position\":1,\"name\":\"Startseite\",\"item\":\"https:\\\/\\\/tseu.web1-webheads.temporarywebsiteaddress.com\\\/de\\\/\"},{\"@type\":\"ListItem\",\"position\":2,\"name\":\"Institutionell\",\"item\":\"https:\\\/\\\/tseu.web1-webheads.temporarywebsiteaddress.com\\\/de\\\/institutionell\\\/\"},{\"@type\":\"ListItem\",\"position\":3,\"name\":\"Familienb\u00fcros\"}]},{\"@type\":\"WebSite\",\"@id\":\"https:\\\/\\\/tseu.web1-webheads.temporarywebsiteaddress.com\\\/de\\\/#website\",\"url\":\"https:\\\/\\\/tseu.web1-webheads.temporarywebsiteaddress.com\\\/de\\\/\",\"name\":\"TradeStation Born to Trade\",\"description\":\"\",\"potentialAction\":[{\"@type\":\"SearchAction\",\"target\":{\"@type\":\"EntryPoint\",\"urlTemplate\":\"https:\\\/\\\/tseu.web1-webheads.temporarywebsiteaddress.com\\\/de\\\/?s={search_term_string}\"},\"query-input\":{\"@type\":\"PropertyValueSpecification\",\"valueRequired\":true,\"valueName\":\"search_term_string\"}}],\"inLanguage\":\"de\"}]}<\/script>\n<!-- \/ Yoast SEO plugin. -->","yoast_head_json":{"title":"Familienb\u00fcros - TradeStation Born to Trade","robots":{"index":"noindex","follow":"follow","max-snippet":"max-snippet:-1","max-image-preview":"max-image-preview:large","max-video-preview":"max-video-preview:-1"},"og_locale":"de_DE","og_type":"article","og_title":"Familienb\u00fcros - TradeStation Born to Trade","og_description":"Es geht nicht nur um Geld. Es geht um das Verm\u00e4chtnis. Wir arbeiten mit Family Offices zusammen, um das zu sch\u00fctzen, zu vergr\u00f6\u00dfern und zu ehren, was seit Generationen aufgebaut wurde. Kontaktieren Sie unser Institutional Sales Desk","og_url":"https:\/\/tseu.web1-webheads.temporarywebsiteaddress.com\/de\/institutionell\/familienbueros\/","og_site_name":"TradeStation Born to Trade","og_image":[{"width":2160,"height":1215,"url":"https:\/\/tseu.web1-webheads.temporarywebsiteaddress.com\/wp-content\/uploads\/ebc94df9b702d6eea64184a8da59cc2635f6cdb8.jpg","type":"image\/jpeg"}],"twitter_card":"summary_large_image","schema":{"@context":"https:\/\/schema.org","@graph":[{"@type":"WebPage","@id":"https:\/\/tseu.web1-webheads.temporarywebsiteaddress.com\/de\/institutionell\/familienbueros\/","url":"https:\/\/tseu.web1-webheads.temporarywebsiteaddress.com\/de\/institutionell\/familienbueros\/","name":"Familienb\u00fcros - TradeStation Born to Trade","isPartOf":{"@id":"https:\/\/tseu.web1-webheads.temporarywebsiteaddress.com\/de\/#website"},"primaryImageOfPage":{"@id":"https:\/\/tseu.web1-webheads.temporarywebsiteaddress.com\/de\/institutionell\/familienbueros\/#primaryimage"},"image":{"@id":"https:\/\/tseu.web1-webheads.temporarywebsiteaddress.com\/de\/institutionell\/familienbueros\/#primaryimage"},"thumbnailUrl":"https:\/\/tseu.web1-webheads.temporarywebsiteaddress.com\/wp-content\/uploads\/ebc94df9b702d6eea64184a8da59cc2635f6cdb8.jpg","datePublished":"2025-08-25T23:20:52+00:00","breadcrumb":{"@id":"https:\/\/tseu.web1-webheads.temporarywebsiteaddress.com\/de\/institutionell\/familienbueros\/#breadcrumb"},"inLanguage":"de","potentialAction":[{"@type":"ReadAction","target":["https:\/\/tseu.web1-webheads.temporarywebsiteaddress.com\/de\/institutionell\/familienbueros\/"]}]},{"@type":"ImageObject","inLanguage":"de","@id":"https:\/\/tseu.web1-webheads.temporarywebsiteaddress.com\/de\/institutionell\/familienbueros\/#primaryimage","url":"https:\/\/tseu.web1-webheads.temporarywebsiteaddress.com\/wp-content\/uploads\/ebc94df9b702d6eea64184a8da59cc2635f6cdb8.jpg","contentUrl":"https:\/\/tseu.web1-webheads.temporarywebsiteaddress.com\/wp-content\/uploads\/ebc94df9b702d6eea64184a8da59cc2635f6cdb8.jpg","width":2160,"height":1215},{"@type":"BreadcrumbList","@id":"https:\/\/tseu.web1-webheads.temporarywebsiteaddress.com\/de\/institutionell\/familienbueros\/#breadcrumb","itemListElement":[{"@type":"ListItem","position":1,"name":"Startseite","item":"https:\/\/tseu.web1-webheads.temporarywebsiteaddress.com\/de\/"},{"@type":"ListItem","position":2,"name":"Institutionell","item":"https:\/\/tseu.web1-webheads.temporarywebsiteaddress.com\/de\/institutionell\/"},{"@type":"ListItem","position":3,"name":"Familienb\u00fcros"}]},{"@type":"WebSite","@id":"https:\/\/tseu.web1-webheads.temporarywebsiteaddress.com\/de\/#website","url":"https:\/\/tseu.web1-webheads.temporarywebsiteaddress.com\/de\/","name":"TradeStation Born to Trade","description":"","potentialAction":[{"@type":"SearchAction","target":{"@type":"EntryPoint","urlTemplate":"https:\/\/tseu.web1-webheads.temporarywebsiteaddress.com\/de\/?s={search_term_string}"},"query-input":{"@type":"PropertyValueSpecification","valueRequired":true,"valueName":"search_term_string"}}],"inLanguage":"de"}]}},"_links":{"self":[{"href":"https:\/\/tseu.web1-webheads.temporarywebsiteaddress.com\/de\/wp-json\/wp\/v2\/pages\/4091","targetHints":{"allow":["GET"]}}],"collection":[{"href":"https:\/\/tseu.web1-webheads.temporarywebsiteaddress.com\/de\/wp-json\/wp\/v2\/pages"}],"about":[{"href":"https:\/\/tseu.web1-webheads.temporarywebsiteaddress.com\/de\/wp-json\/wp\/v2\/types\/page"}],"author":[{"embeddable":true,"href":"https:\/\/tseu.web1-webheads.temporarywebsiteaddress.com\/de\/wp-json\/wp\/v2\/users\/1"}],"replies":[{"embeddable":true,"href":"https:\/\/tseu.web1-webheads.temporarywebsiteaddress.com\/de\/wp-json\/wp\/v2\/comments?post=4091"}],"version-history":[{"count":0,"href":"https:\/\/tseu.web1-webheads.temporarywebsiteaddress.com\/de\/wp-json\/wp\/v2\/pages\/4091\/revisions"}],"up":[{"embeddable":true,"href":"https:\/\/tseu.web1-webheads.temporarywebsiteaddress.com\/de\/wp-json\/wp\/v2\/pages\/1001"}],"wp:featuredmedia":[{"embeddable":true,"href":"https:\/\/tseu.web1-webheads.temporarywebsiteaddress.com\/de\/wp-json\/wp\/v2\/media\/858"}],"wp:attachment":[{"href":"https:\/\/tseu.web1-webheads.temporarywebsiteaddress.com\/de\/wp-json\/wp\/v2\/media?parent=4091"}],"curies":[{"name":"wp","href":"https:\/\/api.w.org\/{rel}","templated":true}]}}