{"id":4373,"date":"2025-08-27T21:45:47","date_gmt":"2025-08-27T21:45:47","guid":{"rendered":"https:\/\/tseu.web1-webheads.temporarywebsiteaddress.com\/service-gebuehren\/"},"modified":"2026-03-06T20:07:12","modified_gmt":"2026-03-06T20:07:12","slug":"service-gebuehren","status":"publish","type":"page","link":"https:\/\/tseu.web1-webheads.temporarywebsiteaddress.com\/de\/service-gebuehren\/","title":{"rendered":"Service-Geb\u00fchren"},"content":{"rendered":"<h1>Die <strong>Servicegeb\u00fchren<\/strong> sollten sich danach richten, wie Sie handeln.<\/h1>\n<p class=\"deck\">Lassen Sie das R\u00e4tselraten hinter sich mit einer transparenten Preisgestaltung der Servicegeb\u00fchren.<\/p>\n<p class=\"p_top_padding\"><a href=\"https:\/\/getstarted2.tradestation.com\/intro\" class=\"button_cta button_cta_white\">Ein Konto er\u00f6ffnen<\/a><\/p>\n","protected":false},"excerpt":{"rendered":"<p>Die Servicegeb\u00fchren sollten sich danach richten, wie Sie handeln. Lassen Sie das R\u00e4tselraten hinter sich mit einer transparenten Preisgestaltung der Servicegeb\u00fchren. Ein Konto er\u00f6ffnen<\/p>\n","protected":false},"author":1,"featured_media":4374,"parent":0,"menu_order":2,"comment_status":"closed","ping_status":"closed","template":"","meta":{"_acf_changed":false,"footnotes":""},"class_list":["post-4373","page","type-page","status-publish","has-post-thumbnail","hentry"],"acf":[],"yoast_head":"<!-- This site is optimized with the Yoast SEO plugin v27.5 - https:\/\/yoast.com\/product\/yoast-seo-wordpress\/ -->\n<title>Service-Geb\u00fchren - TradeStation Born to Trade<\/title>\n<meta name=\"robots\" content=\"noindex, follow, max-snippet:-1, max-image-preview:large, max-video-preview:-1\" \/>\n<meta property=\"og:locale\" content=\"de_DE\" \/>\n<meta property=\"og:type\" content=\"article\" \/>\n<meta property=\"og:title\" content=\"Service-Geb\u00fchren - TradeStation Born to Trade\" \/>\n<meta property=\"og:description\" content=\"Die Servicegeb\u00fchren sollten sich danach richten, wie Sie handeln. Lassen Sie das R\u00e4tselraten hinter sich mit einer transparenten Preisgestaltung der Servicegeb\u00fchren. Ein Konto er\u00f6ffnen\" \/>\n<meta property=\"og:url\" content=\"https:\/\/tseu.web1-webheads.temporarywebsiteaddress.com\/de\/service-gebuehren\/\" \/>\n<meta property=\"og:site_name\" content=\"TradeStation Born to Trade\" \/>\n<meta property=\"article:modified_time\" content=\"2026-03-06T20:07:12+00:00\" \/>\n<meta property=\"og:image\" content=\"https:\/\/tseu.web1-webheads.temporarywebsiteaddress.com\/wp-content\/uploads\/ts-pricing-service-fees-hero-2560x480-1.jpg\" \/>\n\t<meta property=\"og:image:width\" content=\"2560\" \/>\n\t<meta property=\"og:image:height\" content=\"594\" \/>\n\t<meta property=\"og:image:type\" content=\"image\/jpeg\" \/>\n<meta name=\"twitter:card\" content=\"summary_large_image\" \/>\n<script type=\"application\/ld+json\" class=\"yoast-schema-graph\">{\"@context\":\"https:\\\/\\\/schema.org\",\"@graph\":[{\"@type\":\"WebPage\",\"@id\":\"https:\\\/\\\/tseu.web1-webheads.temporarywebsiteaddress.com\\\/de\\\/service-gebuehren\\\/\",\"url\":\"https:\\\/\\\/tseu.web1-webheads.temporarywebsiteaddress.com\\\/de\\\/service-gebuehren\\\/\",\"name\":\"Service-Geb\u00fchren - TradeStation Born to Trade\",\"isPartOf\":{\"@id\":\"https:\\\/\\\/tseu.web1-webheads.temporarywebsiteaddress.com\\\/de\\\/#website\"},\"primaryImageOfPage\":{\"@id\":\"https:\\\/\\\/tseu.web1-webheads.temporarywebsiteaddress.com\\\/de\\\/service-gebuehren\\\/#primaryimage\"},\"image\":{\"@id\":\"https:\\\/\\\/tseu.web1-webheads.temporarywebsiteaddress.com\\\/de\\\/service-gebuehren\\\/#primaryimage\"},\"thumbnailUrl\":\"https:\\\/\\\/tseu.web1-webheads.temporarywebsiteaddress.com\\\/wp-content\\\/uploads\\\/ts-pricing-service-fees-hero-2560x480-1.jpg\",\"datePublished\":\"2025-08-27T21:45:47+00:00\",\"dateModified\":\"2026-03-06T20:07:12+00:00\",\"breadcrumb\":{\"@id\":\"https:\\\/\\\/tseu.web1-webheads.temporarywebsiteaddress.com\\\/de\\\/service-gebuehren\\\/#breadcrumb\"},\"inLanguage\":\"de\",\"potentialAction\":[{\"@type\":\"ReadAction\",\"target\":[\"https:\\\/\\\/tseu.web1-webheads.temporarywebsiteaddress.com\\\/de\\\/service-gebuehren\\\/\"]}]},{\"@type\":\"ImageObject\",\"inLanguage\":\"de\",\"@id\":\"https:\\\/\\\/tseu.web1-webheads.temporarywebsiteaddress.com\\\/de\\\/service-gebuehren\\\/#primaryimage\",\"url\":\"https:\\\/\\\/tseu.web1-webheads.temporarywebsiteaddress.com\\\/wp-content\\\/uploads\\\/ts-pricing-service-fees-hero-2560x480-1.jpg\",\"contentUrl\":\"https:\\\/\\\/tseu.web1-webheads.temporarywebsiteaddress.com\\\/wp-content\\\/uploads\\\/ts-pricing-service-fees-hero-2560x480-1.jpg\",\"width\":2560,\"height\":594},{\"@type\":\"BreadcrumbList\",\"@id\":\"https:\\\/\\\/tseu.web1-webheads.temporarywebsiteaddress.com\\\/de\\\/service-gebuehren\\\/#breadcrumb\",\"itemListElement\":[{\"@type\":\"ListItem\",\"position\":1,\"name\":\"Startseite\",\"item\":\"https:\\\/\\\/tseu.web1-webheads.temporarywebsiteaddress.com\\\/de\\\/\"},{\"@type\":\"ListItem\",\"position\":2,\"name\":\"Service-Geb\u00fchren\"}]},{\"@type\":\"WebSite\",\"@id\":\"https:\\\/\\\/tseu.web1-webheads.temporarywebsiteaddress.com\\\/de\\\/#website\",\"url\":\"https:\\\/\\\/tseu.web1-webheads.temporarywebsiteaddress.com\\\/de\\\/\",\"name\":\"TradeStation Born to Trade\",\"description\":\"\",\"potentialAction\":[{\"@type\":\"SearchAction\",\"target\":{\"@type\":\"EntryPoint\",\"urlTemplate\":\"https:\\\/\\\/tseu.web1-webheads.temporarywebsiteaddress.com\\\/de\\\/?s={search_term_string}\"},\"query-input\":{\"@type\":\"PropertyValueSpecification\",\"valueRequired\":true,\"valueName\":\"search_term_string\"}}],\"inLanguage\":\"de\"}]}<\/script>\n<!-- \/ Yoast SEO plugin. -->","yoast_head_json":{"title":"Service-Geb\u00fchren - TradeStation Born to Trade","robots":{"index":"noindex","follow":"follow","max-snippet":"max-snippet:-1","max-image-preview":"max-image-preview:large","max-video-preview":"max-video-preview:-1"},"og_locale":"de_DE","og_type":"article","og_title":"Service-Geb\u00fchren - TradeStation Born to Trade","og_description":"Die Servicegeb\u00fchren sollten sich danach richten, wie Sie handeln. Lassen Sie das R\u00e4tselraten hinter sich mit einer transparenten Preisgestaltung der Servicegeb\u00fchren. Ein Konto er\u00f6ffnen","og_url":"https:\/\/tseu.web1-webheads.temporarywebsiteaddress.com\/de\/service-gebuehren\/","og_site_name":"TradeStation Born to Trade","article_modified_time":"2026-03-06T20:07:12+00:00","og_image":[{"width":2560,"height":594,"url":"https:\/\/tseu.web1-webheads.temporarywebsiteaddress.com\/wp-content\/uploads\/ts-pricing-service-fees-hero-2560x480-1.jpg","type":"image\/jpeg"}],"twitter_card":"summary_large_image","schema":{"@context":"https:\/\/schema.org","@graph":[{"@type":"WebPage","@id":"https:\/\/tseu.web1-webheads.temporarywebsiteaddress.com\/de\/service-gebuehren\/","url":"https:\/\/tseu.web1-webheads.temporarywebsiteaddress.com\/de\/service-gebuehren\/","name":"Service-Geb\u00fchren - TradeStation Born to Trade","isPartOf":{"@id":"https:\/\/tseu.web1-webheads.temporarywebsiteaddress.com\/de\/#website"},"primaryImageOfPage":{"@id":"https:\/\/tseu.web1-webheads.temporarywebsiteaddress.com\/de\/service-gebuehren\/#primaryimage"},"image":{"@id":"https:\/\/tseu.web1-webheads.temporarywebsiteaddress.com\/de\/service-gebuehren\/#primaryimage"},"thumbnailUrl":"https:\/\/tseu.web1-webheads.temporarywebsiteaddress.com\/wp-content\/uploads\/ts-pricing-service-fees-hero-2560x480-1.jpg","datePublished":"2025-08-27T21:45:47+00:00","dateModified":"2026-03-06T20:07:12+00:00","breadcrumb":{"@id":"https:\/\/tseu.web1-webheads.temporarywebsiteaddress.com\/de\/service-gebuehren\/#breadcrumb"},"inLanguage":"de","potentialAction":[{"@type":"ReadAction","target":["https:\/\/tseu.web1-webheads.temporarywebsiteaddress.com\/de\/service-gebuehren\/"]}]},{"@type":"ImageObject","inLanguage":"de","@id":"https:\/\/tseu.web1-webheads.temporarywebsiteaddress.com\/de\/service-gebuehren\/#primaryimage","url":"https:\/\/tseu.web1-webheads.temporarywebsiteaddress.com\/wp-content\/uploads\/ts-pricing-service-fees-hero-2560x480-1.jpg","contentUrl":"https:\/\/tseu.web1-webheads.temporarywebsiteaddress.com\/wp-content\/uploads\/ts-pricing-service-fees-hero-2560x480-1.jpg","width":2560,"height":594},{"@type":"BreadcrumbList","@id":"https:\/\/tseu.web1-webheads.temporarywebsiteaddress.com\/de\/service-gebuehren\/#breadcrumb","itemListElement":[{"@type":"ListItem","position":1,"name":"Startseite","item":"https:\/\/tseu.web1-webheads.temporarywebsiteaddress.com\/de\/"},{"@type":"ListItem","position":2,"name":"Service-Geb\u00fchren"}]},{"@type":"WebSite","@id":"https:\/\/tseu.web1-webheads.temporarywebsiteaddress.com\/de\/#website","url":"https:\/\/tseu.web1-webheads.temporarywebsiteaddress.com\/de\/","name":"TradeStation Born to Trade","description":"","potentialAction":[{"@type":"SearchAction","target":{"@type":"EntryPoint","urlTemplate":"https:\/\/tseu.web1-webheads.temporarywebsiteaddress.com\/de\/?s={search_term_string}"},"query-input":{"@type":"PropertyValueSpecification","valueRequired":true,"valueName":"search_term_string"}}],"inLanguage":"de"}]}},"_links":{"self":[{"href":"https:\/\/tseu.web1-webheads.temporarywebsiteaddress.com\/de\/wp-json\/wp\/v2\/pages\/4373","targetHints":{"allow":["GET"]}}],"collection":[{"href":"https:\/\/tseu.web1-webheads.temporarywebsiteaddress.com\/de\/wp-json\/wp\/v2\/pages"}],"about":[{"href":"https:\/\/tseu.web1-webheads.temporarywebsiteaddress.com\/de\/wp-json\/wp\/v2\/types\/page"}],"author":[{"embeddable":true,"href":"https:\/\/tseu.web1-webheads.temporarywebsiteaddress.com\/de\/wp-json\/wp\/v2\/users\/1"}],"replies":[{"embeddable":true,"href":"https:\/\/tseu.web1-webheads.temporarywebsiteaddress.com\/de\/wp-json\/wp\/v2\/comments?post=4373"}],"version-history":[{"count":1,"href":"https:\/\/tseu.web1-webheads.temporarywebsiteaddress.com\/de\/wp-json\/wp\/v2\/pages\/4373\/revisions"}],"predecessor-version":[{"id":5239,"href":"https:\/\/tseu.web1-webheads.temporarywebsiteaddress.com\/de\/wp-json\/wp\/v2\/pages\/4373\/revisions\/5239"}],"wp:featuredmedia":[{"embeddable":true,"href":"https:\/\/tseu.web1-webheads.temporarywebsiteaddress.com\/de\/wp-json\/wp\/v2\/media\/4374"}],"wp:attachment":[{"href":"https:\/\/tseu.web1-webheads.temporarywebsiteaddress.com\/de\/wp-json\/wp\/v2\/media?parent=4373"}],"curies":[{"name":"wp","href":"https:\/\/api.w.org\/{rel}","templated":true}]}}