{"id":4832,"date":"2025-08-23T13:47:31","date_gmt":"2025-08-23T13:47:31","guid":{"rendered":"https:\/\/tseu.web1-webheads.temporarywebsiteaddress.com\/plattformen-tools\/tools-von-drittanbietern\/"},"modified":"2026-01-24T20:51:48","modified_gmt":"2026-01-24T20:51:48","slug":"tools-von-drittanbietern","status":"publish","type":"page","link":"https:\/\/tseu.web1-webheads.temporarywebsiteaddress.com\/de\/plattformen-tools\/tools-von-drittanbietern\/","title":{"rendered":"Tools von Drittanbietern"},"content":{"rendered":"<h1><strong>Anpassung<\/strong> durch Integration<\/h1>\n<p>Handeln Sie Ihren Weg in unserem \u00d6kosystem, indem Sie spezialisierte Tools von Drittanbietern mit den zuverl\u00e4ssigen Brokerage-Services von TradeStation kombinieren.<\/p>\n<p><a href=\"https:\/\/getstarted2.tradestation.com\/intro\" target=\"_blank\" class=\"button_cta button_cta_white\" rel=\"noopener\">Ein Konto er\u00f6ffnen<\/a><\/p>\n","protected":false},"excerpt":{"rendered":"<p>Anpassung durch Integration Handeln Sie Ihren Weg in unserem \u00d6kosystem, indem Sie spezialisierte Tools von Drittanbietern mit den zuverl\u00e4ssigen Brokerage-Services von TradeStation kombinieren. Ein Konto er\u00f6ffnen<\/p>\n","protected":false},"author":1,"featured_media":4833,"parent":4390,"menu_order":8,"comment_status":"closed","ping_status":"closed","template":"","meta":{"_acf_changed":false,"footnotes":""},"class_list":["post-4832","page","type-page","status-publish","has-post-thumbnail","hentry"],"acf":[],"yoast_head":"<!-- This site is optimized with the Yoast SEO plugin v27.5 - https:\/\/yoast.com\/product\/yoast-seo-wordpress\/ -->\n<title>Tools von Drittanbietern - TradeStation Born to Trade<\/title>\n<meta name=\"robots\" content=\"noindex, follow, max-snippet:-1, max-image-preview:large, max-video-preview:-1\" \/>\n<meta property=\"og:locale\" content=\"de_DE\" \/>\n<meta property=\"og:type\" content=\"article\" \/>\n<meta property=\"og:title\" content=\"Tools von Drittanbietern - TradeStation Born to Trade\" \/>\n<meta property=\"og:description\" content=\"Anpassung durch Integration Handeln Sie Ihren Weg in unserem \u00d6kosystem, indem Sie spezialisierte Tools von Drittanbietern mit den zuverl\u00e4ssigen Brokerage-Services von TradeStation kombinieren. Ein Konto er\u00f6ffnen\" \/>\n<meta property=\"og:url\" content=\"https:\/\/tseu.web1-webheads.temporarywebsiteaddress.com\/de\/plattformen-tools\/tools-von-drittanbietern\/\" \/>\n<meta property=\"og:site_name\" content=\"TradeStation Born to Trade\" \/>\n<meta property=\"article:modified_time\" content=\"2026-01-24T20:51:48+00:00\" \/>\n<meta property=\"og:image\" content=\"https:\/\/tseu.web1-webheads.temporarywebsiteaddress.com\/wp-content\/uploads\/738d7aac812fad999192a4044a82ac2ec7d5127f.jpg\" \/>\n\t<meta property=\"og:image:width\" content=\"2560\" \/>\n\t<meta property=\"og:image:height\" content=\"594\" \/>\n\t<meta property=\"og:image:type\" content=\"image\/jpeg\" \/>\n<meta name=\"twitter:card\" content=\"summary_large_image\" \/>\n<script type=\"application\/ld+json\" class=\"yoast-schema-graph\">{\"@context\":\"https:\\\/\\\/schema.org\",\"@graph\":[{\"@type\":\"WebPage\",\"@id\":\"https:\\\/\\\/tseu.web1-webheads.temporarywebsiteaddress.com\\\/de\\\/plattformen-tools\\\/tools-von-drittanbietern\\\/\",\"url\":\"https:\\\/\\\/tseu.web1-webheads.temporarywebsiteaddress.com\\\/de\\\/plattformen-tools\\\/tools-von-drittanbietern\\\/\",\"name\":\"Tools von Drittanbietern - TradeStation Born to Trade\",\"isPartOf\":{\"@id\":\"https:\\\/\\\/tseu.web1-webheads.temporarywebsiteaddress.com\\\/de\\\/#website\"},\"primaryImageOfPage\":{\"@id\":\"https:\\\/\\\/tseu.web1-webheads.temporarywebsiteaddress.com\\\/de\\\/plattformen-tools\\\/tools-von-drittanbietern\\\/#primaryimage\"},\"image\":{\"@id\":\"https:\\\/\\\/tseu.web1-webheads.temporarywebsiteaddress.com\\\/de\\\/plattformen-tools\\\/tools-von-drittanbietern\\\/#primaryimage\"},\"thumbnailUrl\":\"https:\\\/\\\/tseu.web1-webheads.temporarywebsiteaddress.com\\\/wp-content\\\/uploads\\\/738d7aac812fad999192a4044a82ac2ec7d5127f.jpg\",\"datePublished\":\"2025-08-23T13:47:31+00:00\",\"dateModified\":\"2026-01-24T20:51:48+00:00\",\"breadcrumb\":{\"@id\":\"https:\\\/\\\/tseu.web1-webheads.temporarywebsiteaddress.com\\\/de\\\/plattformen-tools\\\/tools-von-drittanbietern\\\/#breadcrumb\"},\"inLanguage\":\"de\",\"potentialAction\":[{\"@type\":\"ReadAction\",\"target\":[\"https:\\\/\\\/tseu.web1-webheads.temporarywebsiteaddress.com\\\/de\\\/plattformen-tools\\\/tools-von-drittanbietern\\\/\"]}]},{\"@type\":\"ImageObject\",\"inLanguage\":\"de\",\"@id\":\"https:\\\/\\\/tseu.web1-webheads.temporarywebsiteaddress.com\\\/de\\\/plattformen-tools\\\/tools-von-drittanbietern\\\/#primaryimage\",\"url\":\"https:\\\/\\\/tseu.web1-webheads.temporarywebsiteaddress.com\\\/wp-content\\\/uploads\\\/738d7aac812fad999192a4044a82ac2ec7d5127f.jpg\",\"contentUrl\":\"https:\\\/\\\/tseu.web1-webheads.temporarywebsiteaddress.com\\\/wp-content\\\/uploads\\\/738d7aac812fad999192a4044a82ac2ec7d5127f.jpg\",\"width\":2560,\"height\":594},{\"@type\":\"BreadcrumbList\",\"@id\":\"https:\\\/\\\/tseu.web1-webheads.temporarywebsiteaddress.com\\\/de\\\/plattformen-tools\\\/tools-von-drittanbietern\\\/#breadcrumb\",\"itemListElement\":[{\"@type\":\"ListItem\",\"position\":1,\"name\":\"Startseite\",\"item\":\"https:\\\/\\\/tseu.web1-webheads.temporarywebsiteaddress.com\\\/de\\\/\"},{\"@type\":\"ListItem\",\"position\":2,\"name\":\"Plattformen &amp; Tools\",\"item\":\"https:\\\/\\\/tseu.web1-webheads.temporarywebsiteaddress.com\\\/de\\\/plattformen-tools\\\/\"},{\"@type\":\"ListItem\",\"position\":3,\"name\":\"Tools von Drittanbietern\"}]},{\"@type\":\"WebSite\",\"@id\":\"https:\\\/\\\/tseu.web1-webheads.temporarywebsiteaddress.com\\\/de\\\/#website\",\"url\":\"https:\\\/\\\/tseu.web1-webheads.temporarywebsiteaddress.com\\\/de\\\/\",\"name\":\"TradeStation Born to Trade\",\"description\":\"\",\"potentialAction\":[{\"@type\":\"SearchAction\",\"target\":{\"@type\":\"EntryPoint\",\"urlTemplate\":\"https:\\\/\\\/tseu.web1-webheads.temporarywebsiteaddress.com\\\/de\\\/?s={search_term_string}\"},\"query-input\":{\"@type\":\"PropertyValueSpecification\",\"valueRequired\":true,\"valueName\":\"search_term_string\"}}],\"inLanguage\":\"de\"}]}<\/script>\n<!-- \/ Yoast SEO plugin. -->","yoast_head_json":{"title":"Tools von Drittanbietern - TradeStation Born to Trade","robots":{"index":"noindex","follow":"follow","max-snippet":"max-snippet:-1","max-image-preview":"max-image-preview:large","max-video-preview":"max-video-preview:-1"},"og_locale":"de_DE","og_type":"article","og_title":"Tools von Drittanbietern - TradeStation Born to Trade","og_description":"Anpassung durch Integration Handeln Sie Ihren Weg in unserem \u00d6kosystem, indem Sie spezialisierte Tools von Drittanbietern mit den zuverl\u00e4ssigen Brokerage-Services von TradeStation kombinieren. Ein Konto er\u00f6ffnen","og_url":"https:\/\/tseu.web1-webheads.temporarywebsiteaddress.com\/de\/plattformen-tools\/tools-von-drittanbietern\/","og_site_name":"TradeStation Born to Trade","article_modified_time":"2026-01-24T20:51:48+00:00","og_image":[{"width":2560,"height":594,"url":"https:\/\/tseu.web1-webheads.temporarywebsiteaddress.com\/wp-content\/uploads\/738d7aac812fad999192a4044a82ac2ec7d5127f.jpg","type":"image\/jpeg"}],"twitter_card":"summary_large_image","schema":{"@context":"https:\/\/schema.org","@graph":[{"@type":"WebPage","@id":"https:\/\/tseu.web1-webheads.temporarywebsiteaddress.com\/de\/plattformen-tools\/tools-von-drittanbietern\/","url":"https:\/\/tseu.web1-webheads.temporarywebsiteaddress.com\/de\/plattformen-tools\/tools-von-drittanbietern\/","name":"Tools von Drittanbietern - TradeStation Born to Trade","isPartOf":{"@id":"https:\/\/tseu.web1-webheads.temporarywebsiteaddress.com\/de\/#website"},"primaryImageOfPage":{"@id":"https:\/\/tseu.web1-webheads.temporarywebsiteaddress.com\/de\/plattformen-tools\/tools-von-drittanbietern\/#primaryimage"},"image":{"@id":"https:\/\/tseu.web1-webheads.temporarywebsiteaddress.com\/de\/plattformen-tools\/tools-von-drittanbietern\/#primaryimage"},"thumbnailUrl":"https:\/\/tseu.web1-webheads.temporarywebsiteaddress.com\/wp-content\/uploads\/738d7aac812fad999192a4044a82ac2ec7d5127f.jpg","datePublished":"2025-08-23T13:47:31+00:00","dateModified":"2026-01-24T20:51:48+00:00","breadcrumb":{"@id":"https:\/\/tseu.web1-webheads.temporarywebsiteaddress.com\/de\/plattformen-tools\/tools-von-drittanbietern\/#breadcrumb"},"inLanguage":"de","potentialAction":[{"@type":"ReadAction","target":["https:\/\/tseu.web1-webheads.temporarywebsiteaddress.com\/de\/plattformen-tools\/tools-von-drittanbietern\/"]}]},{"@type":"ImageObject","inLanguage":"de","@id":"https:\/\/tseu.web1-webheads.temporarywebsiteaddress.com\/de\/plattformen-tools\/tools-von-drittanbietern\/#primaryimage","url":"https:\/\/tseu.web1-webheads.temporarywebsiteaddress.com\/wp-content\/uploads\/738d7aac812fad999192a4044a82ac2ec7d5127f.jpg","contentUrl":"https:\/\/tseu.web1-webheads.temporarywebsiteaddress.com\/wp-content\/uploads\/738d7aac812fad999192a4044a82ac2ec7d5127f.jpg","width":2560,"height":594},{"@type":"BreadcrumbList","@id":"https:\/\/tseu.web1-webheads.temporarywebsiteaddress.com\/de\/plattformen-tools\/tools-von-drittanbietern\/#breadcrumb","itemListElement":[{"@type":"ListItem","position":1,"name":"Startseite","item":"https:\/\/tseu.web1-webheads.temporarywebsiteaddress.com\/de\/"},{"@type":"ListItem","position":2,"name":"Plattformen &amp; Tools","item":"https:\/\/tseu.web1-webheads.temporarywebsiteaddress.com\/de\/plattformen-tools\/"},{"@type":"ListItem","position":3,"name":"Tools von Drittanbietern"}]},{"@type":"WebSite","@id":"https:\/\/tseu.web1-webheads.temporarywebsiteaddress.com\/de\/#website","url":"https:\/\/tseu.web1-webheads.temporarywebsiteaddress.com\/de\/","name":"TradeStation Born to Trade","description":"","potentialAction":[{"@type":"SearchAction","target":{"@type":"EntryPoint","urlTemplate":"https:\/\/tseu.web1-webheads.temporarywebsiteaddress.com\/de\/?s={search_term_string}"},"query-input":{"@type":"PropertyValueSpecification","valueRequired":true,"valueName":"search_term_string"}}],"inLanguage":"de"}]}},"_links":{"self":[{"href":"https:\/\/tseu.web1-webheads.temporarywebsiteaddress.com\/de\/wp-json\/wp\/v2\/pages\/4832","targetHints":{"allow":["GET"]}}],"collection":[{"href":"https:\/\/tseu.web1-webheads.temporarywebsiteaddress.com\/de\/wp-json\/wp\/v2\/pages"}],"about":[{"href":"https:\/\/tseu.web1-webheads.temporarywebsiteaddress.com\/de\/wp-json\/wp\/v2\/types\/page"}],"author":[{"embeddable":true,"href":"https:\/\/tseu.web1-webheads.temporarywebsiteaddress.com\/de\/wp-json\/wp\/v2\/users\/1"}],"replies":[{"embeddable":true,"href":"https:\/\/tseu.web1-webheads.temporarywebsiteaddress.com\/de\/wp-json\/wp\/v2\/comments?post=4832"}],"version-history":[{"count":1,"href":"https:\/\/tseu.web1-webheads.temporarywebsiteaddress.com\/de\/wp-json\/wp\/v2\/pages\/4832\/revisions"}],"predecessor-version":[{"id":5147,"href":"https:\/\/tseu.web1-webheads.temporarywebsiteaddress.com\/de\/wp-json\/wp\/v2\/pages\/4832\/revisions\/5147"}],"up":[{"embeddable":true,"href":"https:\/\/tseu.web1-webheads.temporarywebsiteaddress.com\/de\/wp-json\/wp\/v2\/pages\/4390"}],"wp:featuredmedia":[{"embeddable":true,"href":"https:\/\/tseu.web1-webheads.temporarywebsiteaddress.com\/de\/wp-json\/wp\/v2\/media\/4833"}],"wp:attachment":[{"href":"https:\/\/tseu.web1-webheads.temporarywebsiteaddress.com\/de\/wp-json\/wp\/v2\/media?parent=4832"}],"curies":[{"name":"wp","href":"https:\/\/api.w.org\/{rel}","templated":true}]}}