{"id":1070,"date":"2025-09-01T20:03:31","date_gmt":"2025-09-01T20:03:31","guid":{"rendered":"https:\/\/tseu.web1-webheads.temporarywebsiteaddress.com\/?page_id=1070"},"modified":"2026-01-09T12:07:21","modified_gmt":"2026-01-09T12:07:21","slug":"fondos-especulativos-2","status":"publish","type":"page","link":"https:\/\/tseu.web1-webheads.temporarywebsiteaddress.com\/es\/institucional\/fondos-especulativos-2\/","title":{"rendered":"A qui\u00e9n servimos"},"content":{"rendered":"<p><img loading=\"lazy\" decoding=\"async\" class=\"alignnone wp-image-613 aligncenter\" src=\"https:\/\/tseu.web1-webheads.temporarywebsiteaddress.com\/wp-content\/uploads\/TS-Logo-Service-Institutional-White.webp\" alt=\"\" width=\"290\" height=\"71\" srcset=\"https:\/\/tseu.web1-webheads.temporarywebsiteaddress.com\/wp-content\/uploads\/TS-Logo-Service-Institutional-White.webp 2004w, https:\/\/tseu.web1-webheads.temporarywebsiteaddress.com\/wp-content\/uploads\/TS-Logo-Service-Institutional-White-300x74.webp 300w, https:\/\/tseu.web1-webheads.temporarywebsiteaddress.com\/wp-content\/uploads\/TS-Logo-Service-Institutional-White-1024x251.webp 1024w, https:\/\/tseu.web1-webheads.temporarywebsiteaddress.com\/wp-content\/uploads\/TS-Logo-Service-Institutional-White-768x189.webp 768w, https:\/\/tseu.web1-webheads.temporarywebsiteaddress.com\/wp-content\/uploads\/TS-Logo-Service-Institutional-White-1536x377.webp 1536w\" sizes=\"auto, (max-width: 290px) 100vw, 290px\" \/><\/p>\n<h1 style=\"text-align: center;\">Las instituciones deben obtener exactamente lo que necesitan.<\/h1>\n<p style=\"text-align: center;\" data-start=\"137\" data-end=\"261\">Un servicio r\u00e1pido y personalizado con la tecnolog\u00eda de negociaci\u00f3n avanzada y la ejecuci\u00f3n experta que exigen para ayudarles a alcanzar sus objetivos corporativos.<\/p>\n<p style=\"text-align: center;\" data-start=\"137\" data-end=\"261\"><a class=\"button_cta\" href=\"#module_7\">Conecta con nuestra Oficina de Ventas Institucionales<\/a><\/p>\n","protected":false},"excerpt":{"rendered":"<p>Las instituciones deben obtener exactamente lo que necesitan. Un servicio r\u00e1pido y personalizado con la tecnolog\u00eda de negociaci\u00f3n avanzada y la ejecuci\u00f3n experta que exigen para ayudarles a alcanzar sus objetivos corporativos. Conecta con nuestra Oficina de Ventas Institucionales<\/p>\n","protected":false},"author":2,"featured_media":794,"parent":1013,"menu_order":0,"comment_status":"closed","ping_status":"closed","template":"","meta":{"_acf_changed":false,"footnotes":""},"class_list":["post-1070","page","type-page","status-publish","has-post-thumbnail","hentry"],"acf":[],"yoast_head":"<!-- This site is optimized with the Yoast SEO plugin v27.5 - https:\/\/yoast.com\/product\/yoast-seo-wordpress\/ -->\n<title>A qui\u00e9n servimos - TradeStation Born to Trade<\/title>\n<meta name=\"robots\" content=\"noindex, follow, max-snippet:-1, max-image-preview:large, max-video-preview:-1\" \/>\n<meta property=\"og:locale\" content=\"es_ES\" \/>\n<meta property=\"og:type\" content=\"article\" \/>\n<meta property=\"og:title\" content=\"A qui\u00e9n servimos - TradeStation Born to Trade\" \/>\n<meta property=\"og:description\" content=\"Las instituciones deben obtener exactamente lo que necesitan. Un servicio r\u00e1pido y personalizado con la tecnolog\u00eda de negociaci\u00f3n avanzada y la ejecuci\u00f3n experta que exigen para ayudarles a alcanzar sus objetivos corporativos. Conecta con nuestra Oficina de Ventas Institucionales\" \/>\n<meta property=\"og:url\" content=\"https:\/\/tseu.web1-webheads.temporarywebsiteaddress.com\/es\/institucional\/fondos-especulativos-2\/\" \/>\n<meta property=\"og:site_name\" content=\"TradeStation Born to Trade\" \/>\n<meta property=\"article:modified_time\" content=\"2026-01-09T12:07:21+00:00\" \/>\n<meta property=\"og:image\" content=\"https:\/\/tseu.web1-webheads.temporarywebsiteaddress.com\/wp-content\/uploads\/ebc94df9b702d6eea64184a8da59cc2635f6cdb8.jpg\" \/>\n\t<meta property=\"og:image:width\" content=\"2160\" \/>\n\t<meta property=\"og:image:height\" content=\"1215\" \/>\n\t<meta property=\"og:image:type\" content=\"image\/jpeg\" \/>\n<meta name=\"twitter:card\" content=\"summary_large_image\" \/>\n<script type=\"application\/ld+json\" class=\"yoast-schema-graph\">{\"@context\":\"https:\\\/\\\/schema.org\",\"@graph\":[{\"@type\":\"WebPage\",\"@id\":\"https:\\\/\\\/tseu.web1-webheads.temporarywebsiteaddress.com\\\/es\\\/institucional\\\/fondos-especulativos-2\\\/\",\"url\":\"https:\\\/\\\/tseu.web1-webheads.temporarywebsiteaddress.com\\\/es\\\/institucional\\\/fondos-especulativos-2\\\/\",\"name\":\"A qui\u00e9n servimos - TradeStation Born to Trade\",\"isPartOf\":{\"@id\":\"https:\\\/\\\/tseu.web1-webheads.temporarywebsiteaddress.com\\\/es\\\/#website\"},\"primaryImageOfPage\":{\"@id\":\"https:\\\/\\\/tseu.web1-webheads.temporarywebsiteaddress.com\\\/es\\\/institucional\\\/fondos-especulativos-2\\\/#primaryimage\"},\"image\":{\"@id\":\"https:\\\/\\\/tseu.web1-webheads.temporarywebsiteaddress.com\\\/es\\\/institucional\\\/fondos-especulativos-2\\\/#primaryimage\"},\"thumbnailUrl\":\"https:\\\/\\\/tseu.web1-webheads.temporarywebsiteaddress.com\\\/wp-content\\\/uploads\\\/ebc94df9b702d6eea64184a8da59cc2635f6cdb8.jpg\",\"datePublished\":\"2025-09-01T20:03:31+00:00\",\"dateModified\":\"2026-01-09T12:07:21+00:00\",\"breadcrumb\":{\"@id\":\"https:\\\/\\\/tseu.web1-webheads.temporarywebsiteaddress.com\\\/es\\\/institucional\\\/fondos-especulativos-2\\\/#breadcrumb\"},\"inLanguage\":\"es\",\"potentialAction\":[{\"@type\":\"ReadAction\",\"target\":[\"https:\\\/\\\/tseu.web1-webheads.temporarywebsiteaddress.com\\\/es\\\/institucional\\\/fondos-especulativos-2\\\/\"]}]},{\"@type\":\"ImageObject\",\"inLanguage\":\"es\",\"@id\":\"https:\\\/\\\/tseu.web1-webheads.temporarywebsiteaddress.com\\\/es\\\/institucional\\\/fondos-especulativos-2\\\/#primaryimage\",\"url\":\"https:\\\/\\\/tseu.web1-webheads.temporarywebsiteaddress.com\\\/wp-content\\\/uploads\\\/ebc94df9b702d6eea64184a8da59cc2635f6cdb8.jpg\",\"contentUrl\":\"https:\\\/\\\/tseu.web1-webheads.temporarywebsiteaddress.com\\\/wp-content\\\/uploads\\\/ebc94df9b702d6eea64184a8da59cc2635f6cdb8.jpg\",\"width\":2160,\"height\":1215},{\"@type\":\"BreadcrumbList\",\"@id\":\"https:\\\/\\\/tseu.web1-webheads.temporarywebsiteaddress.com\\\/es\\\/institucional\\\/fondos-especulativos-2\\\/#breadcrumb\",\"itemListElement\":[{\"@type\":\"ListItem\",\"position\":1,\"name\":\"Inicio\",\"item\":\"https:\\\/\\\/tseu.web1-webheads.temporarywebsiteaddress.com\\\/es\\\/\"},{\"@type\":\"ListItem\",\"position\":2,\"name\":\"Institucional\",\"item\":\"https:\\\/\\\/tseu.web1-webheads.temporarywebsiteaddress.com\\\/es\\\/institucional\\\/\"},{\"@type\":\"ListItem\",\"position\":3,\"name\":\"A qui\u00e9n servimos\"}]},{\"@type\":\"WebSite\",\"@id\":\"https:\\\/\\\/tseu.web1-webheads.temporarywebsiteaddress.com\\\/es\\\/#website\",\"url\":\"https:\\\/\\\/tseu.web1-webheads.temporarywebsiteaddress.com\\\/es\\\/\",\"name\":\"TradeStation Born to Trade\",\"description\":\"\",\"potentialAction\":[{\"@type\":\"SearchAction\",\"target\":{\"@type\":\"EntryPoint\",\"urlTemplate\":\"https:\\\/\\\/tseu.web1-webheads.temporarywebsiteaddress.com\\\/es\\\/?s={search_term_string}\"},\"query-input\":{\"@type\":\"PropertyValueSpecification\",\"valueRequired\":true,\"valueName\":\"search_term_string\"}}],\"inLanguage\":\"es\"}]}<\/script>\n<!-- \/ Yoast SEO plugin. -->","yoast_head_json":{"title":"A qui\u00e9n servimos - TradeStation Born to Trade","robots":{"index":"noindex","follow":"follow","max-snippet":"max-snippet:-1","max-image-preview":"max-image-preview:large","max-video-preview":"max-video-preview:-1"},"og_locale":"es_ES","og_type":"article","og_title":"A qui\u00e9n servimos - TradeStation Born to Trade","og_description":"Las instituciones deben obtener exactamente lo que necesitan. Un servicio r\u00e1pido y personalizado con la tecnolog\u00eda de negociaci\u00f3n avanzada y la ejecuci\u00f3n experta que exigen para ayudarles a alcanzar sus objetivos corporativos. Conecta con nuestra Oficina de Ventas Institucionales","og_url":"https:\/\/tseu.web1-webheads.temporarywebsiteaddress.com\/es\/institucional\/fondos-especulativos-2\/","og_site_name":"TradeStation Born to Trade","article_modified_time":"2026-01-09T12:07:21+00:00","og_image":[{"width":2160,"height":1215,"url":"https:\/\/tseu.web1-webheads.temporarywebsiteaddress.com\/wp-content\/uploads\/ebc94df9b702d6eea64184a8da59cc2635f6cdb8.jpg","type":"image\/jpeg"}],"twitter_card":"summary_large_image","schema":{"@context":"https:\/\/schema.org","@graph":[{"@type":"WebPage","@id":"https:\/\/tseu.web1-webheads.temporarywebsiteaddress.com\/es\/institucional\/fondos-especulativos-2\/","url":"https:\/\/tseu.web1-webheads.temporarywebsiteaddress.com\/es\/institucional\/fondos-especulativos-2\/","name":"A qui\u00e9n servimos - TradeStation Born to Trade","isPartOf":{"@id":"https:\/\/tseu.web1-webheads.temporarywebsiteaddress.com\/es\/#website"},"primaryImageOfPage":{"@id":"https:\/\/tseu.web1-webheads.temporarywebsiteaddress.com\/es\/institucional\/fondos-especulativos-2\/#primaryimage"},"image":{"@id":"https:\/\/tseu.web1-webheads.temporarywebsiteaddress.com\/es\/institucional\/fondos-especulativos-2\/#primaryimage"},"thumbnailUrl":"https:\/\/tseu.web1-webheads.temporarywebsiteaddress.com\/wp-content\/uploads\/ebc94df9b702d6eea64184a8da59cc2635f6cdb8.jpg","datePublished":"2025-09-01T20:03:31+00:00","dateModified":"2026-01-09T12:07:21+00:00","breadcrumb":{"@id":"https:\/\/tseu.web1-webheads.temporarywebsiteaddress.com\/es\/institucional\/fondos-especulativos-2\/#breadcrumb"},"inLanguage":"es","potentialAction":[{"@type":"ReadAction","target":["https:\/\/tseu.web1-webheads.temporarywebsiteaddress.com\/es\/institucional\/fondos-especulativos-2\/"]}]},{"@type":"ImageObject","inLanguage":"es","@id":"https:\/\/tseu.web1-webheads.temporarywebsiteaddress.com\/es\/institucional\/fondos-especulativos-2\/#primaryimage","url":"https:\/\/tseu.web1-webheads.temporarywebsiteaddress.com\/wp-content\/uploads\/ebc94df9b702d6eea64184a8da59cc2635f6cdb8.jpg","contentUrl":"https:\/\/tseu.web1-webheads.temporarywebsiteaddress.com\/wp-content\/uploads\/ebc94df9b702d6eea64184a8da59cc2635f6cdb8.jpg","width":2160,"height":1215},{"@type":"BreadcrumbList","@id":"https:\/\/tseu.web1-webheads.temporarywebsiteaddress.com\/es\/institucional\/fondos-especulativos-2\/#breadcrumb","itemListElement":[{"@type":"ListItem","position":1,"name":"Inicio","item":"https:\/\/tseu.web1-webheads.temporarywebsiteaddress.com\/es\/"},{"@type":"ListItem","position":2,"name":"Institucional","item":"https:\/\/tseu.web1-webheads.temporarywebsiteaddress.com\/es\/institucional\/"},{"@type":"ListItem","position":3,"name":"A qui\u00e9n servimos"}]},{"@type":"WebSite","@id":"https:\/\/tseu.web1-webheads.temporarywebsiteaddress.com\/es\/#website","url":"https:\/\/tseu.web1-webheads.temporarywebsiteaddress.com\/es\/","name":"TradeStation Born to Trade","description":"","potentialAction":[{"@type":"SearchAction","target":{"@type":"EntryPoint","urlTemplate":"https:\/\/tseu.web1-webheads.temporarywebsiteaddress.com\/es\/?s={search_term_string}"},"query-input":{"@type":"PropertyValueSpecification","valueRequired":true,"valueName":"search_term_string"}}],"inLanguage":"es"}]}},"_links":{"self":[{"href":"https:\/\/tseu.web1-webheads.temporarywebsiteaddress.com\/es\/wp-json\/wp\/v2\/pages\/1070","targetHints":{"allow":["GET"]}}],"collection":[{"href":"https:\/\/tseu.web1-webheads.temporarywebsiteaddress.com\/es\/wp-json\/wp\/v2\/pages"}],"about":[{"href":"https:\/\/tseu.web1-webheads.temporarywebsiteaddress.com\/es\/wp-json\/wp\/v2\/types\/page"}],"author":[{"embeddable":true,"href":"https:\/\/tseu.web1-webheads.temporarywebsiteaddress.com\/es\/wp-json\/wp\/v2\/users\/2"}],"replies":[{"embeddable":true,"href":"https:\/\/tseu.web1-webheads.temporarywebsiteaddress.com\/es\/wp-json\/wp\/v2\/comments?post=1070"}],"version-history":[{"count":2,"href":"https:\/\/tseu.web1-webheads.temporarywebsiteaddress.com\/es\/wp-json\/wp\/v2\/pages\/1070\/revisions"}],"predecessor-version":[{"id":4372,"href":"https:\/\/tseu.web1-webheads.temporarywebsiteaddress.com\/es\/wp-json\/wp\/v2\/pages\/1070\/revisions\/4372"}],"up":[{"embeddable":true,"href":"https:\/\/tseu.web1-webheads.temporarywebsiteaddress.com\/es\/wp-json\/wp\/v2\/pages\/1013"}],"wp:featuredmedia":[{"embeddable":true,"href":"https:\/\/tseu.web1-webheads.temporarywebsiteaddress.com\/es\/wp-json\/wp\/v2\/media\/794"}],"wp:attachment":[{"href":"https:\/\/tseu.web1-webheads.temporarywebsiteaddress.com\/es\/wp-json\/wp\/v2\/media?parent=1070"}],"curies":[{"name":"wp","href":"https:\/\/api.w.org\/{rel}","templated":true}]}}