{"id":2443,"date":"2025-12-07T15:44:46","date_gmt":"2025-12-07T15:44:46","guid":{"rendered":"https:\/\/tseu.web1-webheads.temporarywebsiteaddress.com\/manten-el-control-con-ordenes-y-posiciones-hub\/"},"modified":"2026-01-09T11:53:28","modified_gmt":"2026-01-09T11:53:28","slug":"manten-el-control-con-ordenes-y-posiciones-hub","status":"publish","type":"page","link":"https:\/\/tseu.web1-webheads.temporarywebsiteaddress.com\/es\/aprende\/aprender-primeros-pasos\/optionstation-pro\/manten-el-control-con-ordenes-y-posiciones-hub\/","title":{"rendered":"Mant\u00e9n el control con \u00f3rdenes y posiciones HUB"},"content":{"rendered":"<h1>TradeStation HUB<\/h1>\n<p>Consejos r\u00e1pidos<\/p>\n","protected":false},"excerpt":{"rendered":"<p>TradeStation HUB Consejos r\u00e1pidos<\/p>\n","protected":false},"author":2,"featured_media":0,"parent":2501,"menu_order":15,"comment_status":"closed","ping_status":"closed","template":"","meta":{"_acf_changed":false,"footnotes":""},"class_list":["post-2443","page","type-page","status-publish","hentry"],"acf":[],"yoast_head":"<!-- This site is optimized with the Yoast SEO plugin v27.5 - https:\/\/yoast.com\/product\/yoast-seo-wordpress\/ -->\n<title>Mant\u00e9n el control con \u00f3rdenes y posiciones HUB - TradeStation Born to Trade<\/title>\n<meta name=\"robots\" content=\"noindex, follow, max-snippet:-1, max-image-preview:large, max-video-preview:-1\" \/>\n<meta property=\"og:locale\" content=\"es_ES\" \/>\n<meta property=\"og:type\" content=\"article\" \/>\n<meta property=\"og:title\" content=\"Mant\u00e9n el control con \u00f3rdenes y posiciones HUB - TradeStation Born to Trade\" \/>\n<meta property=\"og:description\" content=\"TradeStation HUB Consejos r\u00e1pidos\" \/>\n<meta property=\"og:url\" content=\"https:\/\/tseu.web1-webheads.temporarywebsiteaddress.com\/es\/aprende\/aprender-primeros-pasos\/optionstation-pro\/manten-el-control-con-ordenes-y-posiciones-hub\/\" \/>\n<meta property=\"og:site_name\" content=\"TradeStation Born to Trade\" \/>\n<meta property=\"article:modified_time\" content=\"2026-01-09T11:53:28+00:00\" \/>\n<meta name=\"twitter:card\" content=\"summary_large_image\" \/>\n<script type=\"application\/ld+json\" class=\"yoast-schema-graph\">{\"@context\":\"https:\\\/\\\/schema.org\",\"@graph\":[{\"@type\":\"WebPage\",\"@id\":\"https:\\\/\\\/tseu.web1-webheads.temporarywebsiteaddress.com\\\/es\\\/aprende\\\/aprender-primeros-pasos\\\/optionstation-pro\\\/manten-el-control-con-ordenes-y-posiciones-hub\\\/\",\"url\":\"https:\\\/\\\/tseu.web1-webheads.temporarywebsiteaddress.com\\\/es\\\/aprende\\\/aprender-primeros-pasos\\\/optionstation-pro\\\/manten-el-control-con-ordenes-y-posiciones-hub\\\/\",\"name\":\"Mant\u00e9n el control con \u00f3rdenes y posiciones HUB - TradeStation Born to Trade\",\"isPartOf\":{\"@id\":\"https:\\\/\\\/tseu.web1-webheads.temporarywebsiteaddress.com\\\/es\\\/#website\"},\"datePublished\":\"2025-12-07T15:44:46+00:00\",\"dateModified\":\"2026-01-09T11:53:28+00:00\",\"breadcrumb\":{\"@id\":\"https:\\\/\\\/tseu.web1-webheads.temporarywebsiteaddress.com\\\/es\\\/aprende\\\/aprender-primeros-pasos\\\/optionstation-pro\\\/manten-el-control-con-ordenes-y-posiciones-hub\\\/#breadcrumb\"},\"inLanguage\":\"es\",\"potentialAction\":[{\"@type\":\"ReadAction\",\"target\":[\"https:\\\/\\\/tseu.web1-webheads.temporarywebsiteaddress.com\\\/es\\\/aprende\\\/aprender-primeros-pasos\\\/optionstation-pro\\\/manten-el-control-con-ordenes-y-posiciones-hub\\\/\"]}]},{\"@type\":\"BreadcrumbList\",\"@id\":\"https:\\\/\\\/tseu.web1-webheads.temporarywebsiteaddress.com\\\/es\\\/aprende\\\/aprender-primeros-pasos\\\/optionstation-pro\\\/manten-el-control-con-ordenes-y-posiciones-hub\\\/#breadcrumb\",\"itemListElement\":[{\"@type\":\"ListItem\",\"position\":1,\"name\":\"Inicio\",\"item\":\"https:\\\/\\\/tseu.web1-webheads.temporarywebsiteaddress.com\\\/es\\\/\"},{\"@type\":\"ListItem\",\"position\":2,\"name\":\"Aprende\",\"item\":\"https:\\\/\\\/tseu.web1-webheads.temporarywebsiteaddress.com\\\/es\\\/learn\\\/\"},{\"@type\":\"ListItem\",\"position\":3,\"name\":\"Aprender &#8211; Primeros pasos\",\"item\":\"https:\\\/\\\/tseu.web1-webheads.temporarywebsiteaddress.com\\\/es\\\/learn\\\/getting-started\\\/\"},{\"@type\":\"ListItem\",\"position\":4,\"name\":\"OptionStation Pro\",\"item\":\"https:\\\/\\\/tseu.web1-webheads.temporarywebsiteaddress.com\\\/es\\\/learn\\\/getting-started\\\/optionstation-pro\\\/\"},{\"@type\":\"ListItem\",\"position\":5,\"name\":\"Mant\u00e9n el control con \u00f3rdenes y posiciones HUB\"}]},{\"@type\":\"WebSite\",\"@id\":\"https:\\\/\\\/tseu.web1-webheads.temporarywebsiteaddress.com\\\/es\\\/#website\",\"url\":\"https:\\\/\\\/tseu.web1-webheads.temporarywebsiteaddress.com\\\/es\\\/\",\"name\":\"TradeStation Born to Trade\",\"description\":\"\",\"potentialAction\":[{\"@type\":\"SearchAction\",\"target\":{\"@type\":\"EntryPoint\",\"urlTemplate\":\"https:\\\/\\\/tseu.web1-webheads.temporarywebsiteaddress.com\\\/es\\\/?s={search_term_string}\"},\"query-input\":{\"@type\":\"PropertyValueSpecification\",\"valueRequired\":true,\"valueName\":\"search_term_string\"}}],\"inLanguage\":\"es\"}]}<\/script>\n<!-- \/ Yoast SEO plugin. -->","yoast_head_json":{"title":"Mant\u00e9n el control con \u00f3rdenes y posiciones HUB - TradeStation Born to Trade","robots":{"index":"noindex","follow":"follow","max-snippet":"max-snippet:-1","max-image-preview":"max-image-preview:large","max-video-preview":"max-video-preview:-1"},"og_locale":"es_ES","og_type":"article","og_title":"Mant\u00e9n el control con \u00f3rdenes y posiciones HUB - TradeStation Born to Trade","og_description":"TradeStation HUB Consejos r\u00e1pidos","og_url":"https:\/\/tseu.web1-webheads.temporarywebsiteaddress.com\/es\/aprende\/aprender-primeros-pasos\/optionstation-pro\/manten-el-control-con-ordenes-y-posiciones-hub\/","og_site_name":"TradeStation Born to Trade","article_modified_time":"2026-01-09T11:53:28+00:00","twitter_card":"summary_large_image","schema":{"@context":"https:\/\/schema.org","@graph":[{"@type":"WebPage","@id":"https:\/\/tseu.web1-webheads.temporarywebsiteaddress.com\/es\/aprende\/aprender-primeros-pasos\/optionstation-pro\/manten-el-control-con-ordenes-y-posiciones-hub\/","url":"https:\/\/tseu.web1-webheads.temporarywebsiteaddress.com\/es\/aprende\/aprender-primeros-pasos\/optionstation-pro\/manten-el-control-con-ordenes-y-posiciones-hub\/","name":"Mant\u00e9n el control con \u00f3rdenes y posiciones HUB - TradeStation Born to Trade","isPartOf":{"@id":"https:\/\/tseu.web1-webheads.temporarywebsiteaddress.com\/es\/#website"},"datePublished":"2025-12-07T15:44:46+00:00","dateModified":"2026-01-09T11:53:28+00:00","breadcrumb":{"@id":"https:\/\/tseu.web1-webheads.temporarywebsiteaddress.com\/es\/aprende\/aprender-primeros-pasos\/optionstation-pro\/manten-el-control-con-ordenes-y-posiciones-hub\/#breadcrumb"},"inLanguage":"es","potentialAction":[{"@type":"ReadAction","target":["https:\/\/tseu.web1-webheads.temporarywebsiteaddress.com\/es\/aprende\/aprender-primeros-pasos\/optionstation-pro\/manten-el-control-con-ordenes-y-posiciones-hub\/"]}]},{"@type":"BreadcrumbList","@id":"https:\/\/tseu.web1-webheads.temporarywebsiteaddress.com\/es\/aprende\/aprender-primeros-pasos\/optionstation-pro\/manten-el-control-con-ordenes-y-posiciones-hub\/#breadcrumb","itemListElement":[{"@type":"ListItem","position":1,"name":"Inicio","item":"https:\/\/tseu.web1-webheads.temporarywebsiteaddress.com\/es\/"},{"@type":"ListItem","position":2,"name":"Aprende","item":"https:\/\/tseu.web1-webheads.temporarywebsiteaddress.com\/es\/learn\/"},{"@type":"ListItem","position":3,"name":"Aprender &#8211; Primeros pasos","item":"https:\/\/tseu.web1-webheads.temporarywebsiteaddress.com\/es\/learn\/getting-started\/"},{"@type":"ListItem","position":4,"name":"OptionStation Pro","item":"https:\/\/tseu.web1-webheads.temporarywebsiteaddress.com\/es\/learn\/getting-started\/optionstation-pro\/"},{"@type":"ListItem","position":5,"name":"Mant\u00e9n el control con \u00f3rdenes y posiciones HUB"}]},{"@type":"WebSite","@id":"https:\/\/tseu.web1-webheads.temporarywebsiteaddress.com\/es\/#website","url":"https:\/\/tseu.web1-webheads.temporarywebsiteaddress.com\/es\/","name":"TradeStation Born to Trade","description":"","potentialAction":[{"@type":"SearchAction","target":{"@type":"EntryPoint","urlTemplate":"https:\/\/tseu.web1-webheads.temporarywebsiteaddress.com\/es\/?s={search_term_string}"},"query-input":{"@type":"PropertyValueSpecification","valueRequired":true,"valueName":"search_term_string"}}],"inLanguage":"es"}]}},"_links":{"self":[{"href":"https:\/\/tseu.web1-webheads.temporarywebsiteaddress.com\/es\/wp-json\/wp\/v2\/pages\/2443","targetHints":{"allow":["GET"]}}],"collection":[{"href":"https:\/\/tseu.web1-webheads.temporarywebsiteaddress.com\/es\/wp-json\/wp\/v2\/pages"}],"about":[{"href":"https:\/\/tseu.web1-webheads.temporarywebsiteaddress.com\/es\/wp-json\/wp\/v2\/types\/page"}],"author":[{"embeddable":true,"href":"https:\/\/tseu.web1-webheads.temporarywebsiteaddress.com\/es\/wp-json\/wp\/v2\/users\/2"}],"replies":[{"embeddable":true,"href":"https:\/\/tseu.web1-webheads.temporarywebsiteaddress.com\/es\/wp-json\/wp\/v2\/comments?post=2443"}],"version-history":[{"count":1,"href":"https:\/\/tseu.web1-webheads.temporarywebsiteaddress.com\/es\/wp-json\/wp\/v2\/pages\/2443\/revisions"}],"predecessor-version":[{"id":2503,"href":"https:\/\/tseu.web1-webheads.temporarywebsiteaddress.com\/es\/wp-json\/wp\/v2\/pages\/2443\/revisions\/2503"}],"up":[{"embeddable":true,"href":"https:\/\/tseu.web1-webheads.temporarywebsiteaddress.com\/es\/wp-json\/wp\/v2\/pages\/2501"}],"wp:attachment":[{"href":"https:\/\/tseu.web1-webheads.temporarywebsiteaddress.com\/es\/wp-json\/wp\/v2\/media?parent=2443"}],"curies":[{"name":"wp","href":"https:\/\/api.w.org\/{rel}","templated":true}]}}