{"id":3896,"date":"2025-08-14T19:52:24","date_gmt":"2025-08-14T19:52:24","guid":{"rendered":"https:\/\/tseu.web1-webheads.temporarywebsiteaddress.com\/productos-comerciales\/"},"modified":"2026-02-09T23:37:00","modified_gmt":"2026-02-09T23:37:00","slug":"productos-comerciales","status":"publish","type":"page","link":"https:\/\/tseu.web1-webheads.temporarywebsiteaddress.com\/es\/productos-comerciales\/","title":{"rendered":"Productos comerciales"},"content":{"rendered":"<h1>Ejecuci\u00f3n directa en el mercado de <strong>los principales activos de negociaci\u00f3n<\/strong><\/h1>\n<p>Multiactivos, multiplataforma, una misi\u00f3n: capacitar a los comerciantes natos<\/p>\n<p><a href=\"https:\/\/tseu.web1-webheads.temporarywebsiteaddress.com\/es\/plataformas-y-herramientas\/\" class=\"button_cta button_cta_white\">Saber m\u00e1s<\/a><\/p>\n","protected":false},"excerpt":{"rendered":"<p>Ejecuci\u00f3n directa en el mercado de los principales activos de negociaci\u00f3n Multiactivos, multiplataforma, una misi\u00f3n: capacitar a los comerciantes natos Saber m\u00e1s<\/p>\n","protected":false},"author":1,"featured_media":3898,"parent":0,"menu_order":1,"comment_status":"closed","ping_status":"closed","template":"","meta":{"_acf_changed":false,"footnotes":""},"class_list":["post-3896","page","type-page","status-publish","has-post-thumbnail","hentry"],"acf":[],"yoast_head":"<!-- This site is optimized with the Yoast SEO plugin v27.5 - https:\/\/yoast.com\/product\/yoast-seo-wordpress\/ -->\n<title>Productos comerciales - TradeStation Born to Trade<\/title>\n<meta name=\"robots\" content=\"noindex, follow, max-snippet:-1, max-image-preview:large, max-video-preview:-1\" \/>\n<meta property=\"og:locale\" content=\"es_ES\" \/>\n<meta property=\"og:type\" content=\"article\" \/>\n<meta property=\"og:title\" content=\"Productos comerciales - TradeStation Born to Trade\" \/>\n<meta property=\"og:description\" content=\"Ejecuci\u00f3n directa en el mercado de los principales activos de negociaci\u00f3n Multiactivos, multiplataforma, una misi\u00f3n: capacitar a los comerciantes natos Saber m\u00e1s\" \/>\n<meta property=\"og:url\" content=\"https:\/\/tseu.web1-webheads.temporarywebsiteaddress.com\/es\/productos-comerciales\/\" \/>\n<meta property=\"og:site_name\" content=\"TradeStation Born to Trade\" \/>\n<meta property=\"article:modified_time\" content=\"2026-02-09T23:37:00+00:00\" \/>\n<meta property=\"og:image\" content=\"https:\/\/tseu.web1-webheads.temporarywebsiteaddress.com\/wp-content\/uploads\/cd5788aeb4cd071afde3cce3f4d25d7f60af5a47.jpg\" \/>\n\t<meta property=\"og:image:width\" content=\"2560\" \/>\n\t<meta property=\"og:image:height\" content=\"594\" \/>\n\t<meta property=\"og:image:type\" content=\"image\/jpeg\" \/>\n<meta name=\"twitter:card\" content=\"summary_large_image\" \/>\n<script type=\"application\/ld+json\" class=\"yoast-schema-graph\">{\"@context\":\"https:\\\/\\\/schema.org\",\"@graph\":[{\"@type\":\"WebPage\",\"@id\":\"https:\\\/\\\/tseu.web1-webheads.temporarywebsiteaddress.com\\\/es\\\/productos-comerciales\\\/\",\"url\":\"https:\\\/\\\/tseu.web1-webheads.temporarywebsiteaddress.com\\\/es\\\/productos-comerciales\\\/\",\"name\":\"Productos comerciales - TradeStation Born to Trade\",\"isPartOf\":{\"@id\":\"https:\\\/\\\/tseu.web1-webheads.temporarywebsiteaddress.com\\\/es\\\/#website\"},\"primaryImageOfPage\":{\"@id\":\"https:\\\/\\\/tseu.web1-webheads.temporarywebsiteaddress.com\\\/es\\\/productos-comerciales\\\/#primaryimage\"},\"image\":{\"@id\":\"https:\\\/\\\/tseu.web1-webheads.temporarywebsiteaddress.com\\\/es\\\/productos-comerciales\\\/#primaryimage\"},\"thumbnailUrl\":\"https:\\\/\\\/tseu.web1-webheads.temporarywebsiteaddress.com\\\/wp-content\\\/uploads\\\/cd5788aeb4cd071afde3cce3f4d25d7f60af5a47.jpg\",\"datePublished\":\"2025-08-14T19:52:24+00:00\",\"dateModified\":\"2026-02-09T23:37:00+00:00\",\"breadcrumb\":{\"@id\":\"https:\\\/\\\/tseu.web1-webheads.temporarywebsiteaddress.com\\\/es\\\/productos-comerciales\\\/#breadcrumb\"},\"inLanguage\":\"es\",\"potentialAction\":[{\"@type\":\"ReadAction\",\"target\":[\"https:\\\/\\\/tseu.web1-webheads.temporarywebsiteaddress.com\\\/es\\\/productos-comerciales\\\/\"]}]},{\"@type\":\"ImageObject\",\"inLanguage\":\"es\",\"@id\":\"https:\\\/\\\/tseu.web1-webheads.temporarywebsiteaddress.com\\\/es\\\/productos-comerciales\\\/#primaryimage\",\"url\":\"https:\\\/\\\/tseu.web1-webheads.temporarywebsiteaddress.com\\\/wp-content\\\/uploads\\\/cd5788aeb4cd071afde3cce3f4d25d7f60af5a47.jpg\",\"contentUrl\":\"https:\\\/\\\/tseu.web1-webheads.temporarywebsiteaddress.com\\\/wp-content\\\/uploads\\\/cd5788aeb4cd071afde3cce3f4d25d7f60af5a47.jpg\",\"width\":2560,\"height\":594},{\"@type\":\"BreadcrumbList\",\"@id\":\"https:\\\/\\\/tseu.web1-webheads.temporarywebsiteaddress.com\\\/es\\\/productos-comerciales\\\/#breadcrumb\",\"itemListElement\":[{\"@type\":\"ListItem\",\"position\":1,\"name\":\"Inicio\",\"item\":\"https:\\\/\\\/tseu.web1-webheads.temporarywebsiteaddress.com\\\/es\\\/\"},{\"@type\":\"ListItem\",\"position\":2,\"name\":\"Productos comerciales\"}]},{\"@type\":\"WebSite\",\"@id\":\"https:\\\/\\\/tseu.web1-webheads.temporarywebsiteaddress.com\\\/es\\\/#website\",\"url\":\"https:\\\/\\\/tseu.web1-webheads.temporarywebsiteaddress.com\\\/es\\\/\",\"name\":\"TradeStation Born to Trade\",\"description\":\"\",\"potentialAction\":[{\"@type\":\"SearchAction\",\"target\":{\"@type\":\"EntryPoint\",\"urlTemplate\":\"https:\\\/\\\/tseu.web1-webheads.temporarywebsiteaddress.com\\\/es\\\/?s={search_term_string}\"},\"query-input\":{\"@type\":\"PropertyValueSpecification\",\"valueRequired\":true,\"valueName\":\"search_term_string\"}}],\"inLanguage\":\"es\"}]}<\/script>\n<!-- \/ Yoast SEO plugin. -->","yoast_head_json":{"title":"Productos comerciales - TradeStation Born to Trade","robots":{"index":"noindex","follow":"follow","max-snippet":"max-snippet:-1","max-image-preview":"max-image-preview:large","max-video-preview":"max-video-preview:-1"},"og_locale":"es_ES","og_type":"article","og_title":"Productos comerciales - TradeStation Born to Trade","og_description":"Ejecuci\u00f3n directa en el mercado de los principales activos de negociaci\u00f3n Multiactivos, multiplataforma, una misi\u00f3n: capacitar a los comerciantes natos Saber m\u00e1s","og_url":"https:\/\/tseu.web1-webheads.temporarywebsiteaddress.com\/es\/productos-comerciales\/","og_site_name":"TradeStation Born to Trade","article_modified_time":"2026-02-09T23:37:00+00:00","og_image":[{"width":2560,"height":594,"url":"https:\/\/tseu.web1-webheads.temporarywebsiteaddress.com\/wp-content\/uploads\/cd5788aeb4cd071afde3cce3f4d25d7f60af5a47.jpg","type":"image\/jpeg"}],"twitter_card":"summary_large_image","schema":{"@context":"https:\/\/schema.org","@graph":[{"@type":"WebPage","@id":"https:\/\/tseu.web1-webheads.temporarywebsiteaddress.com\/es\/productos-comerciales\/","url":"https:\/\/tseu.web1-webheads.temporarywebsiteaddress.com\/es\/productos-comerciales\/","name":"Productos comerciales - TradeStation Born to Trade","isPartOf":{"@id":"https:\/\/tseu.web1-webheads.temporarywebsiteaddress.com\/es\/#website"},"primaryImageOfPage":{"@id":"https:\/\/tseu.web1-webheads.temporarywebsiteaddress.com\/es\/productos-comerciales\/#primaryimage"},"image":{"@id":"https:\/\/tseu.web1-webheads.temporarywebsiteaddress.com\/es\/productos-comerciales\/#primaryimage"},"thumbnailUrl":"https:\/\/tseu.web1-webheads.temporarywebsiteaddress.com\/wp-content\/uploads\/cd5788aeb4cd071afde3cce3f4d25d7f60af5a47.jpg","datePublished":"2025-08-14T19:52:24+00:00","dateModified":"2026-02-09T23:37:00+00:00","breadcrumb":{"@id":"https:\/\/tseu.web1-webheads.temporarywebsiteaddress.com\/es\/productos-comerciales\/#breadcrumb"},"inLanguage":"es","potentialAction":[{"@type":"ReadAction","target":["https:\/\/tseu.web1-webheads.temporarywebsiteaddress.com\/es\/productos-comerciales\/"]}]},{"@type":"ImageObject","inLanguage":"es","@id":"https:\/\/tseu.web1-webheads.temporarywebsiteaddress.com\/es\/productos-comerciales\/#primaryimage","url":"https:\/\/tseu.web1-webheads.temporarywebsiteaddress.com\/wp-content\/uploads\/cd5788aeb4cd071afde3cce3f4d25d7f60af5a47.jpg","contentUrl":"https:\/\/tseu.web1-webheads.temporarywebsiteaddress.com\/wp-content\/uploads\/cd5788aeb4cd071afde3cce3f4d25d7f60af5a47.jpg","width":2560,"height":594},{"@type":"BreadcrumbList","@id":"https:\/\/tseu.web1-webheads.temporarywebsiteaddress.com\/es\/productos-comerciales\/#breadcrumb","itemListElement":[{"@type":"ListItem","position":1,"name":"Inicio","item":"https:\/\/tseu.web1-webheads.temporarywebsiteaddress.com\/es\/"},{"@type":"ListItem","position":2,"name":"Productos comerciales"}]},{"@type":"WebSite","@id":"https:\/\/tseu.web1-webheads.temporarywebsiteaddress.com\/es\/#website","url":"https:\/\/tseu.web1-webheads.temporarywebsiteaddress.com\/es\/","name":"TradeStation Born to Trade","description":"","potentialAction":[{"@type":"SearchAction","target":{"@type":"EntryPoint","urlTemplate":"https:\/\/tseu.web1-webheads.temporarywebsiteaddress.com\/es\/?s={search_term_string}"},"query-input":{"@type":"PropertyValueSpecification","valueRequired":true,"valueName":"search_term_string"}}],"inLanguage":"es"}]}},"_links":{"self":[{"href":"https:\/\/tseu.web1-webheads.temporarywebsiteaddress.com\/es\/wp-json\/wp\/v2\/pages\/3896","targetHints":{"allow":["GET"]}}],"collection":[{"href":"https:\/\/tseu.web1-webheads.temporarywebsiteaddress.com\/es\/wp-json\/wp\/v2\/pages"}],"about":[{"href":"https:\/\/tseu.web1-webheads.temporarywebsiteaddress.com\/es\/wp-json\/wp\/v2\/types\/page"}],"author":[{"embeddable":true,"href":"https:\/\/tseu.web1-webheads.temporarywebsiteaddress.com\/es\/wp-json\/wp\/v2\/users\/1"}],"replies":[{"embeddable":true,"href":"https:\/\/tseu.web1-webheads.temporarywebsiteaddress.com\/es\/wp-json\/wp\/v2\/comments?post=3896"}],"version-history":[{"count":1,"href":"https:\/\/tseu.web1-webheads.temporarywebsiteaddress.com\/es\/wp-json\/wp\/v2\/pages\/3896\/revisions"}],"predecessor-version":[{"id":5268,"href":"https:\/\/tseu.web1-webheads.temporarywebsiteaddress.com\/es\/wp-json\/wp\/v2\/pages\/3896\/revisions\/5268"}],"wp:featuredmedia":[{"embeddable":true,"href":"https:\/\/tseu.web1-webheads.temporarywebsiteaddress.com\/es\/wp-json\/wp\/v2\/media\/3898"}],"wp:attachment":[{"href":"https:\/\/tseu.web1-webheads.temporarywebsiteaddress.com\/es\/wp-json\/wp\/v2\/media?parent=3896"}],"curies":[{"name":"wp","href":"https:\/\/api.w.org\/{rel}","templated":true}]}}