{"id":4351,"date":"2025-08-27T21:46:10","date_gmt":"2025-08-27T21:46:10","guid":{"rendered":"https:\/\/tseu.web1-webheads.temporarywebsiteaddress.com\/precios\/tipos-de-margen-de-futuros\/"},"modified":"2026-03-12T10:09:29","modified_gmt":"2026-03-12T10:09:29","slug":"tipos-de-margen-de-futuros","status":"publish","type":"page","link":"https:\/\/tseu.web1-webheads.temporarywebsiteaddress.com\/es\/precios\/tipos-de-margen-de-futuros\/","title":{"rendered":"Tipos de margen de futuros"},"content":{"rendered":"<h1><strong>Abre m\u00e1s puertas<\/strong> con atractivas tasas de margen de futuros.<\/h1>\n<p class=\"deck\">Utiliza el poder de tu cartera para mejorar tu estrategia de negociaci\u00f3n.<\/p>\n<p class=\"p_top_padding\"><a href=\"https:\/\/getstarted2.tradestation.com\/intro\" class=\"button_cta button_cta_white\">Abrir una cuenta<\/a><\/p>\n<p class=\"txt_small\">La negociaci\u00f3n de futuros no es adecuada para todos los inversores. La negociaci\u00f3n con margen conlleva riesgos.<\/p>\n","protected":false},"excerpt":{"rendered":"<p>Abre m\u00e1s puertas con atractivas tasas de margen de futuros. Utiliza el poder de tu cartera para mejorar tu estrategia de negociaci\u00f3n. Abrir una cuenta La negociaci\u00f3n de futuros no es adecuada para todos los inversores. La negociaci\u00f3n con margen&#8230; <a class=\"view-article\" href=\"https:\/\/tseu.web1-webheads.temporarywebsiteaddress.com\/es\/precios\/tipos-de-margen-de-futuros\/\">Read more<\/a><\/p>\n","protected":false},"author":1,"featured_media":4354,"parent":2325,"menu_order":3,"comment_status":"closed","ping_status":"closed","template":"","meta":{"_acf_changed":false,"footnotes":""},"class_list":["post-4351","page","type-page","status-publish","has-post-thumbnail","hentry"],"acf":[],"yoast_head":"<!-- This site is optimized with the Yoast SEO plugin v27.5 - https:\/\/yoast.com\/product\/yoast-seo-wordpress\/ -->\n<title>Tipos de margen de futuros - TradeStation Born to Trade<\/title>\n<meta name=\"robots\" content=\"noindex, follow, max-snippet:-1, max-image-preview:large, max-video-preview:-1\" \/>\n<meta property=\"og:locale\" content=\"es_ES\" \/>\n<meta property=\"og:type\" content=\"article\" \/>\n<meta property=\"og:title\" content=\"Tipos de margen de futuros - TradeStation Born to Trade\" \/>\n<meta property=\"og:description\" content=\"Abre m\u00e1s puertas con atractivas tasas de margen de futuros. Utiliza el poder de tu cartera para mejorar tu estrategia de negociaci\u00f3n. Abrir una cuenta La negociaci\u00f3n de futuros no es adecuada para todos los inversores. La negociaci\u00f3n con margen... Read more\" \/>\n<meta property=\"og:url\" content=\"https:\/\/tseu.web1-webheads.temporarywebsiteaddress.com\/es\/precios\/tipos-de-margen-de-futuros\/\" \/>\n<meta property=\"og:site_name\" content=\"TradeStation Born to Trade\" \/>\n<meta property=\"article:modified_time\" content=\"2026-03-12T10:09:29+00:00\" \/>\n<meta property=\"og:image\" content=\"https:\/\/tseu.web1-webheads.temporarywebsiteaddress.com\/wp-content\/uploads\/ts-pricing-future-margin-hero-2560x480-1.jpg\" \/>\n\t<meta property=\"og:image:width\" content=\"2560\" \/>\n\t<meta property=\"og:image:height\" content=\"594\" \/>\n\t<meta property=\"og:image:type\" content=\"image\/jpeg\" \/>\n<meta name=\"twitter:card\" content=\"summary_large_image\" \/>\n<script type=\"application\/ld+json\" class=\"yoast-schema-graph\">{\"@context\":\"https:\\\/\\\/schema.org\",\"@graph\":[{\"@type\":\"WebPage\",\"@id\":\"https:\\\/\\\/tseu.web1-webheads.temporarywebsiteaddress.com\\\/es\\\/precios\\\/tipos-de-margen-de-futuros\\\/\",\"url\":\"https:\\\/\\\/tseu.web1-webheads.temporarywebsiteaddress.com\\\/es\\\/precios\\\/tipos-de-margen-de-futuros\\\/\",\"name\":\"Tipos de margen de futuros - TradeStation Born to Trade\",\"isPartOf\":{\"@id\":\"https:\\\/\\\/tseu.web1-webheads.temporarywebsiteaddress.com\\\/es\\\/#website\"},\"primaryImageOfPage\":{\"@id\":\"https:\\\/\\\/tseu.web1-webheads.temporarywebsiteaddress.com\\\/es\\\/precios\\\/tipos-de-margen-de-futuros\\\/#primaryimage\"},\"image\":{\"@id\":\"https:\\\/\\\/tseu.web1-webheads.temporarywebsiteaddress.com\\\/es\\\/precios\\\/tipos-de-margen-de-futuros\\\/#primaryimage\"},\"thumbnailUrl\":\"https:\\\/\\\/tseu.web1-webheads.temporarywebsiteaddress.com\\\/wp-content\\\/uploads\\\/ts-pricing-future-margin-hero-2560x480-1.jpg\",\"datePublished\":\"2025-08-27T21:46:10+00:00\",\"dateModified\":\"2026-03-12T10:09:29+00:00\",\"breadcrumb\":{\"@id\":\"https:\\\/\\\/tseu.web1-webheads.temporarywebsiteaddress.com\\\/es\\\/precios\\\/tipos-de-margen-de-futuros\\\/#breadcrumb\"},\"inLanguage\":\"es\",\"potentialAction\":[{\"@type\":\"ReadAction\",\"target\":[\"https:\\\/\\\/tseu.web1-webheads.temporarywebsiteaddress.com\\\/es\\\/precios\\\/tipos-de-margen-de-futuros\\\/\"]}]},{\"@type\":\"ImageObject\",\"inLanguage\":\"es\",\"@id\":\"https:\\\/\\\/tseu.web1-webheads.temporarywebsiteaddress.com\\\/es\\\/precios\\\/tipos-de-margen-de-futuros\\\/#primaryimage\",\"url\":\"https:\\\/\\\/tseu.web1-webheads.temporarywebsiteaddress.com\\\/wp-content\\\/uploads\\\/ts-pricing-future-margin-hero-2560x480-1.jpg\",\"contentUrl\":\"https:\\\/\\\/tseu.web1-webheads.temporarywebsiteaddress.com\\\/wp-content\\\/uploads\\\/ts-pricing-future-margin-hero-2560x480-1.jpg\",\"width\":2560,\"height\":594},{\"@type\":\"BreadcrumbList\",\"@id\":\"https:\\\/\\\/tseu.web1-webheads.temporarywebsiteaddress.com\\\/es\\\/precios\\\/tipos-de-margen-de-futuros\\\/#breadcrumb\",\"itemListElement\":[{\"@type\":\"ListItem\",\"position\":1,\"name\":\"Inicio\",\"item\":\"https:\\\/\\\/tseu.web1-webheads.temporarywebsiteaddress.com\\\/es\\\/\"},{\"@type\":\"ListItem\",\"position\":2,\"name\":\"Precios\",\"item\":\"https:\\\/\\\/tseu.web1-webheads.temporarywebsiteaddress.com\\\/es\\\/pricing\\\/\"},{\"@type\":\"ListItem\",\"position\":3,\"name\":\"Tipos de margen de futuros\"}]},{\"@type\":\"WebSite\",\"@id\":\"https:\\\/\\\/tseu.web1-webheads.temporarywebsiteaddress.com\\\/es\\\/#website\",\"url\":\"https:\\\/\\\/tseu.web1-webheads.temporarywebsiteaddress.com\\\/es\\\/\",\"name\":\"TradeStation Born to Trade\",\"description\":\"\",\"potentialAction\":[{\"@type\":\"SearchAction\",\"target\":{\"@type\":\"EntryPoint\",\"urlTemplate\":\"https:\\\/\\\/tseu.web1-webheads.temporarywebsiteaddress.com\\\/es\\\/?s={search_term_string}\"},\"query-input\":{\"@type\":\"PropertyValueSpecification\",\"valueRequired\":true,\"valueName\":\"search_term_string\"}}],\"inLanguage\":\"es\"}]}<\/script>\n<!-- \/ Yoast SEO plugin. -->","yoast_head_json":{"title":"Tipos de margen de futuros - TradeStation Born to Trade","robots":{"index":"noindex","follow":"follow","max-snippet":"max-snippet:-1","max-image-preview":"max-image-preview:large","max-video-preview":"max-video-preview:-1"},"og_locale":"es_ES","og_type":"article","og_title":"Tipos de margen de futuros - TradeStation Born to Trade","og_description":"Abre m\u00e1s puertas con atractivas tasas de margen de futuros. Utiliza el poder de tu cartera para mejorar tu estrategia de negociaci\u00f3n. Abrir una cuenta La negociaci\u00f3n de futuros no es adecuada para todos los inversores. La negociaci\u00f3n con margen... Read more","og_url":"https:\/\/tseu.web1-webheads.temporarywebsiteaddress.com\/es\/precios\/tipos-de-margen-de-futuros\/","og_site_name":"TradeStation Born to Trade","article_modified_time":"2026-03-12T10:09:29+00:00","og_image":[{"width":2560,"height":594,"url":"https:\/\/tseu.web1-webheads.temporarywebsiteaddress.com\/wp-content\/uploads\/ts-pricing-future-margin-hero-2560x480-1.jpg","type":"image\/jpeg"}],"twitter_card":"summary_large_image","schema":{"@context":"https:\/\/schema.org","@graph":[{"@type":"WebPage","@id":"https:\/\/tseu.web1-webheads.temporarywebsiteaddress.com\/es\/precios\/tipos-de-margen-de-futuros\/","url":"https:\/\/tseu.web1-webheads.temporarywebsiteaddress.com\/es\/precios\/tipos-de-margen-de-futuros\/","name":"Tipos de margen de futuros - TradeStation Born to Trade","isPartOf":{"@id":"https:\/\/tseu.web1-webheads.temporarywebsiteaddress.com\/es\/#website"},"primaryImageOfPage":{"@id":"https:\/\/tseu.web1-webheads.temporarywebsiteaddress.com\/es\/precios\/tipos-de-margen-de-futuros\/#primaryimage"},"image":{"@id":"https:\/\/tseu.web1-webheads.temporarywebsiteaddress.com\/es\/precios\/tipos-de-margen-de-futuros\/#primaryimage"},"thumbnailUrl":"https:\/\/tseu.web1-webheads.temporarywebsiteaddress.com\/wp-content\/uploads\/ts-pricing-future-margin-hero-2560x480-1.jpg","datePublished":"2025-08-27T21:46:10+00:00","dateModified":"2026-03-12T10:09:29+00:00","breadcrumb":{"@id":"https:\/\/tseu.web1-webheads.temporarywebsiteaddress.com\/es\/precios\/tipos-de-margen-de-futuros\/#breadcrumb"},"inLanguage":"es","potentialAction":[{"@type":"ReadAction","target":["https:\/\/tseu.web1-webheads.temporarywebsiteaddress.com\/es\/precios\/tipos-de-margen-de-futuros\/"]}]},{"@type":"ImageObject","inLanguage":"es","@id":"https:\/\/tseu.web1-webheads.temporarywebsiteaddress.com\/es\/precios\/tipos-de-margen-de-futuros\/#primaryimage","url":"https:\/\/tseu.web1-webheads.temporarywebsiteaddress.com\/wp-content\/uploads\/ts-pricing-future-margin-hero-2560x480-1.jpg","contentUrl":"https:\/\/tseu.web1-webheads.temporarywebsiteaddress.com\/wp-content\/uploads\/ts-pricing-future-margin-hero-2560x480-1.jpg","width":2560,"height":594},{"@type":"BreadcrumbList","@id":"https:\/\/tseu.web1-webheads.temporarywebsiteaddress.com\/es\/precios\/tipos-de-margen-de-futuros\/#breadcrumb","itemListElement":[{"@type":"ListItem","position":1,"name":"Inicio","item":"https:\/\/tseu.web1-webheads.temporarywebsiteaddress.com\/es\/"},{"@type":"ListItem","position":2,"name":"Precios","item":"https:\/\/tseu.web1-webheads.temporarywebsiteaddress.com\/es\/pricing\/"},{"@type":"ListItem","position":3,"name":"Tipos de margen de futuros"}]},{"@type":"WebSite","@id":"https:\/\/tseu.web1-webheads.temporarywebsiteaddress.com\/es\/#website","url":"https:\/\/tseu.web1-webheads.temporarywebsiteaddress.com\/es\/","name":"TradeStation Born to Trade","description":"","potentialAction":[{"@type":"SearchAction","target":{"@type":"EntryPoint","urlTemplate":"https:\/\/tseu.web1-webheads.temporarywebsiteaddress.com\/es\/?s={search_term_string}"},"query-input":{"@type":"PropertyValueSpecification","valueRequired":true,"valueName":"search_term_string"}}],"inLanguage":"es"}]}},"_links":{"self":[{"href":"https:\/\/tseu.web1-webheads.temporarywebsiteaddress.com\/es\/wp-json\/wp\/v2\/pages\/4351","targetHints":{"allow":["GET"]}}],"collection":[{"href":"https:\/\/tseu.web1-webheads.temporarywebsiteaddress.com\/es\/wp-json\/wp\/v2\/pages"}],"about":[{"href":"https:\/\/tseu.web1-webheads.temporarywebsiteaddress.com\/es\/wp-json\/wp\/v2\/types\/page"}],"author":[{"embeddable":true,"href":"https:\/\/tseu.web1-webheads.temporarywebsiteaddress.com\/es\/wp-json\/wp\/v2\/users\/1"}],"replies":[{"embeddable":true,"href":"https:\/\/tseu.web1-webheads.temporarywebsiteaddress.com\/es\/wp-json\/wp\/v2\/comments?post=4351"}],"version-history":[{"count":1,"href":"https:\/\/tseu.web1-webheads.temporarywebsiteaddress.com\/es\/wp-json\/wp\/v2\/pages\/4351\/revisions"}],"predecessor-version":[{"id":5589,"href":"https:\/\/tseu.web1-webheads.temporarywebsiteaddress.com\/es\/wp-json\/wp\/v2\/pages\/4351\/revisions\/5589"}],"up":[{"embeddable":true,"href":"https:\/\/tseu.web1-webheads.temporarywebsiteaddress.com\/es\/wp-json\/wp\/v2\/pages\/2325"}],"wp:featuredmedia":[{"embeddable":true,"href":"https:\/\/tseu.web1-webheads.temporarywebsiteaddress.com\/es\/wp-json\/wp\/v2\/media\/4354"}],"wp:attachment":[{"href":"https:\/\/tseu.web1-webheads.temporarywebsiteaddress.com\/es\/wp-json\/wp\/v2\/media?parent=4351"}],"curies":[{"name":"wp","href":"https:\/\/api.w.org\/{rel}","templated":true}]}}