{"id":2841,"date":"2025-12-07T11:42:07","date_gmt":"2025-12-07T11:42:07","guid":{"rendered":"https:\/\/tseu.web1-webheads.temporarywebsiteaddress.com\/comment-utiliser-les-actualites-pour-trouver-et-filtrer-les-evenements-dactualite\/"},"modified":"2026-01-09T11:59:51","modified_gmt":"2026-01-09T11:59:51","slug":"comment-utiliser-les-actualites-pour-trouver-et-filtrer-les-evenements-dactualite","status":"publish","type":"page","link":"https:\/\/tseu.web1-webheads.temporarywebsiteaddress.com\/fr\/apprendre\/apprendre-demarrer\/tradestation-web\/comment-utiliser-les-actualites-pour-trouver-et-filtrer-les-evenements-dactualite\/","title":{"rendered":"Comment utiliser les actualit\u00e9s pour trouver et filtrer les \u00e9v\u00e9nements d&rsquo;actualit\u00e9 ?"},"content":{"rendered":"<h2>TradeStation Web<\/h2>\n<p>Conseils rapides<\/p>\n","protected":false},"excerpt":{"rendered":"<p>TradeStation Web Conseils rapides<\/p>\n","protected":false},"author":2,"featured_media":0,"parent":3191,"menu_order":16,"comment_status":"closed","ping_status":"closed","template":"","meta":{"_acf_changed":false,"footnotes":""},"class_list":["post-2841","page","type-page","status-publish","hentry"],"acf":[],"yoast_head":"<!-- This site is optimized with the Yoast SEO plugin v27.5 - https:\/\/yoast.com\/product\/yoast-seo-wordpress\/ -->\n<title>Comment utiliser les actualit\u00e9s pour trouver et filtrer les \u00e9v\u00e9nements d&#039;actualit\u00e9 ? - TradeStation Born to Trade<\/title>\n<meta name=\"robots\" content=\"noindex, follow, max-snippet:-1, max-image-preview:large, max-video-preview:-1\" \/>\n<meta property=\"og:locale\" content=\"fr_FR\" \/>\n<meta property=\"og:type\" content=\"article\" \/>\n<meta property=\"og:title\" content=\"Comment utiliser les actualit\u00e9s pour trouver et filtrer les \u00e9v\u00e9nements d&#039;actualit\u00e9 ? - TradeStation Born to Trade\" \/>\n<meta property=\"og:description\" content=\"TradeStation Web Conseils rapides\" \/>\n<meta property=\"og:url\" content=\"https:\/\/tseu.web1-webheads.temporarywebsiteaddress.com\/fr\/apprendre\/apprendre-demarrer\/tradestation-web\/comment-utiliser-les-actualites-pour-trouver-et-filtrer-les-evenements-dactualite\/\" \/>\n<meta property=\"og:site_name\" content=\"TradeStation Born to Trade\" \/>\n<meta property=\"article:modified_time\" content=\"2026-01-09T11:59:51+00:00\" \/>\n<meta name=\"twitter:card\" content=\"summary_large_image\" \/>\n<script type=\"application\/ld+json\" class=\"yoast-schema-graph\">{\"@context\":\"https:\\\/\\\/schema.org\",\"@graph\":[{\"@type\":\"WebPage\",\"@id\":\"https:\\\/\\\/tseu.web1-webheads.temporarywebsiteaddress.com\\\/fr\\\/apprendre\\\/apprendre-demarrer\\\/tradestation-web\\\/comment-utiliser-les-actualites-pour-trouver-et-filtrer-les-evenements-dactualite\\\/\",\"url\":\"https:\\\/\\\/tseu.web1-webheads.temporarywebsiteaddress.com\\\/fr\\\/apprendre\\\/apprendre-demarrer\\\/tradestation-web\\\/comment-utiliser-les-actualites-pour-trouver-et-filtrer-les-evenements-dactualite\\\/\",\"name\":\"Comment utiliser les actualit\u00e9s pour trouver et filtrer les \u00e9v\u00e9nements d'actualit\u00e9 ? - TradeStation Born to Trade\",\"isPartOf\":{\"@id\":\"https:\\\/\\\/tseu.web1-webheads.temporarywebsiteaddress.com\\\/fr\\\/#website\"},\"datePublished\":\"2025-12-07T11:42:07+00:00\",\"dateModified\":\"2026-01-09T11:59:51+00:00\",\"breadcrumb\":{\"@id\":\"https:\\\/\\\/tseu.web1-webheads.temporarywebsiteaddress.com\\\/fr\\\/apprendre\\\/apprendre-demarrer\\\/tradestation-web\\\/comment-utiliser-les-actualites-pour-trouver-et-filtrer-les-evenements-dactualite\\\/#breadcrumb\"},\"inLanguage\":\"fr-FR\",\"potentialAction\":[{\"@type\":\"ReadAction\",\"target\":[\"https:\\\/\\\/tseu.web1-webheads.temporarywebsiteaddress.com\\\/fr\\\/apprendre\\\/apprendre-demarrer\\\/tradestation-web\\\/comment-utiliser-les-actualites-pour-trouver-et-filtrer-les-evenements-dactualite\\\/\"]}]},{\"@type\":\"BreadcrumbList\",\"@id\":\"https:\\\/\\\/tseu.web1-webheads.temporarywebsiteaddress.com\\\/fr\\\/apprendre\\\/apprendre-demarrer\\\/tradestation-web\\\/comment-utiliser-les-actualites-pour-trouver-et-filtrer-les-evenements-dactualite\\\/#breadcrumb\",\"itemListElement\":[{\"@type\":\"ListItem\",\"position\":1,\"name\":\"Accueil\",\"item\":\"https:\\\/\\\/tseu.web1-webheads.temporarywebsiteaddress.com\\\/fr\\\/\"},{\"@type\":\"ListItem\",\"position\":2,\"name\":\"Apprendre\",\"item\":\"https:\\\/\\\/tseu.web1-webheads.temporarywebsiteaddress.com\\\/fr\\\/learn\\\/\"},{\"@type\":\"ListItem\",\"position\":3,\"name\":\"Apprendre &#8211; D\u00e9marrer\",\"item\":\"https:\\\/\\\/tseu.web1-webheads.temporarywebsiteaddress.com\\\/fr\\\/learn\\\/getting-started\\\/\"},{\"@type\":\"ListItem\",\"position\":4,\"name\":\"TradeStation Web\",\"item\":\"https:\\\/\\\/tseu.web1-webheads.temporarywebsiteaddress.com\\\/fr\\\/learn\\\/getting-started\\\/tradestation-web\\\/\"},{\"@type\":\"ListItem\",\"position\":5,\"name\":\"Comment utiliser les actualit\u00e9s pour trouver et filtrer les \u00e9v\u00e9nements d&#8217;actualit\u00e9 ?\"}]},{\"@type\":\"WebSite\",\"@id\":\"https:\\\/\\\/tseu.web1-webheads.temporarywebsiteaddress.com\\\/fr\\\/#website\",\"url\":\"https:\\\/\\\/tseu.web1-webheads.temporarywebsiteaddress.com\\\/fr\\\/\",\"name\":\"TradeStation Born to Trade\",\"description\":\"\",\"potentialAction\":[{\"@type\":\"SearchAction\",\"target\":{\"@type\":\"EntryPoint\",\"urlTemplate\":\"https:\\\/\\\/tseu.web1-webheads.temporarywebsiteaddress.com\\\/fr\\\/?s={search_term_string}\"},\"query-input\":{\"@type\":\"PropertyValueSpecification\",\"valueRequired\":true,\"valueName\":\"search_term_string\"}}],\"inLanguage\":\"fr-FR\"}]}<\/script>\n<!-- \/ Yoast SEO plugin. -->","yoast_head_json":{"title":"Comment utiliser les actualit\u00e9s pour trouver et filtrer les \u00e9v\u00e9nements d'actualit\u00e9 ? - TradeStation Born to Trade","robots":{"index":"noindex","follow":"follow","max-snippet":"max-snippet:-1","max-image-preview":"max-image-preview:large","max-video-preview":"max-video-preview:-1"},"og_locale":"fr_FR","og_type":"article","og_title":"Comment utiliser les actualit\u00e9s pour trouver et filtrer les \u00e9v\u00e9nements d'actualit\u00e9 ? - TradeStation Born to Trade","og_description":"TradeStation Web Conseils rapides","og_url":"https:\/\/tseu.web1-webheads.temporarywebsiteaddress.com\/fr\/apprendre\/apprendre-demarrer\/tradestation-web\/comment-utiliser-les-actualites-pour-trouver-et-filtrer-les-evenements-dactualite\/","og_site_name":"TradeStation Born to Trade","article_modified_time":"2026-01-09T11:59:51+00:00","twitter_card":"summary_large_image","schema":{"@context":"https:\/\/schema.org","@graph":[{"@type":"WebPage","@id":"https:\/\/tseu.web1-webheads.temporarywebsiteaddress.com\/fr\/apprendre\/apprendre-demarrer\/tradestation-web\/comment-utiliser-les-actualites-pour-trouver-et-filtrer-les-evenements-dactualite\/","url":"https:\/\/tseu.web1-webheads.temporarywebsiteaddress.com\/fr\/apprendre\/apprendre-demarrer\/tradestation-web\/comment-utiliser-les-actualites-pour-trouver-et-filtrer-les-evenements-dactualite\/","name":"Comment utiliser les actualit\u00e9s pour trouver et filtrer les \u00e9v\u00e9nements d'actualit\u00e9 ? - TradeStation Born to Trade","isPartOf":{"@id":"https:\/\/tseu.web1-webheads.temporarywebsiteaddress.com\/fr\/#website"},"datePublished":"2025-12-07T11:42:07+00:00","dateModified":"2026-01-09T11:59:51+00:00","breadcrumb":{"@id":"https:\/\/tseu.web1-webheads.temporarywebsiteaddress.com\/fr\/apprendre\/apprendre-demarrer\/tradestation-web\/comment-utiliser-les-actualites-pour-trouver-et-filtrer-les-evenements-dactualite\/#breadcrumb"},"inLanguage":"fr-FR","potentialAction":[{"@type":"ReadAction","target":["https:\/\/tseu.web1-webheads.temporarywebsiteaddress.com\/fr\/apprendre\/apprendre-demarrer\/tradestation-web\/comment-utiliser-les-actualites-pour-trouver-et-filtrer-les-evenements-dactualite\/"]}]},{"@type":"BreadcrumbList","@id":"https:\/\/tseu.web1-webheads.temporarywebsiteaddress.com\/fr\/apprendre\/apprendre-demarrer\/tradestation-web\/comment-utiliser-les-actualites-pour-trouver-et-filtrer-les-evenements-dactualite\/#breadcrumb","itemListElement":[{"@type":"ListItem","position":1,"name":"Accueil","item":"https:\/\/tseu.web1-webheads.temporarywebsiteaddress.com\/fr\/"},{"@type":"ListItem","position":2,"name":"Apprendre","item":"https:\/\/tseu.web1-webheads.temporarywebsiteaddress.com\/fr\/learn\/"},{"@type":"ListItem","position":3,"name":"Apprendre &#8211; D\u00e9marrer","item":"https:\/\/tseu.web1-webheads.temporarywebsiteaddress.com\/fr\/learn\/getting-started\/"},{"@type":"ListItem","position":4,"name":"TradeStation Web","item":"https:\/\/tseu.web1-webheads.temporarywebsiteaddress.com\/fr\/learn\/getting-started\/tradestation-web\/"},{"@type":"ListItem","position":5,"name":"Comment utiliser les actualit\u00e9s pour trouver et filtrer les \u00e9v\u00e9nements d&#8217;actualit\u00e9 ?"}]},{"@type":"WebSite","@id":"https:\/\/tseu.web1-webheads.temporarywebsiteaddress.com\/fr\/#website","url":"https:\/\/tseu.web1-webheads.temporarywebsiteaddress.com\/fr\/","name":"TradeStation Born to Trade","description":"","potentialAction":[{"@type":"SearchAction","target":{"@type":"EntryPoint","urlTemplate":"https:\/\/tseu.web1-webheads.temporarywebsiteaddress.com\/fr\/?s={search_term_string}"},"query-input":{"@type":"PropertyValueSpecification","valueRequired":true,"valueName":"search_term_string"}}],"inLanguage":"fr-FR"}]}},"_links":{"self":[{"href":"https:\/\/tseu.web1-webheads.temporarywebsiteaddress.com\/fr\/wp-json\/wp\/v2\/pages\/2841","targetHints":{"allow":["GET"]}}],"collection":[{"href":"https:\/\/tseu.web1-webheads.temporarywebsiteaddress.com\/fr\/wp-json\/wp\/v2\/pages"}],"about":[{"href":"https:\/\/tseu.web1-webheads.temporarywebsiteaddress.com\/fr\/wp-json\/wp\/v2\/types\/page"}],"author":[{"embeddable":true,"href":"https:\/\/tseu.web1-webheads.temporarywebsiteaddress.com\/fr\/wp-json\/wp\/v2\/users\/2"}],"replies":[{"embeddable":true,"href":"https:\/\/tseu.web1-webheads.temporarywebsiteaddress.com\/fr\/wp-json\/wp\/v2\/comments?post=2841"}],"version-history":[{"count":1,"href":"https:\/\/tseu.web1-webheads.temporarywebsiteaddress.com\/fr\/wp-json\/wp\/v2\/pages\/2841\/revisions"}],"predecessor-version":[{"id":3192,"href":"https:\/\/tseu.web1-webheads.temporarywebsiteaddress.com\/fr\/wp-json\/wp\/v2\/pages\/2841\/revisions\/3192"}],"up":[{"embeddable":true,"href":"https:\/\/tseu.web1-webheads.temporarywebsiteaddress.com\/fr\/wp-json\/wp\/v2\/pages\/3191"}],"wp:attachment":[{"href":"https:\/\/tseu.web1-webheads.temporarywebsiteaddress.com\/fr\/wp-json\/wp\/v2\/media?parent=2841"}],"curies":[{"name":"wp","href":"https:\/\/api.w.org\/{rel}","templated":true}]}}