{"id":3033,"date":"2025-12-11T10:52:56","date_gmt":"2025-12-11T10:52:56","guid":{"rendered":"https:\/\/tseu.web1-webheads.temporarywebsiteaddress.com\/fintech-et-developpeur\/"},"modified":"2026-01-22T20:32:01","modified_gmt":"2026-01-22T20:32:01","slug":"fintech-et-developpeur","status":"publish","type":"page","link":"https:\/\/tseu.web1-webheads.temporarywebsiteaddress.com\/fr\/fintech-et-developpeur\/","title":{"rendered":"Fintech et d\u00e9veloppeur"},"content":{"rendered":"<h1 style=\"text-align: center;\">Solutions pour d\u00e9veloppeurs TradeStation<\/h1>\n<p style=\"text-align: center;\">D\u00e9couvrez la technologie et l&rsquo;API de trading sur lesquelles reposent l&rsquo;application mobile TradeStation prim\u00e9e* et notre plateforme de trading Web. Connectez votre application financi\u00e8re \u00e0 notre API et cr\u00e9ez l&rsquo;exp\u00e9rience de trading ultime pour vos clients. <\/p>\n<p style=\"text-align: center;\"><a href=\"#module_4\" class=\"et_pb_button et_pb_button_0 et_pb_bg_layout_light button_cta\" id=\"go-to-form\">Obtenir la cl\u00e9 de l&rsquo;API<\/a><\/p>\n","protected":false},"excerpt":{"rendered":"<p>Solutions pour d\u00e9veloppeurs TradeStation D\u00e9couvrez la technologie et l&rsquo;API de trading sur lesquelles reposent l&rsquo;application mobile TradeStation prim\u00e9e* et notre plateforme de trading Web. Connectez votre application financi\u00e8re \u00e0 notre API et cr\u00e9ez l&rsquo;exp\u00e9rience de trading ultime pour vos clients&#8230;. <a class=\"view-article\" href=\"https:\/\/tseu.web1-webheads.temporarywebsiteaddress.com\/fr\/fintech-et-developpeur\/\">Read more<\/a><\/p>\n","protected":false},"author":2,"featured_media":3034,"parent":0,"menu_order":15,"comment_status":"closed","ping_status":"closed","template":"","meta":{"_acf_changed":false,"footnotes":""},"class_list":["post-3033","page","type-page","status-publish","has-post-thumbnail","hentry"],"acf":[],"yoast_head":"<!-- This site is optimized with the Yoast SEO plugin v27.5 - https:\/\/yoast.com\/product\/yoast-seo-wordpress\/ -->\n<title>Fintech et d\u00e9veloppeur - TradeStation Born to Trade<\/title>\n<meta name=\"robots\" content=\"noindex, follow, max-snippet:-1, max-image-preview:large, max-video-preview:-1\" \/>\n<meta property=\"og:locale\" content=\"fr_FR\" \/>\n<meta property=\"og:type\" content=\"article\" \/>\n<meta property=\"og:title\" content=\"Fintech et d\u00e9veloppeur - TradeStation Born to Trade\" \/>\n<meta property=\"og:description\" content=\"Solutions pour d\u00e9veloppeurs TradeStation D\u00e9couvrez la technologie et l&rsquo;API de trading sur lesquelles reposent l&rsquo;application mobile TradeStation prim\u00e9e* et notre plateforme de trading Web. Connectez votre application financi\u00e8re \u00e0 notre API et cr\u00e9ez l&rsquo;exp\u00e9rience de trading ultime pour vos clients.... Read more\" \/>\n<meta property=\"og:url\" content=\"https:\/\/tseu.web1-webheads.temporarywebsiteaddress.com\/fr\/fintech-et-developpeur\/\" \/>\n<meta property=\"og:site_name\" content=\"TradeStation Born to Trade\" \/>\n<meta property=\"article:modified_time\" content=\"2026-01-22T20:32:01+00:00\" \/>\n<meta property=\"og:image\" content=\"https:\/\/tseu.web1-webheads.temporarywebsiteaddress.com\/wp-content\/uploads\/hero-hp-bg-ts-logo-mark-2560x770-1-scaled-1.jpg\" \/>\n\t<meta property=\"og:image:width\" content=\"2560\" \/>\n\t<meta property=\"og:image:height\" content=\"774\" \/>\n\t<meta property=\"og:image:type\" content=\"image\/jpeg\" \/>\n<meta name=\"twitter:card\" content=\"summary_large_image\" \/>\n<script type=\"application\/ld+json\" class=\"yoast-schema-graph\">{\"@context\":\"https:\\\/\\\/schema.org\",\"@graph\":[{\"@type\":\"WebPage\",\"@id\":\"https:\\\/\\\/tseu.web1-webheads.temporarywebsiteaddress.com\\\/fr\\\/fintech-et-developpeur\\\/\",\"url\":\"https:\\\/\\\/tseu.web1-webheads.temporarywebsiteaddress.com\\\/fr\\\/fintech-et-developpeur\\\/\",\"name\":\"Fintech et d\u00e9veloppeur - TradeStation Born to Trade\",\"isPartOf\":{\"@id\":\"https:\\\/\\\/tseu.web1-webheads.temporarywebsiteaddress.com\\\/fr\\\/#website\"},\"primaryImageOfPage\":{\"@id\":\"https:\\\/\\\/tseu.web1-webheads.temporarywebsiteaddress.com\\\/fr\\\/fintech-et-developpeur\\\/#primaryimage\"},\"image\":{\"@id\":\"https:\\\/\\\/tseu.web1-webheads.temporarywebsiteaddress.com\\\/fr\\\/fintech-et-developpeur\\\/#primaryimage\"},\"thumbnailUrl\":\"https:\\\/\\\/tseu.web1-webheads.temporarywebsiteaddress.com\\\/wp-content\\\/uploads\\\/hero-hp-bg-ts-logo-mark-2560x770-1-scaled-1.jpg\",\"datePublished\":\"2025-12-11T10:52:56+00:00\",\"dateModified\":\"2026-01-22T20:32:01+00:00\",\"breadcrumb\":{\"@id\":\"https:\\\/\\\/tseu.web1-webheads.temporarywebsiteaddress.com\\\/fr\\\/fintech-et-developpeur\\\/#breadcrumb\"},\"inLanguage\":\"fr-FR\",\"potentialAction\":[{\"@type\":\"ReadAction\",\"target\":[\"https:\\\/\\\/tseu.web1-webheads.temporarywebsiteaddress.com\\\/fr\\\/fintech-et-developpeur\\\/\"]}]},{\"@type\":\"ImageObject\",\"inLanguage\":\"fr-FR\",\"@id\":\"https:\\\/\\\/tseu.web1-webheads.temporarywebsiteaddress.com\\\/fr\\\/fintech-et-developpeur\\\/#primaryimage\",\"url\":\"https:\\\/\\\/tseu.web1-webheads.temporarywebsiteaddress.com\\\/wp-content\\\/uploads\\\/hero-hp-bg-ts-logo-mark-2560x770-1-scaled-1.jpg\",\"contentUrl\":\"https:\\\/\\\/tseu.web1-webheads.temporarywebsiteaddress.com\\\/wp-content\\\/uploads\\\/hero-hp-bg-ts-logo-mark-2560x770-1-scaled-1.jpg\",\"width\":2560,\"height\":774},{\"@type\":\"BreadcrumbList\",\"@id\":\"https:\\\/\\\/tseu.web1-webheads.temporarywebsiteaddress.com\\\/fr\\\/fintech-et-developpeur\\\/#breadcrumb\",\"itemListElement\":[{\"@type\":\"ListItem\",\"position\":1,\"name\":\"Accueil\",\"item\":\"https:\\\/\\\/tseu.web1-webheads.temporarywebsiteaddress.com\\\/fr\\\/\"},{\"@type\":\"ListItem\",\"position\":2,\"name\":\"Fintech et d\u00e9veloppeur\"}]},{\"@type\":\"WebSite\",\"@id\":\"https:\\\/\\\/tseu.web1-webheads.temporarywebsiteaddress.com\\\/fr\\\/#website\",\"url\":\"https:\\\/\\\/tseu.web1-webheads.temporarywebsiteaddress.com\\\/fr\\\/\",\"name\":\"TradeStation Born to Trade\",\"description\":\"\",\"potentialAction\":[{\"@type\":\"SearchAction\",\"target\":{\"@type\":\"EntryPoint\",\"urlTemplate\":\"https:\\\/\\\/tseu.web1-webheads.temporarywebsiteaddress.com\\\/fr\\\/?s={search_term_string}\"},\"query-input\":{\"@type\":\"PropertyValueSpecification\",\"valueRequired\":true,\"valueName\":\"search_term_string\"}}],\"inLanguage\":\"fr-FR\"}]}<\/script>\n<!-- \/ Yoast SEO plugin. -->","yoast_head_json":{"title":"Fintech et d\u00e9veloppeur - TradeStation Born to Trade","robots":{"index":"noindex","follow":"follow","max-snippet":"max-snippet:-1","max-image-preview":"max-image-preview:large","max-video-preview":"max-video-preview:-1"},"og_locale":"fr_FR","og_type":"article","og_title":"Fintech et d\u00e9veloppeur - TradeStation Born to Trade","og_description":"Solutions pour d\u00e9veloppeurs TradeStation D\u00e9couvrez la technologie et l&rsquo;API de trading sur lesquelles reposent l&rsquo;application mobile TradeStation prim\u00e9e* et notre plateforme de trading Web. Connectez votre application financi\u00e8re \u00e0 notre API et cr\u00e9ez l&rsquo;exp\u00e9rience de trading ultime pour vos clients.... Read more","og_url":"https:\/\/tseu.web1-webheads.temporarywebsiteaddress.com\/fr\/fintech-et-developpeur\/","og_site_name":"TradeStation Born to Trade","article_modified_time":"2026-01-22T20:32:01+00:00","og_image":[{"width":2560,"height":774,"url":"https:\/\/tseu.web1-webheads.temporarywebsiteaddress.com\/wp-content\/uploads\/hero-hp-bg-ts-logo-mark-2560x770-1-scaled-1.jpg","type":"image\/jpeg"}],"twitter_card":"summary_large_image","schema":{"@context":"https:\/\/schema.org","@graph":[{"@type":"WebPage","@id":"https:\/\/tseu.web1-webheads.temporarywebsiteaddress.com\/fr\/fintech-et-developpeur\/","url":"https:\/\/tseu.web1-webheads.temporarywebsiteaddress.com\/fr\/fintech-et-developpeur\/","name":"Fintech et d\u00e9veloppeur - TradeStation Born to Trade","isPartOf":{"@id":"https:\/\/tseu.web1-webheads.temporarywebsiteaddress.com\/fr\/#website"},"primaryImageOfPage":{"@id":"https:\/\/tseu.web1-webheads.temporarywebsiteaddress.com\/fr\/fintech-et-developpeur\/#primaryimage"},"image":{"@id":"https:\/\/tseu.web1-webheads.temporarywebsiteaddress.com\/fr\/fintech-et-developpeur\/#primaryimage"},"thumbnailUrl":"https:\/\/tseu.web1-webheads.temporarywebsiteaddress.com\/wp-content\/uploads\/hero-hp-bg-ts-logo-mark-2560x770-1-scaled-1.jpg","datePublished":"2025-12-11T10:52:56+00:00","dateModified":"2026-01-22T20:32:01+00:00","breadcrumb":{"@id":"https:\/\/tseu.web1-webheads.temporarywebsiteaddress.com\/fr\/fintech-et-developpeur\/#breadcrumb"},"inLanguage":"fr-FR","potentialAction":[{"@type":"ReadAction","target":["https:\/\/tseu.web1-webheads.temporarywebsiteaddress.com\/fr\/fintech-et-developpeur\/"]}]},{"@type":"ImageObject","inLanguage":"fr-FR","@id":"https:\/\/tseu.web1-webheads.temporarywebsiteaddress.com\/fr\/fintech-et-developpeur\/#primaryimage","url":"https:\/\/tseu.web1-webheads.temporarywebsiteaddress.com\/wp-content\/uploads\/hero-hp-bg-ts-logo-mark-2560x770-1-scaled-1.jpg","contentUrl":"https:\/\/tseu.web1-webheads.temporarywebsiteaddress.com\/wp-content\/uploads\/hero-hp-bg-ts-logo-mark-2560x770-1-scaled-1.jpg","width":2560,"height":774},{"@type":"BreadcrumbList","@id":"https:\/\/tseu.web1-webheads.temporarywebsiteaddress.com\/fr\/fintech-et-developpeur\/#breadcrumb","itemListElement":[{"@type":"ListItem","position":1,"name":"Accueil","item":"https:\/\/tseu.web1-webheads.temporarywebsiteaddress.com\/fr\/"},{"@type":"ListItem","position":2,"name":"Fintech et d\u00e9veloppeur"}]},{"@type":"WebSite","@id":"https:\/\/tseu.web1-webheads.temporarywebsiteaddress.com\/fr\/#website","url":"https:\/\/tseu.web1-webheads.temporarywebsiteaddress.com\/fr\/","name":"TradeStation Born to Trade","description":"","potentialAction":[{"@type":"SearchAction","target":{"@type":"EntryPoint","urlTemplate":"https:\/\/tseu.web1-webheads.temporarywebsiteaddress.com\/fr\/?s={search_term_string}"},"query-input":{"@type":"PropertyValueSpecification","valueRequired":true,"valueName":"search_term_string"}}],"inLanguage":"fr-FR"}]}},"_links":{"self":[{"href":"https:\/\/tseu.web1-webheads.temporarywebsiteaddress.com\/fr\/wp-json\/wp\/v2\/pages\/3033","targetHints":{"allow":["GET"]}}],"collection":[{"href":"https:\/\/tseu.web1-webheads.temporarywebsiteaddress.com\/fr\/wp-json\/wp\/v2\/pages"}],"about":[{"href":"https:\/\/tseu.web1-webheads.temporarywebsiteaddress.com\/fr\/wp-json\/wp\/v2\/types\/page"}],"author":[{"embeddable":true,"href":"https:\/\/tseu.web1-webheads.temporarywebsiteaddress.com\/fr\/wp-json\/wp\/v2\/users\/2"}],"replies":[{"embeddable":true,"href":"https:\/\/tseu.web1-webheads.temporarywebsiteaddress.com\/fr\/wp-json\/wp\/v2\/comments?post=3033"}],"version-history":[{"count":5,"href":"https:\/\/tseu.web1-webheads.temporarywebsiteaddress.com\/fr\/wp-json\/wp\/v2\/pages\/3033\/revisions"}],"predecessor-version":[{"id":5048,"href":"https:\/\/tseu.web1-webheads.temporarywebsiteaddress.com\/fr\/wp-json\/wp\/v2\/pages\/3033\/revisions\/5048"}],"wp:featuredmedia":[{"embeddable":true,"href":"https:\/\/tseu.web1-webheads.temporarywebsiteaddress.com\/fr\/wp-json\/wp\/v2\/media\/3034"}],"wp:attachment":[{"href":"https:\/\/tseu.web1-webheads.temporarywebsiteaddress.com\/fr\/wp-json\/wp\/v2\/media?parent=3033"}],"curies":[{"name":"wp","href":"https:\/\/api.w.org\/{rel}","templated":true}]}}