{"id":3074,"date":"2025-09-02T20:21:02","date_gmt":"2025-09-02T20:21:02","guid":{"rendered":"https:\/\/tseu.web1-webheads.temporarywebsiteaddress.com\/institutionnel\/les-marches-que-nous-soutenons\/"},"modified":"2025-09-02T20:21:02","modified_gmt":"2025-09-02T20:21:02","slug":"les-marches-que-nous-soutenons","status":"publish","type":"page","link":"https:\/\/tseu.web1-webheads.temporarywebsiteaddress.com\/fr\/institutionnel\/les-marches-que-nous-soutenons\/","title":{"rendered":"Les march\u00e9s que nous soutenons"},"content":{"rendered":"<p><img loading=\"lazy\" decoding=\"async\" class=\"alignnone wp-image-613 aligncenter\" src=\"https:\/\/tseu.web1-webheads.temporarywebsiteaddress.com\/wp-content\/uploads\/TS-Logo-Service-Institutional-White.webp\" alt=\"\" width=\"290\" height=\"71\" srcset=\"https:\/\/tseu.web1-webheads.temporarywebsiteaddress.com\/wp-content\/uploads\/TS-Logo-Service-Institutional-White.webp 2004w, https:\/\/tseu.web1-webheads.temporarywebsiteaddress.com\/wp-content\/uploads\/TS-Logo-Service-Institutional-White-300x74.webp 300w, https:\/\/tseu.web1-webheads.temporarywebsiteaddress.com\/wp-content\/uploads\/TS-Logo-Service-Institutional-White-1024x251.webp 1024w, https:\/\/tseu.web1-webheads.temporarywebsiteaddress.com\/wp-content\/uploads\/TS-Logo-Service-Institutional-White-768x189.webp 768w, https:\/\/tseu.web1-webheads.temporarywebsiteaddress.com\/wp-content\/uploads\/TS-Logo-Service-Institutional-White-1536x377.webp 1536w\" sizes=\"auto, (max-width: 290px) 100vw, 290px\" \/><\/p>\n<h1 style=\"text-align: center;\">L&rsquo;acc\u00e8s est essentiel pour les n\u00e9gociants institutionnels.<\/h1>\n<p style=\"text-align: center;\" data-start=\"137\" data-end=\"261\">Ne vous laissez pas freiner par un manque d&rsquo;\u00e9changes. Trouvez des opportunit\u00e9s dans les divers march\u00e9s que nous soutenons. <\/p>\n<p style=\"text-align: center;\" data-start=\"137\" data-end=\"261\"><a class=\"button_cta\" href=\"#module_5\">Contactez notre bureau de vente institutionnelle<\/a><\/p>\n","protected":false},"excerpt":{"rendered":"<p>L&rsquo;acc\u00e8s est essentiel pour les n\u00e9gociants institutionnels. Ne vous laissez pas freiner par un manque d&rsquo;\u00e9changes. Trouvez des opportunit\u00e9s dans les divers march\u00e9s que nous soutenons. Contactez notre bureau de vente institutionnelle<\/p>\n","protected":false},"author":2,"featured_media":826,"parent":995,"menu_order":9,"comment_status":"closed","ping_status":"closed","template":"","meta":{"_acf_changed":false,"footnotes":""},"class_list":["post-3074","page","type-page","status-publish","has-post-thumbnail","hentry"],"acf":[],"yoast_head":"<!-- This site is optimized with the Yoast SEO plugin v27.5 - https:\/\/yoast.com\/product\/yoast-seo-wordpress\/ -->\n<title>Les march\u00e9s que nous soutenons - TradeStation Born to Trade<\/title>\n<meta name=\"robots\" content=\"noindex, follow, max-snippet:-1, max-image-preview:large, max-video-preview:-1\" \/>\n<meta property=\"og:locale\" content=\"fr_FR\" \/>\n<meta property=\"og:type\" content=\"article\" \/>\n<meta property=\"og:title\" content=\"Les march\u00e9s que nous soutenons - TradeStation Born to Trade\" \/>\n<meta property=\"og:description\" content=\"L&rsquo;acc\u00e8s est essentiel pour les n\u00e9gociants institutionnels. Ne vous laissez pas freiner par un manque d&rsquo;\u00e9changes. Trouvez des opportunit\u00e9s dans les divers march\u00e9s que nous soutenons. Contactez notre bureau de vente institutionnelle\" \/>\n<meta property=\"og:url\" content=\"https:\/\/tseu.web1-webheads.temporarywebsiteaddress.com\/fr\/institutionnel\/les-marches-que-nous-soutenons\/\" \/>\n<meta property=\"og:site_name\" content=\"TradeStation Born to Trade\" \/>\n<meta property=\"og:image\" content=\"https:\/\/tseu.web1-webheads.temporarywebsiteaddress.com\/wp-content\/uploads\/ebc94df9b702d6eea64184a8da59cc2635f6cdb8.jpg\" \/>\n\t<meta property=\"og:image:width\" content=\"2160\" \/>\n\t<meta property=\"og:image:height\" content=\"1215\" \/>\n\t<meta property=\"og:image:type\" content=\"image\/jpeg\" \/>\n<meta name=\"twitter:card\" content=\"summary_large_image\" \/>\n<script type=\"application\/ld+json\" class=\"yoast-schema-graph\">{\"@context\":\"https:\\\/\\\/schema.org\",\"@graph\":[{\"@type\":\"WebPage\",\"@id\":\"https:\\\/\\\/tseu.web1-webheads.temporarywebsiteaddress.com\\\/fr\\\/institutionnel\\\/les-marches-que-nous-soutenons\\\/\",\"url\":\"https:\\\/\\\/tseu.web1-webheads.temporarywebsiteaddress.com\\\/fr\\\/institutionnel\\\/les-marches-que-nous-soutenons\\\/\",\"name\":\"Les march\u00e9s que nous soutenons - TradeStation Born to Trade\",\"isPartOf\":{\"@id\":\"https:\\\/\\\/tseu.web1-webheads.temporarywebsiteaddress.com\\\/fr\\\/#website\"},\"primaryImageOfPage\":{\"@id\":\"https:\\\/\\\/tseu.web1-webheads.temporarywebsiteaddress.com\\\/fr\\\/institutionnel\\\/les-marches-que-nous-soutenons\\\/#primaryimage\"},\"image\":{\"@id\":\"https:\\\/\\\/tseu.web1-webheads.temporarywebsiteaddress.com\\\/fr\\\/institutionnel\\\/les-marches-que-nous-soutenons\\\/#primaryimage\"},\"thumbnailUrl\":\"https:\\\/\\\/tseu.web1-webheads.temporarywebsiteaddress.com\\\/wp-content\\\/uploads\\\/ebc94df9b702d6eea64184a8da59cc2635f6cdb8.jpg\",\"datePublished\":\"2025-09-02T20:21:02+00:00\",\"breadcrumb\":{\"@id\":\"https:\\\/\\\/tseu.web1-webheads.temporarywebsiteaddress.com\\\/fr\\\/institutionnel\\\/les-marches-que-nous-soutenons\\\/#breadcrumb\"},\"inLanguage\":\"fr-FR\",\"potentialAction\":[{\"@type\":\"ReadAction\",\"target\":[\"https:\\\/\\\/tseu.web1-webheads.temporarywebsiteaddress.com\\\/fr\\\/institutionnel\\\/les-marches-que-nous-soutenons\\\/\"]}]},{\"@type\":\"ImageObject\",\"inLanguage\":\"fr-FR\",\"@id\":\"https:\\\/\\\/tseu.web1-webheads.temporarywebsiteaddress.com\\\/fr\\\/institutionnel\\\/les-marches-que-nous-soutenons\\\/#primaryimage\",\"url\":\"https:\\\/\\\/tseu.web1-webheads.temporarywebsiteaddress.com\\\/wp-content\\\/uploads\\\/ebc94df9b702d6eea64184a8da59cc2635f6cdb8.jpg\",\"contentUrl\":\"https:\\\/\\\/tseu.web1-webheads.temporarywebsiteaddress.com\\\/wp-content\\\/uploads\\\/ebc94df9b702d6eea64184a8da59cc2635f6cdb8.jpg\",\"width\":2160,\"height\":1215},{\"@type\":\"BreadcrumbList\",\"@id\":\"https:\\\/\\\/tseu.web1-webheads.temporarywebsiteaddress.com\\\/fr\\\/institutionnel\\\/les-marches-que-nous-soutenons\\\/#breadcrumb\",\"itemListElement\":[{\"@type\":\"ListItem\",\"position\":1,\"name\":\"Accueil\",\"item\":\"https:\\\/\\\/tseu.web1-webheads.temporarywebsiteaddress.com\\\/fr\\\/\"},{\"@type\":\"ListItem\",\"position\":2,\"name\":\"Institutionnel\",\"item\":\"https:\\\/\\\/tseu.web1-webheads.temporarywebsiteaddress.com\\\/fr\\\/institutionnel\\\/\"},{\"@type\":\"ListItem\",\"position\":3,\"name\":\"Les march\u00e9s que nous soutenons\"}]},{\"@type\":\"WebSite\",\"@id\":\"https:\\\/\\\/tseu.web1-webheads.temporarywebsiteaddress.com\\\/fr\\\/#website\",\"url\":\"https:\\\/\\\/tseu.web1-webheads.temporarywebsiteaddress.com\\\/fr\\\/\",\"name\":\"TradeStation Born to Trade\",\"description\":\"\",\"potentialAction\":[{\"@type\":\"SearchAction\",\"target\":{\"@type\":\"EntryPoint\",\"urlTemplate\":\"https:\\\/\\\/tseu.web1-webheads.temporarywebsiteaddress.com\\\/fr\\\/?s={search_term_string}\"},\"query-input\":{\"@type\":\"PropertyValueSpecification\",\"valueRequired\":true,\"valueName\":\"search_term_string\"}}],\"inLanguage\":\"fr-FR\"}]}<\/script>\n<!-- \/ Yoast SEO plugin. -->","yoast_head_json":{"title":"Les march\u00e9s que nous soutenons - TradeStation Born to Trade","robots":{"index":"noindex","follow":"follow","max-snippet":"max-snippet:-1","max-image-preview":"max-image-preview:large","max-video-preview":"max-video-preview:-1"},"og_locale":"fr_FR","og_type":"article","og_title":"Les march\u00e9s que nous soutenons - TradeStation Born to Trade","og_description":"L&rsquo;acc\u00e8s est essentiel pour les n\u00e9gociants institutionnels. Ne vous laissez pas freiner par un manque d&rsquo;\u00e9changes. Trouvez des opportunit\u00e9s dans les divers march\u00e9s que nous soutenons. Contactez notre bureau de vente institutionnelle","og_url":"https:\/\/tseu.web1-webheads.temporarywebsiteaddress.com\/fr\/institutionnel\/les-marches-que-nous-soutenons\/","og_site_name":"TradeStation Born to Trade","og_image":[{"width":2160,"height":1215,"url":"https:\/\/tseu.web1-webheads.temporarywebsiteaddress.com\/wp-content\/uploads\/ebc94df9b702d6eea64184a8da59cc2635f6cdb8.jpg","type":"image\/jpeg"}],"twitter_card":"summary_large_image","schema":{"@context":"https:\/\/schema.org","@graph":[{"@type":"WebPage","@id":"https:\/\/tseu.web1-webheads.temporarywebsiteaddress.com\/fr\/institutionnel\/les-marches-que-nous-soutenons\/","url":"https:\/\/tseu.web1-webheads.temporarywebsiteaddress.com\/fr\/institutionnel\/les-marches-que-nous-soutenons\/","name":"Les march\u00e9s que nous soutenons - TradeStation Born to Trade","isPartOf":{"@id":"https:\/\/tseu.web1-webheads.temporarywebsiteaddress.com\/fr\/#website"},"primaryImageOfPage":{"@id":"https:\/\/tseu.web1-webheads.temporarywebsiteaddress.com\/fr\/institutionnel\/les-marches-que-nous-soutenons\/#primaryimage"},"image":{"@id":"https:\/\/tseu.web1-webheads.temporarywebsiteaddress.com\/fr\/institutionnel\/les-marches-que-nous-soutenons\/#primaryimage"},"thumbnailUrl":"https:\/\/tseu.web1-webheads.temporarywebsiteaddress.com\/wp-content\/uploads\/ebc94df9b702d6eea64184a8da59cc2635f6cdb8.jpg","datePublished":"2025-09-02T20:21:02+00:00","breadcrumb":{"@id":"https:\/\/tseu.web1-webheads.temporarywebsiteaddress.com\/fr\/institutionnel\/les-marches-que-nous-soutenons\/#breadcrumb"},"inLanguage":"fr-FR","potentialAction":[{"@type":"ReadAction","target":["https:\/\/tseu.web1-webheads.temporarywebsiteaddress.com\/fr\/institutionnel\/les-marches-que-nous-soutenons\/"]}]},{"@type":"ImageObject","inLanguage":"fr-FR","@id":"https:\/\/tseu.web1-webheads.temporarywebsiteaddress.com\/fr\/institutionnel\/les-marches-que-nous-soutenons\/#primaryimage","url":"https:\/\/tseu.web1-webheads.temporarywebsiteaddress.com\/wp-content\/uploads\/ebc94df9b702d6eea64184a8da59cc2635f6cdb8.jpg","contentUrl":"https:\/\/tseu.web1-webheads.temporarywebsiteaddress.com\/wp-content\/uploads\/ebc94df9b702d6eea64184a8da59cc2635f6cdb8.jpg","width":2160,"height":1215},{"@type":"BreadcrumbList","@id":"https:\/\/tseu.web1-webheads.temporarywebsiteaddress.com\/fr\/institutionnel\/les-marches-que-nous-soutenons\/#breadcrumb","itemListElement":[{"@type":"ListItem","position":1,"name":"Accueil","item":"https:\/\/tseu.web1-webheads.temporarywebsiteaddress.com\/fr\/"},{"@type":"ListItem","position":2,"name":"Institutionnel","item":"https:\/\/tseu.web1-webheads.temporarywebsiteaddress.com\/fr\/institutionnel\/"},{"@type":"ListItem","position":3,"name":"Les march\u00e9s que nous soutenons"}]},{"@type":"WebSite","@id":"https:\/\/tseu.web1-webheads.temporarywebsiteaddress.com\/fr\/#website","url":"https:\/\/tseu.web1-webheads.temporarywebsiteaddress.com\/fr\/","name":"TradeStation Born to Trade","description":"","potentialAction":[{"@type":"SearchAction","target":{"@type":"EntryPoint","urlTemplate":"https:\/\/tseu.web1-webheads.temporarywebsiteaddress.com\/fr\/?s={search_term_string}"},"query-input":{"@type":"PropertyValueSpecification","valueRequired":true,"valueName":"search_term_string"}}],"inLanguage":"fr-FR"}]}},"_links":{"self":[{"href":"https:\/\/tseu.web1-webheads.temporarywebsiteaddress.com\/fr\/wp-json\/wp\/v2\/pages\/3074","targetHints":{"allow":["GET"]}}],"collection":[{"href":"https:\/\/tseu.web1-webheads.temporarywebsiteaddress.com\/fr\/wp-json\/wp\/v2\/pages"}],"about":[{"href":"https:\/\/tseu.web1-webheads.temporarywebsiteaddress.com\/fr\/wp-json\/wp\/v2\/types\/page"}],"author":[{"embeddable":true,"href":"https:\/\/tseu.web1-webheads.temporarywebsiteaddress.com\/fr\/wp-json\/wp\/v2\/users\/2"}],"replies":[{"embeddable":true,"href":"https:\/\/tseu.web1-webheads.temporarywebsiteaddress.com\/fr\/wp-json\/wp\/v2\/comments?post=3074"}],"version-history":[{"count":0,"href":"https:\/\/tseu.web1-webheads.temporarywebsiteaddress.com\/fr\/wp-json\/wp\/v2\/pages\/3074\/revisions"}],"up":[{"embeddable":true,"href":"https:\/\/tseu.web1-webheads.temporarywebsiteaddress.com\/fr\/wp-json\/wp\/v2\/pages\/995"}],"wp:featuredmedia":[{"embeddable":true,"href":"https:\/\/tseu.web1-webheads.temporarywebsiteaddress.com\/fr\/wp-json\/wp\/v2\/media\/826"}],"wp:attachment":[{"href":"https:\/\/tseu.web1-webheads.temporarywebsiteaddress.com\/fr\/wp-json\/wp\/v2\/media?parent=3074"}],"curies":[{"name":"wp","href":"https:\/\/api.w.org\/{rel}","templated":true}]}}