{"id":3729,"date":"2025-11-21T23:59:33","date_gmt":"2025-11-21T23:59:33","guid":{"rendered":"https:\/\/tseu.web1-webheads.temporarywebsiteaddress.com\/prix\/"},"modified":"2026-02-19T14:50:55","modified_gmt":"2026-02-19T14:50:55","slug":"prix","status":"publish","type":"page","link":"https:\/\/tseu.web1-webheads.temporarywebsiteaddress.com\/fr\/prix\/","title":{"rendered":"Prix"},"content":{"rendered":"<h1>La maison de ceux qui <strong>sont n\u00e9s pour le commerce<\/strong><\/h1>\n<p class=\"deck\">Largement reconnu par les publications financi\u00e8res et les commer\u00e7ants eux-m\u00eames<\/p>\n","protected":false},"excerpt":{"rendered":"<p>La maison de ceux qui sont n\u00e9s pour le commerce Largement reconnu par les publications financi\u00e8res et les commer\u00e7ants eux-m\u00eames<\/p>\n","protected":false},"author":1,"featured_media":3730,"parent":0,"menu_order":7,"comment_status":"closed","ping_status":"closed","template":"","meta":{"_acf_changed":false,"footnotes":""},"class_list":["post-3729","page","type-page","status-publish","has-post-thumbnail","hentry"],"acf":[],"yoast_head":"<!-- This site is optimized with the Yoast SEO plugin v27.5 - https:\/\/yoast.com\/product\/yoast-seo-wordpress\/ -->\n<title>Prix - TradeStation Born to Trade<\/title>\n<meta name=\"robots\" content=\"noindex, follow, max-snippet:-1, max-image-preview:large, max-video-preview:-1\" \/>\n<meta property=\"og:locale\" content=\"fr_FR\" \/>\n<meta property=\"og:type\" content=\"article\" \/>\n<meta property=\"og:title\" content=\"Prix - TradeStation Born to Trade\" \/>\n<meta property=\"og:description\" content=\"La maison de ceux qui sont n\u00e9s pour le commerce Largement reconnu par les publications financi\u00e8res et les commer\u00e7ants eux-m\u00eames\" \/>\n<meta property=\"og:url\" content=\"https:\/\/tseu.web1-webheads.temporarywebsiteaddress.com\/fr\/prix\/\" \/>\n<meta property=\"og:site_name\" content=\"TradeStation Born to Trade\" \/>\n<meta property=\"article:modified_time\" content=\"2026-02-19T14:50:55+00:00\" \/>\n<meta property=\"og:image\" content=\"https:\/\/tseu.web1-webheads.temporarywebsiteaddress.com\/wp-content\/uploads\/awards-3000.jpg\" \/>\n\t<meta property=\"og:image:width\" content=\"2264\" \/>\n\t<meta property=\"og:image:height\" content=\"594\" \/>\n\t<meta property=\"og:image:type\" content=\"image\/jpeg\" \/>\n<meta name=\"twitter:card\" content=\"summary_large_image\" \/>\n<script type=\"application\/ld+json\" class=\"yoast-schema-graph\">{\"@context\":\"https:\\\/\\\/schema.org\",\"@graph\":[{\"@type\":\"WebPage\",\"@id\":\"https:\\\/\\\/tseu.web1-webheads.temporarywebsiteaddress.com\\\/fr\\\/prix\\\/\",\"url\":\"https:\\\/\\\/tseu.web1-webheads.temporarywebsiteaddress.com\\\/fr\\\/prix\\\/\",\"name\":\"Prix - TradeStation Born to Trade\",\"isPartOf\":{\"@id\":\"https:\\\/\\\/tseu.web1-webheads.temporarywebsiteaddress.com\\\/fr\\\/#website\"},\"primaryImageOfPage\":{\"@id\":\"https:\\\/\\\/tseu.web1-webheads.temporarywebsiteaddress.com\\\/fr\\\/prix\\\/#primaryimage\"},\"image\":{\"@id\":\"https:\\\/\\\/tseu.web1-webheads.temporarywebsiteaddress.com\\\/fr\\\/prix\\\/#primaryimage\"},\"thumbnailUrl\":\"https:\\\/\\\/tseu.web1-webheads.temporarywebsiteaddress.com\\\/wp-content\\\/uploads\\\/awards-3000.jpg\",\"datePublished\":\"2025-11-21T23:59:33+00:00\",\"dateModified\":\"2026-02-19T14:50:55+00:00\",\"breadcrumb\":{\"@id\":\"https:\\\/\\\/tseu.web1-webheads.temporarywebsiteaddress.com\\\/fr\\\/prix\\\/#breadcrumb\"},\"inLanguage\":\"fr-FR\",\"potentialAction\":[{\"@type\":\"ReadAction\",\"target\":[\"https:\\\/\\\/tseu.web1-webheads.temporarywebsiteaddress.com\\\/fr\\\/prix\\\/\"]}]},{\"@type\":\"ImageObject\",\"inLanguage\":\"fr-FR\",\"@id\":\"https:\\\/\\\/tseu.web1-webheads.temporarywebsiteaddress.com\\\/fr\\\/prix\\\/#primaryimage\",\"url\":\"https:\\\/\\\/tseu.web1-webheads.temporarywebsiteaddress.com\\\/wp-content\\\/uploads\\\/awards-3000.jpg\",\"contentUrl\":\"https:\\\/\\\/tseu.web1-webheads.temporarywebsiteaddress.com\\\/wp-content\\\/uploads\\\/awards-3000.jpg\",\"width\":2264,\"height\":594},{\"@type\":\"BreadcrumbList\",\"@id\":\"https:\\\/\\\/tseu.web1-webheads.temporarywebsiteaddress.com\\\/fr\\\/prix\\\/#breadcrumb\",\"itemListElement\":[{\"@type\":\"ListItem\",\"position\":1,\"name\":\"Accueil\",\"item\":\"https:\\\/\\\/tseu.web1-webheads.temporarywebsiteaddress.com\\\/fr\\\/\"},{\"@type\":\"ListItem\",\"position\":2,\"name\":\"Prix\"}]},{\"@type\":\"WebSite\",\"@id\":\"https:\\\/\\\/tseu.web1-webheads.temporarywebsiteaddress.com\\\/fr\\\/#website\",\"url\":\"https:\\\/\\\/tseu.web1-webheads.temporarywebsiteaddress.com\\\/fr\\\/\",\"name\":\"TradeStation Born to Trade\",\"description\":\"\",\"potentialAction\":[{\"@type\":\"SearchAction\",\"target\":{\"@type\":\"EntryPoint\",\"urlTemplate\":\"https:\\\/\\\/tseu.web1-webheads.temporarywebsiteaddress.com\\\/fr\\\/?s={search_term_string}\"},\"query-input\":{\"@type\":\"PropertyValueSpecification\",\"valueRequired\":true,\"valueName\":\"search_term_string\"}}],\"inLanguage\":\"fr-FR\"}]}<\/script>\n<!-- \/ Yoast SEO plugin. -->","yoast_head_json":{"title":"Prix - TradeStation Born to Trade","robots":{"index":"noindex","follow":"follow","max-snippet":"max-snippet:-1","max-image-preview":"max-image-preview:large","max-video-preview":"max-video-preview:-1"},"og_locale":"fr_FR","og_type":"article","og_title":"Prix - TradeStation Born to Trade","og_description":"La maison de ceux qui sont n\u00e9s pour le commerce Largement reconnu par les publications financi\u00e8res et les commer\u00e7ants eux-m\u00eames","og_url":"https:\/\/tseu.web1-webheads.temporarywebsiteaddress.com\/fr\/prix\/","og_site_name":"TradeStation Born to Trade","article_modified_time":"2026-02-19T14:50:55+00:00","og_image":[{"width":2264,"height":594,"url":"https:\/\/tseu.web1-webheads.temporarywebsiteaddress.com\/wp-content\/uploads\/awards-3000.jpg","type":"image\/jpeg"}],"twitter_card":"summary_large_image","schema":{"@context":"https:\/\/schema.org","@graph":[{"@type":"WebPage","@id":"https:\/\/tseu.web1-webheads.temporarywebsiteaddress.com\/fr\/prix\/","url":"https:\/\/tseu.web1-webheads.temporarywebsiteaddress.com\/fr\/prix\/","name":"Prix - TradeStation Born to Trade","isPartOf":{"@id":"https:\/\/tseu.web1-webheads.temporarywebsiteaddress.com\/fr\/#website"},"primaryImageOfPage":{"@id":"https:\/\/tseu.web1-webheads.temporarywebsiteaddress.com\/fr\/prix\/#primaryimage"},"image":{"@id":"https:\/\/tseu.web1-webheads.temporarywebsiteaddress.com\/fr\/prix\/#primaryimage"},"thumbnailUrl":"https:\/\/tseu.web1-webheads.temporarywebsiteaddress.com\/wp-content\/uploads\/awards-3000.jpg","datePublished":"2025-11-21T23:59:33+00:00","dateModified":"2026-02-19T14:50:55+00:00","breadcrumb":{"@id":"https:\/\/tseu.web1-webheads.temporarywebsiteaddress.com\/fr\/prix\/#breadcrumb"},"inLanguage":"fr-FR","potentialAction":[{"@type":"ReadAction","target":["https:\/\/tseu.web1-webheads.temporarywebsiteaddress.com\/fr\/prix\/"]}]},{"@type":"ImageObject","inLanguage":"fr-FR","@id":"https:\/\/tseu.web1-webheads.temporarywebsiteaddress.com\/fr\/prix\/#primaryimage","url":"https:\/\/tseu.web1-webheads.temporarywebsiteaddress.com\/wp-content\/uploads\/awards-3000.jpg","contentUrl":"https:\/\/tseu.web1-webheads.temporarywebsiteaddress.com\/wp-content\/uploads\/awards-3000.jpg","width":2264,"height":594},{"@type":"BreadcrumbList","@id":"https:\/\/tseu.web1-webheads.temporarywebsiteaddress.com\/fr\/prix\/#breadcrumb","itemListElement":[{"@type":"ListItem","position":1,"name":"Accueil","item":"https:\/\/tseu.web1-webheads.temporarywebsiteaddress.com\/fr\/"},{"@type":"ListItem","position":2,"name":"Prix"}]},{"@type":"WebSite","@id":"https:\/\/tseu.web1-webheads.temporarywebsiteaddress.com\/fr\/#website","url":"https:\/\/tseu.web1-webheads.temporarywebsiteaddress.com\/fr\/","name":"TradeStation Born to Trade","description":"","potentialAction":[{"@type":"SearchAction","target":{"@type":"EntryPoint","urlTemplate":"https:\/\/tseu.web1-webheads.temporarywebsiteaddress.com\/fr\/?s={search_term_string}"},"query-input":{"@type":"PropertyValueSpecification","valueRequired":true,"valueName":"search_term_string"}}],"inLanguage":"fr-FR"}]}},"_links":{"self":[{"href":"https:\/\/tseu.web1-webheads.temporarywebsiteaddress.com\/fr\/wp-json\/wp\/v2\/pages\/3729","targetHints":{"allow":["GET"]}}],"collection":[{"href":"https:\/\/tseu.web1-webheads.temporarywebsiteaddress.com\/fr\/wp-json\/wp\/v2\/pages"}],"about":[{"href":"https:\/\/tseu.web1-webheads.temporarywebsiteaddress.com\/fr\/wp-json\/wp\/v2\/types\/page"}],"author":[{"embeddable":true,"href":"https:\/\/tseu.web1-webheads.temporarywebsiteaddress.com\/fr\/wp-json\/wp\/v2\/users\/1"}],"replies":[{"embeddable":true,"href":"https:\/\/tseu.web1-webheads.temporarywebsiteaddress.com\/fr\/wp-json\/wp\/v2\/comments?post=3729"}],"version-history":[{"count":2,"href":"https:\/\/tseu.web1-webheads.temporarywebsiteaddress.com\/fr\/wp-json\/wp\/v2\/pages\/3729\/revisions"}],"predecessor-version":[{"id":5295,"href":"https:\/\/tseu.web1-webheads.temporarywebsiteaddress.com\/fr\/wp-json\/wp\/v2\/pages\/3729\/revisions\/5295"}],"wp:featuredmedia":[{"embeddable":true,"href":"https:\/\/tseu.web1-webheads.temporarywebsiteaddress.com\/fr\/wp-json\/wp\/v2\/media\/3730"}],"wp:attachment":[{"href":"https:\/\/tseu.web1-webheads.temporarywebsiteaddress.com\/fr\/wp-json\/wp\/v2\/media?parent=3729"}],"curies":[{"name":"wp","href":"https:\/\/api.w.org\/{rel}","templated":true}]}}