{"id":3936,"date":"2025-08-16T14:11:27","date_gmt":"2025-08-16T14:11:27","guid":{"rendered":"https:\/\/tseu.web1-webheads.temporarywebsiteaddress.com\/produits-commerciaux\/options\/"},"modified":"2026-01-22T21:01:33","modified_gmt":"2026-01-22T21:01:33","slug":"options","status":"publish","type":"page","link":"https:\/\/tseu.web1-webheads.temporarywebsiteaddress.com\/fr\/produits-commerciaux\/options\/","title":{"rendered":"Options"},"content":{"rendered":"<h1>Naviguer <strong>en toute confiance dans des options complexes<\/strong><\/h1>\n<p>Ex\u00e9cutez des spreads, des strangles, des condors de fer et bien plus encore, sur un puissant \u00e9cosyst\u00e8me de courtage.<\/p>\n<p><a href=\"https:\/\/getstarted2.tradestation.com\/intro\" target=\"_blank\" class=\"button_cta button_cta_white\" rel=\"noopener\">Ouvrir un compte<\/a><\/p>\n","protected":false},"excerpt":{"rendered":"<p>Naviguer en toute confiance dans des options complexes Ex\u00e9cutez des spreads, des strangles, des condors de fer et bien plus encore, sur un puissant \u00e9cosyst\u00e8me de courtage. Ouvrir un compte<\/p>\n","protected":false},"author":1,"featured_media":3940,"parent":3884,"menu_order":2,"comment_status":"closed","ping_status":"closed","template":"","meta":{"_acf_changed":false,"footnotes":""},"class_list":["post-3936","page","type-page","status-publish","has-post-thumbnail","hentry"],"acf":[],"yoast_head":"<!-- This site is optimized with the Yoast SEO plugin v27.5 - https:\/\/yoast.com\/product\/yoast-seo-wordpress\/ -->\n<title>Options - TradeStation Born to Trade<\/title>\n<meta name=\"robots\" content=\"noindex, follow, max-snippet:-1, max-image-preview:large, max-video-preview:-1\" \/>\n<meta property=\"og:locale\" content=\"fr_FR\" \/>\n<meta property=\"og:type\" content=\"article\" \/>\n<meta property=\"og:title\" content=\"Options - TradeStation Born to Trade\" \/>\n<meta property=\"og:description\" content=\"Naviguer en toute confiance dans des options complexes Ex\u00e9cutez des spreads, des strangles, des condors de fer et bien plus encore, sur un puissant \u00e9cosyst\u00e8me de courtage. Ouvrir un compte\" \/>\n<meta property=\"og:url\" content=\"https:\/\/tseu.web1-webheads.temporarywebsiteaddress.com\/fr\/produits-commerciaux\/options\/\" \/>\n<meta property=\"og:site_name\" content=\"TradeStation Born to Trade\" \/>\n<meta property=\"article:modified_time\" content=\"2026-01-22T21:01:33+00:00\" \/>\n<meta property=\"og:image\" content=\"https:\/\/tseu.web1-webheads.temporarywebsiteaddress.com\/wp-content\/uploads\/5bc2a39dcb9d5cf0ce287a328ab1a85608289e51.jpg\" \/>\n\t<meta property=\"og:image:width\" content=\"2560\" \/>\n\t<meta property=\"og:image:height\" content=\"594\" \/>\n\t<meta property=\"og:image:type\" content=\"image\/jpeg\" \/>\n<meta name=\"twitter:card\" content=\"summary_large_image\" \/>\n<script type=\"application\/ld+json\" class=\"yoast-schema-graph\">{\"@context\":\"https:\\\/\\\/schema.org\",\"@graph\":[{\"@type\":\"WebPage\",\"@id\":\"https:\\\/\\\/tseu.web1-webheads.temporarywebsiteaddress.com\\\/fr\\\/produits-commerciaux\\\/options\\\/\",\"url\":\"https:\\\/\\\/tseu.web1-webheads.temporarywebsiteaddress.com\\\/fr\\\/produits-commerciaux\\\/options\\\/\",\"name\":\"Options - TradeStation Born to Trade\",\"isPartOf\":{\"@id\":\"https:\\\/\\\/tseu.web1-webheads.temporarywebsiteaddress.com\\\/fr\\\/#website\"},\"primaryImageOfPage\":{\"@id\":\"https:\\\/\\\/tseu.web1-webheads.temporarywebsiteaddress.com\\\/fr\\\/produits-commerciaux\\\/options\\\/#primaryimage\"},\"image\":{\"@id\":\"https:\\\/\\\/tseu.web1-webheads.temporarywebsiteaddress.com\\\/fr\\\/produits-commerciaux\\\/options\\\/#primaryimage\"},\"thumbnailUrl\":\"https:\\\/\\\/tseu.web1-webheads.temporarywebsiteaddress.com\\\/wp-content\\\/uploads\\\/5bc2a39dcb9d5cf0ce287a328ab1a85608289e51.jpg\",\"datePublished\":\"2025-08-16T14:11:27+00:00\",\"dateModified\":\"2026-01-22T21:01:33+00:00\",\"breadcrumb\":{\"@id\":\"https:\\\/\\\/tseu.web1-webheads.temporarywebsiteaddress.com\\\/fr\\\/produits-commerciaux\\\/options\\\/#breadcrumb\"},\"inLanguage\":\"fr-FR\",\"potentialAction\":[{\"@type\":\"ReadAction\",\"target\":[\"https:\\\/\\\/tseu.web1-webheads.temporarywebsiteaddress.com\\\/fr\\\/produits-commerciaux\\\/options\\\/\"]}]},{\"@type\":\"ImageObject\",\"inLanguage\":\"fr-FR\",\"@id\":\"https:\\\/\\\/tseu.web1-webheads.temporarywebsiteaddress.com\\\/fr\\\/produits-commerciaux\\\/options\\\/#primaryimage\",\"url\":\"https:\\\/\\\/tseu.web1-webheads.temporarywebsiteaddress.com\\\/wp-content\\\/uploads\\\/5bc2a39dcb9d5cf0ce287a328ab1a85608289e51.jpg\",\"contentUrl\":\"https:\\\/\\\/tseu.web1-webheads.temporarywebsiteaddress.com\\\/wp-content\\\/uploads\\\/5bc2a39dcb9d5cf0ce287a328ab1a85608289e51.jpg\",\"width\":2560,\"height\":594},{\"@type\":\"BreadcrumbList\",\"@id\":\"https:\\\/\\\/tseu.web1-webheads.temporarywebsiteaddress.com\\\/fr\\\/produits-commerciaux\\\/options\\\/#breadcrumb\",\"itemListElement\":[{\"@type\":\"ListItem\",\"position\":1,\"name\":\"Accueil\",\"item\":\"https:\\\/\\\/tseu.web1-webheads.temporarywebsiteaddress.com\\\/fr\\\/\"},{\"@type\":\"ListItem\",\"position\":2,\"name\":\"Produits commerciaux\",\"item\":\"https:\\\/\\\/tseu.web1-webheads.temporarywebsiteaddress.com\\\/fr\\\/trading-products\\\/\"},{\"@type\":\"ListItem\",\"position\":3,\"name\":\"Options\"}]},{\"@type\":\"WebSite\",\"@id\":\"https:\\\/\\\/tseu.web1-webheads.temporarywebsiteaddress.com\\\/fr\\\/#website\",\"url\":\"https:\\\/\\\/tseu.web1-webheads.temporarywebsiteaddress.com\\\/fr\\\/\",\"name\":\"TradeStation Born to Trade\",\"description\":\"\",\"potentialAction\":[{\"@type\":\"SearchAction\",\"target\":{\"@type\":\"EntryPoint\",\"urlTemplate\":\"https:\\\/\\\/tseu.web1-webheads.temporarywebsiteaddress.com\\\/fr\\\/?s={search_term_string}\"},\"query-input\":{\"@type\":\"PropertyValueSpecification\",\"valueRequired\":true,\"valueName\":\"search_term_string\"}}],\"inLanguage\":\"fr-FR\"}]}<\/script>\n<!-- \/ Yoast SEO plugin. -->","yoast_head_json":{"title":"Options - TradeStation Born to Trade","robots":{"index":"noindex","follow":"follow","max-snippet":"max-snippet:-1","max-image-preview":"max-image-preview:large","max-video-preview":"max-video-preview:-1"},"og_locale":"fr_FR","og_type":"article","og_title":"Options - TradeStation Born to Trade","og_description":"Naviguer en toute confiance dans des options complexes Ex\u00e9cutez des spreads, des strangles, des condors de fer et bien plus encore, sur un puissant \u00e9cosyst\u00e8me de courtage. Ouvrir un compte","og_url":"https:\/\/tseu.web1-webheads.temporarywebsiteaddress.com\/fr\/produits-commerciaux\/options\/","og_site_name":"TradeStation Born to Trade","article_modified_time":"2026-01-22T21:01:33+00:00","og_image":[{"width":2560,"height":594,"url":"https:\/\/tseu.web1-webheads.temporarywebsiteaddress.com\/wp-content\/uploads\/5bc2a39dcb9d5cf0ce287a328ab1a85608289e51.jpg","type":"image\/jpeg"}],"twitter_card":"summary_large_image","schema":{"@context":"https:\/\/schema.org","@graph":[{"@type":"WebPage","@id":"https:\/\/tseu.web1-webheads.temporarywebsiteaddress.com\/fr\/produits-commerciaux\/options\/","url":"https:\/\/tseu.web1-webheads.temporarywebsiteaddress.com\/fr\/produits-commerciaux\/options\/","name":"Options - TradeStation Born to Trade","isPartOf":{"@id":"https:\/\/tseu.web1-webheads.temporarywebsiteaddress.com\/fr\/#website"},"primaryImageOfPage":{"@id":"https:\/\/tseu.web1-webheads.temporarywebsiteaddress.com\/fr\/produits-commerciaux\/options\/#primaryimage"},"image":{"@id":"https:\/\/tseu.web1-webheads.temporarywebsiteaddress.com\/fr\/produits-commerciaux\/options\/#primaryimage"},"thumbnailUrl":"https:\/\/tseu.web1-webheads.temporarywebsiteaddress.com\/wp-content\/uploads\/5bc2a39dcb9d5cf0ce287a328ab1a85608289e51.jpg","datePublished":"2025-08-16T14:11:27+00:00","dateModified":"2026-01-22T21:01:33+00:00","breadcrumb":{"@id":"https:\/\/tseu.web1-webheads.temporarywebsiteaddress.com\/fr\/produits-commerciaux\/options\/#breadcrumb"},"inLanguage":"fr-FR","potentialAction":[{"@type":"ReadAction","target":["https:\/\/tseu.web1-webheads.temporarywebsiteaddress.com\/fr\/produits-commerciaux\/options\/"]}]},{"@type":"ImageObject","inLanguage":"fr-FR","@id":"https:\/\/tseu.web1-webheads.temporarywebsiteaddress.com\/fr\/produits-commerciaux\/options\/#primaryimage","url":"https:\/\/tseu.web1-webheads.temporarywebsiteaddress.com\/wp-content\/uploads\/5bc2a39dcb9d5cf0ce287a328ab1a85608289e51.jpg","contentUrl":"https:\/\/tseu.web1-webheads.temporarywebsiteaddress.com\/wp-content\/uploads\/5bc2a39dcb9d5cf0ce287a328ab1a85608289e51.jpg","width":2560,"height":594},{"@type":"BreadcrumbList","@id":"https:\/\/tseu.web1-webheads.temporarywebsiteaddress.com\/fr\/produits-commerciaux\/options\/#breadcrumb","itemListElement":[{"@type":"ListItem","position":1,"name":"Accueil","item":"https:\/\/tseu.web1-webheads.temporarywebsiteaddress.com\/fr\/"},{"@type":"ListItem","position":2,"name":"Produits commerciaux","item":"https:\/\/tseu.web1-webheads.temporarywebsiteaddress.com\/fr\/trading-products\/"},{"@type":"ListItem","position":3,"name":"Options"}]},{"@type":"WebSite","@id":"https:\/\/tseu.web1-webheads.temporarywebsiteaddress.com\/fr\/#website","url":"https:\/\/tseu.web1-webheads.temporarywebsiteaddress.com\/fr\/","name":"TradeStation Born to Trade","description":"","potentialAction":[{"@type":"SearchAction","target":{"@type":"EntryPoint","urlTemplate":"https:\/\/tseu.web1-webheads.temporarywebsiteaddress.com\/fr\/?s={search_term_string}"},"query-input":{"@type":"PropertyValueSpecification","valueRequired":true,"valueName":"search_term_string"}}],"inLanguage":"fr-FR"}]}},"_links":{"self":[{"href":"https:\/\/tseu.web1-webheads.temporarywebsiteaddress.com\/fr\/wp-json\/wp\/v2\/pages\/3936","targetHints":{"allow":["GET"]}}],"collection":[{"href":"https:\/\/tseu.web1-webheads.temporarywebsiteaddress.com\/fr\/wp-json\/wp\/v2\/pages"}],"about":[{"href":"https:\/\/tseu.web1-webheads.temporarywebsiteaddress.com\/fr\/wp-json\/wp\/v2\/types\/page"}],"author":[{"embeddable":true,"href":"https:\/\/tseu.web1-webheads.temporarywebsiteaddress.com\/fr\/wp-json\/wp\/v2\/users\/1"}],"replies":[{"embeddable":true,"href":"https:\/\/tseu.web1-webheads.temporarywebsiteaddress.com\/fr\/wp-json\/wp\/v2\/comments?post=3936"}],"version-history":[{"count":1,"href":"https:\/\/tseu.web1-webheads.temporarywebsiteaddress.com\/fr\/wp-json\/wp\/v2\/pages\/3936\/revisions"}],"predecessor-version":[{"id":5060,"href":"https:\/\/tseu.web1-webheads.temporarywebsiteaddress.com\/fr\/wp-json\/wp\/v2\/pages\/3936\/revisions\/5060"}],"up":[{"embeddable":true,"href":"https:\/\/tseu.web1-webheads.temporarywebsiteaddress.com\/fr\/wp-json\/wp\/v2\/pages\/3884"}],"wp:featuredmedia":[{"embeddable":true,"href":"https:\/\/tseu.web1-webheads.temporarywebsiteaddress.com\/fr\/wp-json\/wp\/v2\/media\/3940"}],"wp:attachment":[{"href":"https:\/\/tseu.web1-webheads.temporarywebsiteaddress.com\/fr\/wp-json\/wp\/v2\/media?parent=3936"}],"curies":[{"name":"wp","href":"https:\/\/api.w.org\/{rel}","templated":true}]}}