{"id":4260,"date":"2025-08-27T21:46:10","date_gmt":"2025-08-27T21:46:10","guid":{"rendered":"https:\/\/tseu.web1-webheads.temporarywebsiteaddress.com\/tarification\/taux-de-marge-des-contrats-a-terme\/"},"modified":"2026-03-12T10:12:08","modified_gmt":"2026-03-12T10:12:08","slug":"taux-de-marge-des-contrats-a-terme","status":"publish","type":"page","link":"https:\/\/tseu.web1-webheads.temporarywebsiteaddress.com\/fr\/tarification\/taux-de-marge-des-contrats-a-terme\/","title":{"rendered":"Taux de marge des contrats \u00e0 terme"},"content":{"rendered":"<h1><strong>Ouvrez davantage de portes<\/strong> gr\u00e2ce \u00e0 des taux de marge attrayants sur les contrats \u00e0 terme.<\/h1>\n<p class=\"deck\">Utilisez la puissance de votre portefeuille pour am\u00e9liorer votre strat\u00e9gie de trading.<\/p>\n<p class=\"p_top_padding\"><a href=\"https:\/\/getstarted2.tradestation.com\/intro\" class=\"button_cta button_cta_white\">Ouvrir un compte<\/a><\/p>\n<p class=\"txt_small\">Les op\u00e9rations \u00e0 terme ne conviennent pas \u00e0 tous les investisseurs. La n\u00e9gociation sur marge comporte des risques.<\/p>\n","protected":false},"excerpt":{"rendered":"<p>Ouvrez davantage de portes gr\u00e2ce \u00e0 des taux de marge attrayants sur les contrats \u00e0 terme. Utilisez la puissance de votre portefeuille pour am\u00e9liorer votre strat\u00e9gie de trading. Ouvrir un compte Les op\u00e9rations \u00e0 terme ne conviennent pas \u00e0 tous&#8230; <a class=\"view-article\" href=\"https:\/\/tseu.web1-webheads.temporarywebsiteaddress.com\/fr\/tarification\/taux-de-marge-des-contrats-a-terme\/\">Read more<\/a><\/p>\n","protected":false},"author":1,"featured_media":4262,"parent":2331,"menu_order":3,"comment_status":"closed","ping_status":"closed","template":"","meta":{"_acf_changed":false,"footnotes":""},"class_list":["post-4260","page","type-page","status-publish","has-post-thumbnail","hentry"],"acf":[],"yoast_head":"<!-- This site is optimized with the Yoast SEO plugin v27.5 - https:\/\/yoast.com\/product\/yoast-seo-wordpress\/ -->\n<title>Taux de marge des contrats \u00e0 terme - TradeStation Born to Trade<\/title>\n<meta name=\"robots\" content=\"noindex, follow, max-snippet:-1, max-image-preview:large, max-video-preview:-1\" \/>\n<meta property=\"og:locale\" content=\"fr_FR\" \/>\n<meta property=\"og:type\" content=\"article\" \/>\n<meta property=\"og:title\" content=\"Taux de marge des contrats \u00e0 terme - TradeStation Born to Trade\" \/>\n<meta property=\"og:description\" content=\"Ouvrez davantage de portes gr\u00e2ce \u00e0 des taux de marge attrayants sur les contrats \u00e0 terme. Utilisez la puissance de votre portefeuille pour am\u00e9liorer votre strat\u00e9gie de trading. Ouvrir un compte Les op\u00e9rations \u00e0 terme ne conviennent pas \u00e0 tous... Read more\" \/>\n<meta property=\"og:url\" content=\"https:\/\/tseu.web1-webheads.temporarywebsiteaddress.com\/fr\/tarification\/taux-de-marge-des-contrats-a-terme\/\" \/>\n<meta property=\"og:site_name\" content=\"TradeStation Born to Trade\" \/>\n<meta property=\"article:modified_time\" content=\"2026-03-12T10:12:08+00:00\" \/>\n<meta property=\"og:image\" content=\"https:\/\/tseu.web1-webheads.temporarywebsiteaddress.com\/wp-content\/uploads\/ts-pricing-future-margin-hero-2560x480-1.jpg\" \/>\n\t<meta property=\"og:image:width\" content=\"2560\" \/>\n\t<meta property=\"og:image:height\" content=\"594\" \/>\n\t<meta property=\"og:image:type\" content=\"image\/jpeg\" \/>\n<meta name=\"twitter:card\" content=\"summary_large_image\" \/>\n<script type=\"application\/ld+json\" class=\"yoast-schema-graph\">{\"@context\":\"https:\\\/\\\/schema.org\",\"@graph\":[{\"@type\":\"WebPage\",\"@id\":\"https:\\\/\\\/tseu.web1-webheads.temporarywebsiteaddress.com\\\/fr\\\/tarification\\\/taux-de-marge-des-contrats-a-terme\\\/\",\"url\":\"https:\\\/\\\/tseu.web1-webheads.temporarywebsiteaddress.com\\\/fr\\\/tarification\\\/taux-de-marge-des-contrats-a-terme\\\/\",\"name\":\"Taux de marge des contrats \u00e0 terme - TradeStation Born to Trade\",\"isPartOf\":{\"@id\":\"https:\\\/\\\/tseu.web1-webheads.temporarywebsiteaddress.com\\\/fr\\\/#website\"},\"primaryImageOfPage\":{\"@id\":\"https:\\\/\\\/tseu.web1-webheads.temporarywebsiteaddress.com\\\/fr\\\/tarification\\\/taux-de-marge-des-contrats-a-terme\\\/#primaryimage\"},\"image\":{\"@id\":\"https:\\\/\\\/tseu.web1-webheads.temporarywebsiteaddress.com\\\/fr\\\/tarification\\\/taux-de-marge-des-contrats-a-terme\\\/#primaryimage\"},\"thumbnailUrl\":\"https:\\\/\\\/tseu.web1-webheads.temporarywebsiteaddress.com\\\/wp-content\\\/uploads\\\/ts-pricing-future-margin-hero-2560x480-1.jpg\",\"datePublished\":\"2025-08-27T21:46:10+00:00\",\"dateModified\":\"2026-03-12T10:12:08+00:00\",\"breadcrumb\":{\"@id\":\"https:\\\/\\\/tseu.web1-webheads.temporarywebsiteaddress.com\\\/fr\\\/tarification\\\/taux-de-marge-des-contrats-a-terme\\\/#breadcrumb\"},\"inLanguage\":\"fr-FR\",\"potentialAction\":[{\"@type\":\"ReadAction\",\"target\":[\"https:\\\/\\\/tseu.web1-webheads.temporarywebsiteaddress.com\\\/fr\\\/tarification\\\/taux-de-marge-des-contrats-a-terme\\\/\"]}]},{\"@type\":\"ImageObject\",\"inLanguage\":\"fr-FR\",\"@id\":\"https:\\\/\\\/tseu.web1-webheads.temporarywebsiteaddress.com\\\/fr\\\/tarification\\\/taux-de-marge-des-contrats-a-terme\\\/#primaryimage\",\"url\":\"https:\\\/\\\/tseu.web1-webheads.temporarywebsiteaddress.com\\\/wp-content\\\/uploads\\\/ts-pricing-future-margin-hero-2560x480-1.jpg\",\"contentUrl\":\"https:\\\/\\\/tseu.web1-webheads.temporarywebsiteaddress.com\\\/wp-content\\\/uploads\\\/ts-pricing-future-margin-hero-2560x480-1.jpg\",\"width\":2560,\"height\":594},{\"@type\":\"BreadcrumbList\",\"@id\":\"https:\\\/\\\/tseu.web1-webheads.temporarywebsiteaddress.com\\\/fr\\\/tarification\\\/taux-de-marge-des-contrats-a-terme\\\/#breadcrumb\",\"itemListElement\":[{\"@type\":\"ListItem\",\"position\":1,\"name\":\"Accueil\",\"item\":\"https:\\\/\\\/tseu.web1-webheads.temporarywebsiteaddress.com\\\/fr\\\/\"},{\"@type\":\"ListItem\",\"position\":2,\"name\":\"Tarification\",\"item\":\"https:\\\/\\\/tseu.web1-webheads.temporarywebsiteaddress.com\\\/fr\\\/pricing\\\/\"},{\"@type\":\"ListItem\",\"position\":3,\"name\":\"Taux de marge des contrats \u00e0 terme\"}]},{\"@type\":\"WebSite\",\"@id\":\"https:\\\/\\\/tseu.web1-webheads.temporarywebsiteaddress.com\\\/fr\\\/#website\",\"url\":\"https:\\\/\\\/tseu.web1-webheads.temporarywebsiteaddress.com\\\/fr\\\/\",\"name\":\"TradeStation Born to Trade\",\"description\":\"\",\"potentialAction\":[{\"@type\":\"SearchAction\",\"target\":{\"@type\":\"EntryPoint\",\"urlTemplate\":\"https:\\\/\\\/tseu.web1-webheads.temporarywebsiteaddress.com\\\/fr\\\/?s={search_term_string}\"},\"query-input\":{\"@type\":\"PropertyValueSpecification\",\"valueRequired\":true,\"valueName\":\"search_term_string\"}}],\"inLanguage\":\"fr-FR\"}]}<\/script>\n<!-- \/ Yoast SEO plugin. -->","yoast_head_json":{"title":"Taux de marge des contrats \u00e0 terme - TradeStation Born to Trade","robots":{"index":"noindex","follow":"follow","max-snippet":"max-snippet:-1","max-image-preview":"max-image-preview:large","max-video-preview":"max-video-preview:-1"},"og_locale":"fr_FR","og_type":"article","og_title":"Taux de marge des contrats \u00e0 terme - TradeStation Born to Trade","og_description":"Ouvrez davantage de portes gr\u00e2ce \u00e0 des taux de marge attrayants sur les contrats \u00e0 terme. Utilisez la puissance de votre portefeuille pour am\u00e9liorer votre strat\u00e9gie de trading. Ouvrir un compte Les op\u00e9rations \u00e0 terme ne conviennent pas \u00e0 tous... Read more","og_url":"https:\/\/tseu.web1-webheads.temporarywebsiteaddress.com\/fr\/tarification\/taux-de-marge-des-contrats-a-terme\/","og_site_name":"TradeStation Born to Trade","article_modified_time":"2026-03-12T10:12:08+00:00","og_image":[{"width":2560,"height":594,"url":"https:\/\/tseu.web1-webheads.temporarywebsiteaddress.com\/wp-content\/uploads\/ts-pricing-future-margin-hero-2560x480-1.jpg","type":"image\/jpeg"}],"twitter_card":"summary_large_image","schema":{"@context":"https:\/\/schema.org","@graph":[{"@type":"WebPage","@id":"https:\/\/tseu.web1-webheads.temporarywebsiteaddress.com\/fr\/tarification\/taux-de-marge-des-contrats-a-terme\/","url":"https:\/\/tseu.web1-webheads.temporarywebsiteaddress.com\/fr\/tarification\/taux-de-marge-des-contrats-a-terme\/","name":"Taux de marge des contrats \u00e0 terme - TradeStation Born to Trade","isPartOf":{"@id":"https:\/\/tseu.web1-webheads.temporarywebsiteaddress.com\/fr\/#website"},"primaryImageOfPage":{"@id":"https:\/\/tseu.web1-webheads.temporarywebsiteaddress.com\/fr\/tarification\/taux-de-marge-des-contrats-a-terme\/#primaryimage"},"image":{"@id":"https:\/\/tseu.web1-webheads.temporarywebsiteaddress.com\/fr\/tarification\/taux-de-marge-des-contrats-a-terme\/#primaryimage"},"thumbnailUrl":"https:\/\/tseu.web1-webheads.temporarywebsiteaddress.com\/wp-content\/uploads\/ts-pricing-future-margin-hero-2560x480-1.jpg","datePublished":"2025-08-27T21:46:10+00:00","dateModified":"2026-03-12T10:12:08+00:00","breadcrumb":{"@id":"https:\/\/tseu.web1-webheads.temporarywebsiteaddress.com\/fr\/tarification\/taux-de-marge-des-contrats-a-terme\/#breadcrumb"},"inLanguage":"fr-FR","potentialAction":[{"@type":"ReadAction","target":["https:\/\/tseu.web1-webheads.temporarywebsiteaddress.com\/fr\/tarification\/taux-de-marge-des-contrats-a-terme\/"]}]},{"@type":"ImageObject","inLanguage":"fr-FR","@id":"https:\/\/tseu.web1-webheads.temporarywebsiteaddress.com\/fr\/tarification\/taux-de-marge-des-contrats-a-terme\/#primaryimage","url":"https:\/\/tseu.web1-webheads.temporarywebsiteaddress.com\/wp-content\/uploads\/ts-pricing-future-margin-hero-2560x480-1.jpg","contentUrl":"https:\/\/tseu.web1-webheads.temporarywebsiteaddress.com\/wp-content\/uploads\/ts-pricing-future-margin-hero-2560x480-1.jpg","width":2560,"height":594},{"@type":"BreadcrumbList","@id":"https:\/\/tseu.web1-webheads.temporarywebsiteaddress.com\/fr\/tarification\/taux-de-marge-des-contrats-a-terme\/#breadcrumb","itemListElement":[{"@type":"ListItem","position":1,"name":"Accueil","item":"https:\/\/tseu.web1-webheads.temporarywebsiteaddress.com\/fr\/"},{"@type":"ListItem","position":2,"name":"Tarification","item":"https:\/\/tseu.web1-webheads.temporarywebsiteaddress.com\/fr\/pricing\/"},{"@type":"ListItem","position":3,"name":"Taux de marge des contrats \u00e0 terme"}]},{"@type":"WebSite","@id":"https:\/\/tseu.web1-webheads.temporarywebsiteaddress.com\/fr\/#website","url":"https:\/\/tseu.web1-webheads.temporarywebsiteaddress.com\/fr\/","name":"TradeStation Born to Trade","description":"","potentialAction":[{"@type":"SearchAction","target":{"@type":"EntryPoint","urlTemplate":"https:\/\/tseu.web1-webheads.temporarywebsiteaddress.com\/fr\/?s={search_term_string}"},"query-input":{"@type":"PropertyValueSpecification","valueRequired":true,"valueName":"search_term_string"}}],"inLanguage":"fr-FR"}]}},"_links":{"self":[{"href":"https:\/\/tseu.web1-webheads.temporarywebsiteaddress.com\/fr\/wp-json\/wp\/v2\/pages\/4260","targetHints":{"allow":["GET"]}}],"collection":[{"href":"https:\/\/tseu.web1-webheads.temporarywebsiteaddress.com\/fr\/wp-json\/wp\/v2\/pages"}],"about":[{"href":"https:\/\/tseu.web1-webheads.temporarywebsiteaddress.com\/fr\/wp-json\/wp\/v2\/types\/page"}],"author":[{"embeddable":true,"href":"https:\/\/tseu.web1-webheads.temporarywebsiteaddress.com\/fr\/wp-json\/wp\/v2\/users\/1"}],"replies":[{"embeddable":true,"href":"https:\/\/tseu.web1-webheads.temporarywebsiteaddress.com\/fr\/wp-json\/wp\/v2\/comments?post=4260"}],"version-history":[{"count":1,"href":"https:\/\/tseu.web1-webheads.temporarywebsiteaddress.com\/fr\/wp-json\/wp\/v2\/pages\/4260\/revisions"}],"predecessor-version":[{"id":5592,"href":"https:\/\/tseu.web1-webheads.temporarywebsiteaddress.com\/fr\/wp-json\/wp\/v2\/pages\/4260\/revisions\/5592"}],"up":[{"embeddable":true,"href":"https:\/\/tseu.web1-webheads.temporarywebsiteaddress.com\/fr\/wp-json\/wp\/v2\/pages\/2331"}],"wp:featuredmedia":[{"embeddable":true,"href":"https:\/\/tseu.web1-webheads.temporarywebsiteaddress.com\/fr\/wp-json\/wp\/v2\/media\/4262"}],"wp:attachment":[{"href":"https:\/\/tseu.web1-webheads.temporarywebsiteaddress.com\/fr\/wp-json\/wp\/v2\/media?parent=4260"}],"curies":[{"name":"wp","href":"https:\/\/api.w.org\/{rel}","templated":true}]}}