{"id":4273,"date":"2025-08-27T21:45:47","date_gmt":"2025-08-27T21:45:47","guid":{"rendered":"https:\/\/tseu.web1-webheads.temporarywebsiteaddress.com\/tarification\/frais-de-service\/"},"modified":"2026-03-06T20:07:12","modified_gmt":"2026-03-06T20:07:12","slug":"frais-de-service","status":"publish","type":"page","link":"https:\/\/tseu.web1-webheads.temporarywebsiteaddress.com\/fr\/tarification\/frais-de-service\/","title":{"rendered":"Frais de service"},"content":{"rendered":"<h1><strong>Les frais de service<\/strong> doivent \u00eatre calcul\u00e9s en fonction de la fa\u00e7on dont vous effectuez vos transactions.<\/h1>\n<p class=\"deck\">Ne vous faites plus d&rsquo;illusions gr\u00e2ce \u00e0 une tarification transparente des frais de service.<\/p>\n<p class=\"p_top_padding\"><a href=\"https:\/\/getstarted2.tradestation.com\/intro\" class=\"button_cta button_cta_white\">Ouvrir un compte<\/a><\/p>\n","protected":false},"excerpt":{"rendered":"<p>Les frais de service doivent \u00eatre calcul\u00e9s en fonction de la fa\u00e7on dont vous effectuez vos transactions. Ne vous faites plus d&rsquo;illusions gr\u00e2ce \u00e0 une tarification transparente des frais de service. Ouvrir un compte<\/p>\n","protected":false},"author":1,"featured_media":4274,"parent":2331,"menu_order":2,"comment_status":"closed","ping_status":"closed","template":"","meta":{"_acf_changed":false,"footnotes":""},"class_list":["post-4273","page","type-page","status-publish","has-post-thumbnail","hentry"],"acf":[],"yoast_head":"<!-- This site is optimized with the Yoast SEO plugin v27.5 - https:\/\/yoast.com\/product\/yoast-seo-wordpress\/ -->\n<title>Frais de service - TradeStation Born to Trade<\/title>\n<meta name=\"robots\" content=\"noindex, follow, max-snippet:-1, max-image-preview:large, max-video-preview:-1\" \/>\n<meta property=\"og:locale\" content=\"fr_FR\" \/>\n<meta property=\"og:type\" content=\"article\" \/>\n<meta property=\"og:title\" content=\"Frais de service - TradeStation Born to Trade\" \/>\n<meta property=\"og:description\" content=\"Les frais de service doivent \u00eatre calcul\u00e9s en fonction de la fa\u00e7on dont vous effectuez vos transactions. Ne vous faites plus d&rsquo;illusions gr\u00e2ce \u00e0 une tarification transparente des frais de service. Ouvrir un compte\" \/>\n<meta property=\"og:url\" content=\"https:\/\/tseu.web1-webheads.temporarywebsiteaddress.com\/fr\/tarification\/frais-de-service\/\" \/>\n<meta property=\"og:site_name\" content=\"TradeStation Born to Trade\" \/>\n<meta property=\"article:modified_time\" content=\"2026-03-06T20:07:12+00:00\" \/>\n<meta property=\"og:image\" content=\"https:\/\/tseu.web1-webheads.temporarywebsiteaddress.com\/wp-content\/uploads\/ts-pricing-service-fees-hero-2560x480-1.jpg\" \/>\n\t<meta property=\"og:image:width\" content=\"2560\" \/>\n\t<meta property=\"og:image:height\" content=\"594\" \/>\n\t<meta property=\"og:image:type\" content=\"image\/jpeg\" \/>\n<meta name=\"twitter:card\" content=\"summary_large_image\" \/>\n<script type=\"application\/ld+json\" class=\"yoast-schema-graph\">{\"@context\":\"https:\\\/\\\/schema.org\",\"@graph\":[{\"@type\":\"WebPage\",\"@id\":\"https:\\\/\\\/tseu.web1-webheads.temporarywebsiteaddress.com\\\/fr\\\/tarification\\\/frais-de-service\\\/\",\"url\":\"https:\\\/\\\/tseu.web1-webheads.temporarywebsiteaddress.com\\\/fr\\\/tarification\\\/frais-de-service\\\/\",\"name\":\"Frais de service - TradeStation Born to Trade\",\"isPartOf\":{\"@id\":\"https:\\\/\\\/tseu.web1-webheads.temporarywebsiteaddress.com\\\/fr\\\/#website\"},\"primaryImageOfPage\":{\"@id\":\"https:\\\/\\\/tseu.web1-webheads.temporarywebsiteaddress.com\\\/fr\\\/tarification\\\/frais-de-service\\\/#primaryimage\"},\"image\":{\"@id\":\"https:\\\/\\\/tseu.web1-webheads.temporarywebsiteaddress.com\\\/fr\\\/tarification\\\/frais-de-service\\\/#primaryimage\"},\"thumbnailUrl\":\"https:\\\/\\\/tseu.web1-webheads.temporarywebsiteaddress.com\\\/wp-content\\\/uploads\\\/ts-pricing-service-fees-hero-2560x480-1.jpg\",\"datePublished\":\"2025-08-27T21:45:47+00:00\",\"dateModified\":\"2026-03-06T20:07:12+00:00\",\"breadcrumb\":{\"@id\":\"https:\\\/\\\/tseu.web1-webheads.temporarywebsiteaddress.com\\\/fr\\\/tarification\\\/frais-de-service\\\/#breadcrumb\"},\"inLanguage\":\"fr-FR\",\"potentialAction\":[{\"@type\":\"ReadAction\",\"target\":[\"https:\\\/\\\/tseu.web1-webheads.temporarywebsiteaddress.com\\\/fr\\\/tarification\\\/frais-de-service\\\/\"]}]},{\"@type\":\"ImageObject\",\"inLanguage\":\"fr-FR\",\"@id\":\"https:\\\/\\\/tseu.web1-webheads.temporarywebsiteaddress.com\\\/fr\\\/tarification\\\/frais-de-service\\\/#primaryimage\",\"url\":\"https:\\\/\\\/tseu.web1-webheads.temporarywebsiteaddress.com\\\/wp-content\\\/uploads\\\/ts-pricing-service-fees-hero-2560x480-1.jpg\",\"contentUrl\":\"https:\\\/\\\/tseu.web1-webheads.temporarywebsiteaddress.com\\\/wp-content\\\/uploads\\\/ts-pricing-service-fees-hero-2560x480-1.jpg\",\"width\":2560,\"height\":594},{\"@type\":\"BreadcrumbList\",\"@id\":\"https:\\\/\\\/tseu.web1-webheads.temporarywebsiteaddress.com\\\/fr\\\/tarification\\\/frais-de-service\\\/#breadcrumb\",\"itemListElement\":[{\"@type\":\"ListItem\",\"position\":1,\"name\":\"Accueil\",\"item\":\"https:\\\/\\\/tseu.web1-webheads.temporarywebsiteaddress.com\\\/fr\\\/\"},{\"@type\":\"ListItem\",\"position\":2,\"name\":\"Tarification\",\"item\":\"https:\\\/\\\/tseu.web1-webheads.temporarywebsiteaddress.com\\\/fr\\\/pricing\\\/\"},{\"@type\":\"ListItem\",\"position\":3,\"name\":\"Frais de service\"}]},{\"@type\":\"WebSite\",\"@id\":\"https:\\\/\\\/tseu.web1-webheads.temporarywebsiteaddress.com\\\/fr\\\/#website\",\"url\":\"https:\\\/\\\/tseu.web1-webheads.temporarywebsiteaddress.com\\\/fr\\\/\",\"name\":\"TradeStation Born to Trade\",\"description\":\"\",\"potentialAction\":[{\"@type\":\"SearchAction\",\"target\":{\"@type\":\"EntryPoint\",\"urlTemplate\":\"https:\\\/\\\/tseu.web1-webheads.temporarywebsiteaddress.com\\\/fr\\\/?s={search_term_string}\"},\"query-input\":{\"@type\":\"PropertyValueSpecification\",\"valueRequired\":true,\"valueName\":\"search_term_string\"}}],\"inLanguage\":\"fr-FR\"}]}<\/script>\n<!-- \/ Yoast SEO plugin. -->","yoast_head_json":{"title":"Frais de service - TradeStation Born to Trade","robots":{"index":"noindex","follow":"follow","max-snippet":"max-snippet:-1","max-image-preview":"max-image-preview:large","max-video-preview":"max-video-preview:-1"},"og_locale":"fr_FR","og_type":"article","og_title":"Frais de service - TradeStation Born to Trade","og_description":"Les frais de service doivent \u00eatre calcul\u00e9s en fonction de la fa\u00e7on dont vous effectuez vos transactions. Ne vous faites plus d&rsquo;illusions gr\u00e2ce \u00e0 une tarification transparente des frais de service. Ouvrir un compte","og_url":"https:\/\/tseu.web1-webheads.temporarywebsiteaddress.com\/fr\/tarification\/frais-de-service\/","og_site_name":"TradeStation Born to Trade","article_modified_time":"2026-03-06T20:07:12+00:00","og_image":[{"width":2560,"height":594,"url":"https:\/\/tseu.web1-webheads.temporarywebsiteaddress.com\/wp-content\/uploads\/ts-pricing-service-fees-hero-2560x480-1.jpg","type":"image\/jpeg"}],"twitter_card":"summary_large_image","schema":{"@context":"https:\/\/schema.org","@graph":[{"@type":"WebPage","@id":"https:\/\/tseu.web1-webheads.temporarywebsiteaddress.com\/fr\/tarification\/frais-de-service\/","url":"https:\/\/tseu.web1-webheads.temporarywebsiteaddress.com\/fr\/tarification\/frais-de-service\/","name":"Frais de service - TradeStation Born to Trade","isPartOf":{"@id":"https:\/\/tseu.web1-webheads.temporarywebsiteaddress.com\/fr\/#website"},"primaryImageOfPage":{"@id":"https:\/\/tseu.web1-webheads.temporarywebsiteaddress.com\/fr\/tarification\/frais-de-service\/#primaryimage"},"image":{"@id":"https:\/\/tseu.web1-webheads.temporarywebsiteaddress.com\/fr\/tarification\/frais-de-service\/#primaryimage"},"thumbnailUrl":"https:\/\/tseu.web1-webheads.temporarywebsiteaddress.com\/wp-content\/uploads\/ts-pricing-service-fees-hero-2560x480-1.jpg","datePublished":"2025-08-27T21:45:47+00:00","dateModified":"2026-03-06T20:07:12+00:00","breadcrumb":{"@id":"https:\/\/tseu.web1-webheads.temporarywebsiteaddress.com\/fr\/tarification\/frais-de-service\/#breadcrumb"},"inLanguage":"fr-FR","potentialAction":[{"@type":"ReadAction","target":["https:\/\/tseu.web1-webheads.temporarywebsiteaddress.com\/fr\/tarification\/frais-de-service\/"]}]},{"@type":"ImageObject","inLanguage":"fr-FR","@id":"https:\/\/tseu.web1-webheads.temporarywebsiteaddress.com\/fr\/tarification\/frais-de-service\/#primaryimage","url":"https:\/\/tseu.web1-webheads.temporarywebsiteaddress.com\/wp-content\/uploads\/ts-pricing-service-fees-hero-2560x480-1.jpg","contentUrl":"https:\/\/tseu.web1-webheads.temporarywebsiteaddress.com\/wp-content\/uploads\/ts-pricing-service-fees-hero-2560x480-1.jpg","width":2560,"height":594},{"@type":"BreadcrumbList","@id":"https:\/\/tseu.web1-webheads.temporarywebsiteaddress.com\/fr\/tarification\/frais-de-service\/#breadcrumb","itemListElement":[{"@type":"ListItem","position":1,"name":"Accueil","item":"https:\/\/tseu.web1-webheads.temporarywebsiteaddress.com\/fr\/"},{"@type":"ListItem","position":2,"name":"Tarification","item":"https:\/\/tseu.web1-webheads.temporarywebsiteaddress.com\/fr\/pricing\/"},{"@type":"ListItem","position":3,"name":"Frais de service"}]},{"@type":"WebSite","@id":"https:\/\/tseu.web1-webheads.temporarywebsiteaddress.com\/fr\/#website","url":"https:\/\/tseu.web1-webheads.temporarywebsiteaddress.com\/fr\/","name":"TradeStation Born to Trade","description":"","potentialAction":[{"@type":"SearchAction","target":{"@type":"EntryPoint","urlTemplate":"https:\/\/tseu.web1-webheads.temporarywebsiteaddress.com\/fr\/?s={search_term_string}"},"query-input":{"@type":"PropertyValueSpecification","valueRequired":true,"valueName":"search_term_string"}}],"inLanguage":"fr-FR"}]}},"_links":{"self":[{"href":"https:\/\/tseu.web1-webheads.temporarywebsiteaddress.com\/fr\/wp-json\/wp\/v2\/pages\/4273","targetHints":{"allow":["GET"]}}],"collection":[{"href":"https:\/\/tseu.web1-webheads.temporarywebsiteaddress.com\/fr\/wp-json\/wp\/v2\/pages"}],"about":[{"href":"https:\/\/tseu.web1-webheads.temporarywebsiteaddress.com\/fr\/wp-json\/wp\/v2\/types\/page"}],"author":[{"embeddable":true,"href":"https:\/\/tseu.web1-webheads.temporarywebsiteaddress.com\/fr\/wp-json\/wp\/v2\/users\/1"}],"replies":[{"embeddable":true,"href":"https:\/\/tseu.web1-webheads.temporarywebsiteaddress.com\/fr\/wp-json\/wp\/v2\/comments?post=4273"}],"version-history":[{"count":1,"href":"https:\/\/tseu.web1-webheads.temporarywebsiteaddress.com\/fr\/wp-json\/wp\/v2\/pages\/4273\/revisions"}],"predecessor-version":[{"id":5240,"href":"https:\/\/tseu.web1-webheads.temporarywebsiteaddress.com\/fr\/wp-json\/wp\/v2\/pages\/4273\/revisions\/5240"}],"up":[{"embeddable":true,"href":"https:\/\/tseu.web1-webheads.temporarywebsiteaddress.com\/fr\/wp-json\/wp\/v2\/pages\/2331"}],"wp:featuredmedia":[{"embeddable":true,"href":"https:\/\/tseu.web1-webheads.temporarywebsiteaddress.com\/fr\/wp-json\/wp\/v2\/media\/4274"}],"wp:attachment":[{"href":"https:\/\/tseu.web1-webheads.temporarywebsiteaddress.com\/fr\/wp-json\/wp\/v2\/media?parent=4273"}],"curies":[{"name":"wp","href":"https:\/\/api.w.org\/{rel}","templated":true}]}}