{"id":4493,"date":"2025-08-18T12:11:38","date_gmt":"2025-08-18T12:11:38","guid":{"rendered":"https:\/\/tseu.web1-webheads.temporarywebsiteaddress.com\/plateformes-et-outils\/applications-mobiles\/"},"modified":"2026-01-24T15:33:57","modified_gmt":"2026-01-24T15:33:57","slug":"applications-mobiles","status":"publish","type":"page","link":"https:\/\/tseu.web1-webheads.temporarywebsiteaddress.com\/fr\/plateformes-et-outils\/applications-mobiles\/","title":{"rendered":"Applications mobiles"},"content":{"rendered":"<h1>Votre <strong>talent de trader<\/strong> ne doit pas \u00eatre confin\u00e9<\/h1>\n<p>Ne faites pas de sacrifices lorsque vous \u00eates en d\u00e9placement. D\u00e9couvrez une application de trading mobile pour les strat\u00e9gies complexes. <\/p>\n<p class=\"button_cta_holder\"><a href=\"https:\/\/apps.apple.com\/us\/app\/tradestation-trade-invest\/id581548081\" target=\"_blank\" rel=\"noopener\"><img loading=\"lazy\" decoding=\"async\" class=\"alignnone wp-image-370\" src=\"https:\/\/tseu.web1-webheads.temporarywebsiteaddress.com\/wp-content\/uploads\/button-app-store.png\" alt=\"\" width=\"120\" height=\"40\"><\/a> <a href=\"https:\/\/play.google.com\/store\/apps\/details?id=com.tradestation.MobileTrading&amp;hl=en&amp;pli=1\" target=\"_blank\" rel=\"noopener\"><img loading=\"lazy\" decoding=\"async\" class=\"alignnone wp-image-371\" src=\"https:\/\/tseu.web1-webheads.temporarywebsiteaddress.com\/wp-content\/uploads\/button-google-play.png\" alt=\"\" width=\"137\" height=\"40\"><\/a><\/p>\n","protected":false},"excerpt":{"rendered":"<p>Votre talent de trader ne doit pas \u00eatre confin\u00e9 Ne faites pas de sacrifices lorsque vous \u00eates en d\u00e9placement. D\u00e9couvrez une application de trading mobile pour les strat\u00e9gies complexes.<\/p>\n","protected":false},"author":1,"featured_media":4501,"parent":4446,"menu_order":3,"comment_status":"closed","ping_status":"closed","template":"","meta":{"_acf_changed":false,"footnotes":""},"class_list":["post-4493","page","type-page","status-publish","has-post-thumbnail","hentry"],"acf":[],"yoast_head":"<!-- This site is optimized with the Yoast SEO plugin v27.5 - https:\/\/yoast.com\/product\/yoast-seo-wordpress\/ -->\n<title>Applications mobiles - TradeStation Born to Trade<\/title>\n<meta name=\"robots\" content=\"noindex, follow, max-snippet:-1, max-image-preview:large, max-video-preview:-1\" \/>\n<meta property=\"og:locale\" content=\"fr_FR\" \/>\n<meta property=\"og:type\" content=\"article\" \/>\n<meta property=\"og:title\" content=\"Applications mobiles - TradeStation Born to Trade\" \/>\n<meta property=\"og:description\" content=\"Votre talent de trader ne doit pas \u00eatre confin\u00e9 Ne faites pas de sacrifices lorsque vous \u00eates en d\u00e9placement. D\u00e9couvrez une application de trading mobile pour les strat\u00e9gies complexes.\" \/>\n<meta property=\"og:url\" content=\"https:\/\/tseu.web1-webheads.temporarywebsiteaddress.com\/fr\/plateformes-et-outils\/applications-mobiles\/\" \/>\n<meta property=\"og:site_name\" content=\"TradeStation Born to Trade\" \/>\n<meta property=\"article:modified_time\" content=\"2026-01-24T15:33:57+00:00\" \/>\n<meta property=\"og:image\" content=\"https:\/\/tseu.web1-webheads.temporarywebsiteaddress.com\/wp-content\/uploads\/b3ef335bf3ac6be499710ba74196283ca3f8a4ac.jpg\" \/>\n\t<meta property=\"og:image:width\" content=\"2560\" \/>\n\t<meta property=\"og:image:height\" content=\"594\" \/>\n\t<meta property=\"og:image:type\" content=\"image\/jpeg\" \/>\n<meta name=\"twitter:card\" content=\"summary_large_image\" \/>\n<script type=\"application\/ld+json\" class=\"yoast-schema-graph\">{\"@context\":\"https:\\\/\\\/schema.org\",\"@graph\":[{\"@type\":\"WebPage\",\"@id\":\"https:\\\/\\\/tseu.web1-webheads.temporarywebsiteaddress.com\\\/fr\\\/plateformes-et-outils\\\/applications-mobiles\\\/\",\"url\":\"https:\\\/\\\/tseu.web1-webheads.temporarywebsiteaddress.com\\\/fr\\\/plateformes-et-outils\\\/applications-mobiles\\\/\",\"name\":\"Applications mobiles - TradeStation Born to Trade\",\"isPartOf\":{\"@id\":\"https:\\\/\\\/tseu.web1-webheads.temporarywebsiteaddress.com\\\/fr\\\/#website\"},\"primaryImageOfPage\":{\"@id\":\"https:\\\/\\\/tseu.web1-webheads.temporarywebsiteaddress.com\\\/fr\\\/plateformes-et-outils\\\/applications-mobiles\\\/#primaryimage\"},\"image\":{\"@id\":\"https:\\\/\\\/tseu.web1-webheads.temporarywebsiteaddress.com\\\/fr\\\/plateformes-et-outils\\\/applications-mobiles\\\/#primaryimage\"},\"thumbnailUrl\":\"https:\\\/\\\/tseu.web1-webheads.temporarywebsiteaddress.com\\\/wp-content\\\/uploads\\\/b3ef335bf3ac6be499710ba74196283ca3f8a4ac.jpg\",\"datePublished\":\"2025-08-18T12:11:38+00:00\",\"dateModified\":\"2026-01-24T15:33:57+00:00\",\"breadcrumb\":{\"@id\":\"https:\\\/\\\/tseu.web1-webheads.temporarywebsiteaddress.com\\\/fr\\\/plateformes-et-outils\\\/applications-mobiles\\\/#breadcrumb\"},\"inLanguage\":\"fr-FR\",\"potentialAction\":[{\"@type\":\"ReadAction\",\"target\":[\"https:\\\/\\\/tseu.web1-webheads.temporarywebsiteaddress.com\\\/fr\\\/plateformes-et-outils\\\/applications-mobiles\\\/\"]}]},{\"@type\":\"ImageObject\",\"inLanguage\":\"fr-FR\",\"@id\":\"https:\\\/\\\/tseu.web1-webheads.temporarywebsiteaddress.com\\\/fr\\\/plateformes-et-outils\\\/applications-mobiles\\\/#primaryimage\",\"url\":\"https:\\\/\\\/tseu.web1-webheads.temporarywebsiteaddress.com\\\/wp-content\\\/uploads\\\/b3ef335bf3ac6be499710ba74196283ca3f8a4ac.jpg\",\"contentUrl\":\"https:\\\/\\\/tseu.web1-webheads.temporarywebsiteaddress.com\\\/wp-content\\\/uploads\\\/b3ef335bf3ac6be499710ba74196283ca3f8a4ac.jpg\",\"width\":2560,\"height\":594},{\"@type\":\"BreadcrumbList\",\"@id\":\"https:\\\/\\\/tseu.web1-webheads.temporarywebsiteaddress.com\\\/fr\\\/plateformes-et-outils\\\/applications-mobiles\\\/#breadcrumb\",\"itemListElement\":[{\"@type\":\"ListItem\",\"position\":1,\"name\":\"Accueil\",\"item\":\"https:\\\/\\\/tseu.web1-webheads.temporarywebsiteaddress.com\\\/fr\\\/\"},{\"@type\":\"ListItem\",\"position\":2,\"name\":\"Plateformes et outils\",\"item\":\"https:\\\/\\\/tseu.web1-webheads.temporarywebsiteaddress.com\\\/fr\\\/plateformes-et-outils\\\/\"},{\"@type\":\"ListItem\",\"position\":3,\"name\":\"Applications mobiles\"}]},{\"@type\":\"WebSite\",\"@id\":\"https:\\\/\\\/tseu.web1-webheads.temporarywebsiteaddress.com\\\/fr\\\/#website\",\"url\":\"https:\\\/\\\/tseu.web1-webheads.temporarywebsiteaddress.com\\\/fr\\\/\",\"name\":\"TradeStation Born to Trade\",\"description\":\"\",\"potentialAction\":[{\"@type\":\"SearchAction\",\"target\":{\"@type\":\"EntryPoint\",\"urlTemplate\":\"https:\\\/\\\/tseu.web1-webheads.temporarywebsiteaddress.com\\\/fr\\\/?s={search_term_string}\"},\"query-input\":{\"@type\":\"PropertyValueSpecification\",\"valueRequired\":true,\"valueName\":\"search_term_string\"}}],\"inLanguage\":\"fr-FR\"}]}<\/script>\n<!-- \/ Yoast SEO plugin. -->","yoast_head_json":{"title":"Applications mobiles - TradeStation Born to Trade","robots":{"index":"noindex","follow":"follow","max-snippet":"max-snippet:-1","max-image-preview":"max-image-preview:large","max-video-preview":"max-video-preview:-1"},"og_locale":"fr_FR","og_type":"article","og_title":"Applications mobiles - TradeStation Born to Trade","og_description":"Votre talent de trader ne doit pas \u00eatre confin\u00e9 Ne faites pas de sacrifices lorsque vous \u00eates en d\u00e9placement. D\u00e9couvrez une application de trading mobile pour les strat\u00e9gies complexes.","og_url":"https:\/\/tseu.web1-webheads.temporarywebsiteaddress.com\/fr\/plateformes-et-outils\/applications-mobiles\/","og_site_name":"TradeStation Born to Trade","article_modified_time":"2026-01-24T15:33:57+00:00","og_image":[{"width":2560,"height":594,"url":"https:\/\/tseu.web1-webheads.temporarywebsiteaddress.com\/wp-content\/uploads\/b3ef335bf3ac6be499710ba74196283ca3f8a4ac.jpg","type":"image\/jpeg"}],"twitter_card":"summary_large_image","schema":{"@context":"https:\/\/schema.org","@graph":[{"@type":"WebPage","@id":"https:\/\/tseu.web1-webheads.temporarywebsiteaddress.com\/fr\/plateformes-et-outils\/applications-mobiles\/","url":"https:\/\/tseu.web1-webheads.temporarywebsiteaddress.com\/fr\/plateformes-et-outils\/applications-mobiles\/","name":"Applications mobiles - TradeStation Born to Trade","isPartOf":{"@id":"https:\/\/tseu.web1-webheads.temporarywebsiteaddress.com\/fr\/#website"},"primaryImageOfPage":{"@id":"https:\/\/tseu.web1-webheads.temporarywebsiteaddress.com\/fr\/plateformes-et-outils\/applications-mobiles\/#primaryimage"},"image":{"@id":"https:\/\/tseu.web1-webheads.temporarywebsiteaddress.com\/fr\/plateformes-et-outils\/applications-mobiles\/#primaryimage"},"thumbnailUrl":"https:\/\/tseu.web1-webheads.temporarywebsiteaddress.com\/wp-content\/uploads\/b3ef335bf3ac6be499710ba74196283ca3f8a4ac.jpg","datePublished":"2025-08-18T12:11:38+00:00","dateModified":"2026-01-24T15:33:57+00:00","breadcrumb":{"@id":"https:\/\/tseu.web1-webheads.temporarywebsiteaddress.com\/fr\/plateformes-et-outils\/applications-mobiles\/#breadcrumb"},"inLanguage":"fr-FR","potentialAction":[{"@type":"ReadAction","target":["https:\/\/tseu.web1-webheads.temporarywebsiteaddress.com\/fr\/plateformes-et-outils\/applications-mobiles\/"]}]},{"@type":"ImageObject","inLanguage":"fr-FR","@id":"https:\/\/tseu.web1-webheads.temporarywebsiteaddress.com\/fr\/plateformes-et-outils\/applications-mobiles\/#primaryimage","url":"https:\/\/tseu.web1-webheads.temporarywebsiteaddress.com\/wp-content\/uploads\/b3ef335bf3ac6be499710ba74196283ca3f8a4ac.jpg","contentUrl":"https:\/\/tseu.web1-webheads.temporarywebsiteaddress.com\/wp-content\/uploads\/b3ef335bf3ac6be499710ba74196283ca3f8a4ac.jpg","width":2560,"height":594},{"@type":"BreadcrumbList","@id":"https:\/\/tseu.web1-webheads.temporarywebsiteaddress.com\/fr\/plateformes-et-outils\/applications-mobiles\/#breadcrumb","itemListElement":[{"@type":"ListItem","position":1,"name":"Accueil","item":"https:\/\/tseu.web1-webheads.temporarywebsiteaddress.com\/fr\/"},{"@type":"ListItem","position":2,"name":"Plateformes et outils","item":"https:\/\/tseu.web1-webheads.temporarywebsiteaddress.com\/fr\/plateformes-et-outils\/"},{"@type":"ListItem","position":3,"name":"Applications mobiles"}]},{"@type":"WebSite","@id":"https:\/\/tseu.web1-webheads.temporarywebsiteaddress.com\/fr\/#website","url":"https:\/\/tseu.web1-webheads.temporarywebsiteaddress.com\/fr\/","name":"TradeStation Born to Trade","description":"","potentialAction":[{"@type":"SearchAction","target":{"@type":"EntryPoint","urlTemplate":"https:\/\/tseu.web1-webheads.temporarywebsiteaddress.com\/fr\/?s={search_term_string}"},"query-input":{"@type":"PropertyValueSpecification","valueRequired":true,"valueName":"search_term_string"}}],"inLanguage":"fr-FR"}]}},"_links":{"self":[{"href":"https:\/\/tseu.web1-webheads.temporarywebsiteaddress.com\/fr\/wp-json\/wp\/v2\/pages\/4493","targetHints":{"allow":["GET"]}}],"collection":[{"href":"https:\/\/tseu.web1-webheads.temporarywebsiteaddress.com\/fr\/wp-json\/wp\/v2\/pages"}],"about":[{"href":"https:\/\/tseu.web1-webheads.temporarywebsiteaddress.com\/fr\/wp-json\/wp\/v2\/types\/page"}],"author":[{"embeddable":true,"href":"https:\/\/tseu.web1-webheads.temporarywebsiteaddress.com\/fr\/wp-json\/wp\/v2\/users\/1"}],"replies":[{"embeddable":true,"href":"https:\/\/tseu.web1-webheads.temporarywebsiteaddress.com\/fr\/wp-json\/wp\/v2\/comments?post=4493"}],"version-history":[{"count":1,"href":"https:\/\/tseu.web1-webheads.temporarywebsiteaddress.com\/fr\/wp-json\/wp\/v2\/pages\/4493\/revisions"}],"predecessor-version":[{"id":5118,"href":"https:\/\/tseu.web1-webheads.temporarywebsiteaddress.com\/fr\/wp-json\/wp\/v2\/pages\/4493\/revisions\/5118"}],"up":[{"embeddable":true,"href":"https:\/\/tseu.web1-webheads.temporarywebsiteaddress.com\/fr\/wp-json\/wp\/v2\/pages\/4446"}],"wp:featuredmedia":[{"embeddable":true,"href":"https:\/\/tseu.web1-webheads.temporarywebsiteaddress.com\/fr\/wp-json\/wp\/v2\/media\/4501"}],"wp:attachment":[{"href":"https:\/\/tseu.web1-webheads.temporarywebsiteaddress.com\/fr\/wp-json\/wp\/v2\/media?parent=4493"}],"curies":[{"name":"wp","href":"https:\/\/api.w.org\/{rel}","templated":true}]}}