{"id":4738,"date":"2025-08-22T12:45:36","date_gmt":"2025-08-22T12:45:36","guid":{"rendered":"https:\/\/tseu.web1-webheads.temporarywebsiteaddress.com\/plateformes-et-outils\/negociation-simulee\/"},"modified":"2026-03-03T18:28:02","modified_gmt":"2026-03-03T18:28:02","slug":"negociation-simulee","status":"publish","type":"page","link":"https:\/\/tseu.web1-webheads.temporarywebsiteaddress.com\/fr\/plateformes-et-outils\/negociation-simulee\/","title":{"rendered":"N\u00e9gociation simul\u00e9e"},"content":{"rendered":"<h1><strong>Le simulateur de trading<\/strong> pour ceux qui vivent et respirent les march\u00e9s<\/h1>\n<p>Testez et tracez de nouvelles strat\u00e9gies pour les actions, les options et les contrats \u00e0 terme avec la bo\u00eete \u00e0 outils compl\u00e8te de TradeStation.<\/p>\n<p><a href=\"https:\/\/getstarted2.tradestation.com\/intro\" target=\"_blank\" class=\"button_cta button_cta_white\" rel=\"noopener\">Ouvrir un compte<\/a><\/p>\n","protected":false},"excerpt":{"rendered":"<p>Le simulateur de trading pour ceux qui vivent et respirent les march\u00e9s Testez et tracez de nouvelles strat\u00e9gies pour les actions, les options et les contrats \u00e0 terme avec la bo\u00eete \u00e0 outils compl\u00e8te de TradeStation. Ouvrir un compte<\/p>\n","protected":false},"author":1,"featured_media":4739,"parent":4446,"menu_order":5,"comment_status":"closed","ping_status":"closed","template":"","meta":{"_acf_changed":false,"footnotes":""},"class_list":["post-4738","page","type-page","status-publish","has-post-thumbnail","hentry"],"acf":[],"yoast_head":"<!-- This site is optimized with the Yoast SEO plugin v27.5 - https:\/\/yoast.com\/product\/yoast-seo-wordpress\/ -->\n<title>N\u00e9gociation simul\u00e9e - TradeStation Born to Trade<\/title>\n<meta name=\"robots\" content=\"noindex, follow, max-snippet:-1, max-image-preview:large, max-video-preview:-1\" \/>\n<meta property=\"og:locale\" content=\"fr_FR\" \/>\n<meta property=\"og:type\" content=\"article\" \/>\n<meta property=\"og:title\" content=\"N\u00e9gociation simul\u00e9e - TradeStation Born to Trade\" \/>\n<meta property=\"og:description\" content=\"Le simulateur de trading pour ceux qui vivent et respirent les march\u00e9s Testez et tracez de nouvelles strat\u00e9gies pour les actions, les options et les contrats \u00e0 terme avec la bo\u00eete \u00e0 outils compl\u00e8te de TradeStation. Ouvrir un compte\" \/>\n<meta property=\"og:url\" content=\"https:\/\/tseu.web1-webheads.temporarywebsiteaddress.com\/fr\/plateformes-et-outils\/negociation-simulee\/\" \/>\n<meta property=\"og:site_name\" content=\"TradeStation Born to Trade\" \/>\n<meta property=\"article:modified_time\" content=\"2026-03-03T18:28:02+00:00\" \/>\n<meta property=\"og:image\" content=\"https:\/\/tseu.web1-webheads.temporarywebsiteaddress.com\/wp-content\/uploads\/e0aec6507f56553198b006d71f91811d3a5d3be8.jpg\" \/>\n\t<meta property=\"og:image:width\" content=\"2560\" \/>\n\t<meta property=\"og:image:height\" content=\"594\" \/>\n\t<meta property=\"og:image:type\" content=\"image\/jpeg\" \/>\n<meta name=\"twitter:card\" content=\"summary_large_image\" \/>\n<script type=\"application\/ld+json\" class=\"yoast-schema-graph\">{\"@context\":\"https:\\\/\\\/schema.org\",\"@graph\":[{\"@type\":\"WebPage\",\"@id\":\"https:\\\/\\\/tseu.web1-webheads.temporarywebsiteaddress.com\\\/fr\\\/plateformes-et-outils\\\/negociation-simulee\\\/\",\"url\":\"https:\\\/\\\/tseu.web1-webheads.temporarywebsiteaddress.com\\\/fr\\\/plateformes-et-outils\\\/negociation-simulee\\\/\",\"name\":\"N\u00e9gociation simul\u00e9e - TradeStation Born to Trade\",\"isPartOf\":{\"@id\":\"https:\\\/\\\/tseu.web1-webheads.temporarywebsiteaddress.com\\\/fr\\\/#website\"},\"primaryImageOfPage\":{\"@id\":\"https:\\\/\\\/tseu.web1-webheads.temporarywebsiteaddress.com\\\/fr\\\/plateformes-et-outils\\\/negociation-simulee\\\/#primaryimage\"},\"image\":{\"@id\":\"https:\\\/\\\/tseu.web1-webheads.temporarywebsiteaddress.com\\\/fr\\\/plateformes-et-outils\\\/negociation-simulee\\\/#primaryimage\"},\"thumbnailUrl\":\"https:\\\/\\\/tseu.web1-webheads.temporarywebsiteaddress.com\\\/wp-content\\\/uploads\\\/e0aec6507f56553198b006d71f91811d3a5d3be8.jpg\",\"datePublished\":\"2025-08-22T12:45:36+00:00\",\"dateModified\":\"2026-03-03T18:28:02+00:00\",\"breadcrumb\":{\"@id\":\"https:\\\/\\\/tseu.web1-webheads.temporarywebsiteaddress.com\\\/fr\\\/plateformes-et-outils\\\/negociation-simulee\\\/#breadcrumb\"},\"inLanguage\":\"fr-FR\",\"potentialAction\":[{\"@type\":\"ReadAction\",\"target\":[\"https:\\\/\\\/tseu.web1-webheads.temporarywebsiteaddress.com\\\/fr\\\/plateformes-et-outils\\\/negociation-simulee\\\/\"]}]},{\"@type\":\"ImageObject\",\"inLanguage\":\"fr-FR\",\"@id\":\"https:\\\/\\\/tseu.web1-webheads.temporarywebsiteaddress.com\\\/fr\\\/plateformes-et-outils\\\/negociation-simulee\\\/#primaryimage\",\"url\":\"https:\\\/\\\/tseu.web1-webheads.temporarywebsiteaddress.com\\\/wp-content\\\/uploads\\\/e0aec6507f56553198b006d71f91811d3a5d3be8.jpg\",\"contentUrl\":\"https:\\\/\\\/tseu.web1-webheads.temporarywebsiteaddress.com\\\/wp-content\\\/uploads\\\/e0aec6507f56553198b006d71f91811d3a5d3be8.jpg\",\"width\":2560,\"height\":594},{\"@type\":\"BreadcrumbList\",\"@id\":\"https:\\\/\\\/tseu.web1-webheads.temporarywebsiteaddress.com\\\/fr\\\/plateformes-et-outils\\\/negociation-simulee\\\/#breadcrumb\",\"itemListElement\":[{\"@type\":\"ListItem\",\"position\":1,\"name\":\"Accueil\",\"item\":\"https:\\\/\\\/tseu.web1-webheads.temporarywebsiteaddress.com\\\/fr\\\/\"},{\"@type\":\"ListItem\",\"position\":2,\"name\":\"Plateformes et outils\",\"item\":\"https:\\\/\\\/tseu.web1-webheads.temporarywebsiteaddress.com\\\/fr\\\/plateformes-et-outils\\\/\"},{\"@type\":\"ListItem\",\"position\":3,\"name\":\"N\u00e9gociation simul\u00e9e\"}]},{\"@type\":\"WebSite\",\"@id\":\"https:\\\/\\\/tseu.web1-webheads.temporarywebsiteaddress.com\\\/fr\\\/#website\",\"url\":\"https:\\\/\\\/tseu.web1-webheads.temporarywebsiteaddress.com\\\/fr\\\/\",\"name\":\"TradeStation Born to Trade\",\"description\":\"\",\"potentialAction\":[{\"@type\":\"SearchAction\",\"target\":{\"@type\":\"EntryPoint\",\"urlTemplate\":\"https:\\\/\\\/tseu.web1-webheads.temporarywebsiteaddress.com\\\/fr\\\/?s={search_term_string}\"},\"query-input\":{\"@type\":\"PropertyValueSpecification\",\"valueRequired\":true,\"valueName\":\"search_term_string\"}}],\"inLanguage\":\"fr-FR\"}]}<\/script>\n<!-- \/ Yoast SEO plugin. -->","yoast_head_json":{"title":"N\u00e9gociation simul\u00e9e - TradeStation Born to Trade","robots":{"index":"noindex","follow":"follow","max-snippet":"max-snippet:-1","max-image-preview":"max-image-preview:large","max-video-preview":"max-video-preview:-1"},"og_locale":"fr_FR","og_type":"article","og_title":"N\u00e9gociation simul\u00e9e - TradeStation Born to Trade","og_description":"Le simulateur de trading pour ceux qui vivent et respirent les march\u00e9s Testez et tracez de nouvelles strat\u00e9gies pour les actions, les options et les contrats \u00e0 terme avec la bo\u00eete \u00e0 outils compl\u00e8te de TradeStation. Ouvrir un compte","og_url":"https:\/\/tseu.web1-webheads.temporarywebsiteaddress.com\/fr\/plateformes-et-outils\/negociation-simulee\/","og_site_name":"TradeStation Born to Trade","article_modified_time":"2026-03-03T18:28:02+00:00","og_image":[{"width":2560,"height":594,"url":"https:\/\/tseu.web1-webheads.temporarywebsiteaddress.com\/wp-content\/uploads\/e0aec6507f56553198b006d71f91811d3a5d3be8.jpg","type":"image\/jpeg"}],"twitter_card":"summary_large_image","schema":{"@context":"https:\/\/schema.org","@graph":[{"@type":"WebPage","@id":"https:\/\/tseu.web1-webheads.temporarywebsiteaddress.com\/fr\/plateformes-et-outils\/negociation-simulee\/","url":"https:\/\/tseu.web1-webheads.temporarywebsiteaddress.com\/fr\/plateformes-et-outils\/negociation-simulee\/","name":"N\u00e9gociation simul\u00e9e - TradeStation Born to Trade","isPartOf":{"@id":"https:\/\/tseu.web1-webheads.temporarywebsiteaddress.com\/fr\/#website"},"primaryImageOfPage":{"@id":"https:\/\/tseu.web1-webheads.temporarywebsiteaddress.com\/fr\/plateformes-et-outils\/negociation-simulee\/#primaryimage"},"image":{"@id":"https:\/\/tseu.web1-webheads.temporarywebsiteaddress.com\/fr\/plateformes-et-outils\/negociation-simulee\/#primaryimage"},"thumbnailUrl":"https:\/\/tseu.web1-webheads.temporarywebsiteaddress.com\/wp-content\/uploads\/e0aec6507f56553198b006d71f91811d3a5d3be8.jpg","datePublished":"2025-08-22T12:45:36+00:00","dateModified":"2026-03-03T18:28:02+00:00","breadcrumb":{"@id":"https:\/\/tseu.web1-webheads.temporarywebsiteaddress.com\/fr\/plateformes-et-outils\/negociation-simulee\/#breadcrumb"},"inLanguage":"fr-FR","potentialAction":[{"@type":"ReadAction","target":["https:\/\/tseu.web1-webheads.temporarywebsiteaddress.com\/fr\/plateformes-et-outils\/negociation-simulee\/"]}]},{"@type":"ImageObject","inLanguage":"fr-FR","@id":"https:\/\/tseu.web1-webheads.temporarywebsiteaddress.com\/fr\/plateformes-et-outils\/negociation-simulee\/#primaryimage","url":"https:\/\/tseu.web1-webheads.temporarywebsiteaddress.com\/wp-content\/uploads\/e0aec6507f56553198b006d71f91811d3a5d3be8.jpg","contentUrl":"https:\/\/tseu.web1-webheads.temporarywebsiteaddress.com\/wp-content\/uploads\/e0aec6507f56553198b006d71f91811d3a5d3be8.jpg","width":2560,"height":594},{"@type":"BreadcrumbList","@id":"https:\/\/tseu.web1-webheads.temporarywebsiteaddress.com\/fr\/plateformes-et-outils\/negociation-simulee\/#breadcrumb","itemListElement":[{"@type":"ListItem","position":1,"name":"Accueil","item":"https:\/\/tseu.web1-webheads.temporarywebsiteaddress.com\/fr\/"},{"@type":"ListItem","position":2,"name":"Plateformes et outils","item":"https:\/\/tseu.web1-webheads.temporarywebsiteaddress.com\/fr\/plateformes-et-outils\/"},{"@type":"ListItem","position":3,"name":"N\u00e9gociation simul\u00e9e"}]},{"@type":"WebSite","@id":"https:\/\/tseu.web1-webheads.temporarywebsiteaddress.com\/fr\/#website","url":"https:\/\/tseu.web1-webheads.temporarywebsiteaddress.com\/fr\/","name":"TradeStation Born to Trade","description":"","potentialAction":[{"@type":"SearchAction","target":{"@type":"EntryPoint","urlTemplate":"https:\/\/tseu.web1-webheads.temporarywebsiteaddress.com\/fr\/?s={search_term_string}"},"query-input":{"@type":"PropertyValueSpecification","valueRequired":true,"valueName":"search_term_string"}}],"inLanguage":"fr-FR"}]}},"_links":{"self":[{"href":"https:\/\/tseu.web1-webheads.temporarywebsiteaddress.com\/fr\/wp-json\/wp\/v2\/pages\/4738","targetHints":{"allow":["GET"]}}],"collection":[{"href":"https:\/\/tseu.web1-webheads.temporarywebsiteaddress.com\/fr\/wp-json\/wp\/v2\/pages"}],"about":[{"href":"https:\/\/tseu.web1-webheads.temporarywebsiteaddress.com\/fr\/wp-json\/wp\/v2\/types\/page"}],"author":[{"embeddable":true,"href":"https:\/\/tseu.web1-webheads.temporarywebsiteaddress.com\/fr\/wp-json\/wp\/v2\/users\/1"}],"replies":[{"embeddable":true,"href":"https:\/\/tseu.web1-webheads.temporarywebsiteaddress.com\/fr\/wp-json\/wp\/v2\/comments?post=4738"}],"version-history":[{"count":1,"href":"https:\/\/tseu.web1-webheads.temporarywebsiteaddress.com\/fr\/wp-json\/wp\/v2\/pages\/4738\/revisions"}],"predecessor-version":[{"id":5548,"href":"https:\/\/tseu.web1-webheads.temporarywebsiteaddress.com\/fr\/wp-json\/wp\/v2\/pages\/4738\/revisions\/5548"}],"up":[{"embeddable":true,"href":"https:\/\/tseu.web1-webheads.temporarywebsiteaddress.com\/fr\/wp-json\/wp\/v2\/pages\/4446"}],"wp:featuredmedia":[{"embeddable":true,"href":"https:\/\/tseu.web1-webheads.temporarywebsiteaddress.com\/fr\/wp-json\/wp\/v2\/media\/4739"}],"wp:attachment":[{"href":"https:\/\/tseu.web1-webheads.temporarywebsiteaddress.com\/fr\/wp-json\/wp\/v2\/media?parent=4738"}],"curies":[{"name":"wp","href":"https:\/\/api.w.org\/{rel}","templated":true}]}}